{"id":1225,"date":"2022-07-28T17:08:29","date_gmt":"2022-07-28T17:08:29","guid":{"rendered":"https:\/\/consuladogeral-angola.pt\/?page_id=1225"},"modified":"2022-07-28T17:12:03","modified_gmt":"2022-07-28T17:12:03","slug":"politica-de-privacidade","status":"publish","type":"page","link":"http:\/\/consuladogeral-angola.pt\/en\/politica-de-privacidade\/","title":{"rendered":"Pol\u00edtica de Privacidade"},"content":{"rendered":"<p>Este site do Consulado Geral de Angola em Lisboa adopta pr\u00e1ticas que visam proporcionar ao utilizador o acesso \u00e0s informa\u00e7\u00f5es institucionais com privacidade e credibilidade. Esta p\u00e1gina tem por objectivo apresentar as directivas dessas pr\u00e1ticas.<\/p>\n\n\n\n<p><strong>1. Direito de Autor<\/strong><\/p>\n\n\n\n<p>\u00c9 autorizada a reprodu\u00e7\u00e3o total ou parcial sem fins lucrativos do conte\u00fado deste site, desde que citada a fonte, mantendo-se a integridade das informa\u00e7\u00f5es. O uso das logo marcas do Consulado Geral de Angola, do Governo de Angola e do Minist\u00e9rio das Rela\u00e7\u00f5es Exteriores (MIREX) \u00e9 de uso exclusivo destas entidades, sendo vedada a utiliza\u00e7\u00e3o de qualquer natureza por terceiros.<\/p>\n\n\n\n<p><strong>2. Utiliza\u00e7\u00e3o de links para este site, para o Portal do Governo e para o site do Minist\u00e9rio das Rela\u00e7\u00f5es Exteriores (MIREX) &nbsp;<\/strong><\/p>\n\n\n\n<p>\u00c9 autorizada a inser\u00e7\u00e3o de links dos s\u00edtios do \u201cConsulado Geral de Angola\u201d, \u201cPortal do Governo\u201d e do \u201cMinist\u00e9rio das Rela\u00e7\u00f5es Exteriores (MIREX)\u201d em outros s\u00edtios, levando-se em conta as seguintes observa\u00e7\u00f5es:<\/p>\n\n\n\n<p>2.1 &#8211; o Governo da Rep\u00fablica de Angola n\u00e3o se responsabiliza por altera\u00e7\u00f5es promovidas nos sobreditos links;<\/p>\n\n\n\n<p>2.2 &#8211; n\u00e3o \u00e9 permitido a nenhum dom\u00ednio da web utilizar como sua p\u00e1gina inicial o acesso directo \u00e0 p\u00e1gina inicial dos s\u00edtios do \u201cConsulado Geral de Angola\u201d, \u201cPortal do Governo\u201d e do \u201cMinist\u00e9rio das Rela\u00e7\u00f5es Exteriores (MIREX)\u201d.<\/p>\n\n\n\n<p><strong>3. Links a s\u00edtios que n\u00e3o sejam deste site, do Portal do Governo e site do Minist\u00e9rio das Rela\u00e7\u00f5es Exteriores (MIREX) &nbsp;<\/strong><\/p>\n\n\n\n<p>Os s\u00edtios do \u201cConsulado Geral de Angola\u201d, \u201cPortal do Governo\u201d e do \u201cMinist\u00e9rio das Rela\u00e7\u00f5es Exteriores (MIREX)\u201d, cont\u00eam links para outros s\u00edtios. O Governo da Rep\u00fablica de Angola n\u00e3o se responsabiliza pelas pr\u00e1ticas de privacidade ou pelo conte\u00fado desses outros s\u00edtios.<\/p>\n\n\n\n<p><strong>4. Conte\u00fado do S\u00edtio<\/strong><\/p>\n\n\n\n<p>O Governo da Rep\u00fablica de Angola n\u00e3o se responsabiliza por eventuais erros, imprecis\u00f5es ou omiss\u00f5es nos materiais contidos nos apre\u00e7ados s\u00edtios ou naqueles disponibilizados atrav\u00e9s de links de outros s\u00edtios, e por quaisquer preju\u00edzos resultantes das informa\u00e7\u00f5es apresentadas. Em qualquer momento, o Governo da Rep\u00fablica de Angola se reserva no direito de alterar as informa\u00e7\u00f5es contidas nos s\u00edtios do \u201cConsulado Geral de Angola\u201d, \u201cPortal do Governo\u201d e do \u201cMinist\u00e9rio das Rela\u00e7\u00f5es Exteriores (MIREX)\u201d.<\/p>\n\n\n\n<p><strong>5. Utiliza\u00e7\u00e3o de cookies<\/strong><\/p>\n\n\n\n<p>A utiliza\u00e7\u00e3o de cookies \u00e9 necess\u00e1ria para o processamento de consultas em determinadas bases de dados, evitando a ac\u00e7\u00e3o de mecanismos de pesquisa autom\u00e1ticos. Para que a consulta seja realizada, o navegador do utilizador deve estar habilitado para grava\u00e7\u00e3o de cookies.<\/p>\n\n\n\n<p><strong>6. Actualiza\u00e7\u00e3o da Pol\u00edtica de Seguran\u00e7a e Privacidade<\/strong><\/p>\n\n\n\n<p>O conte\u00fado desta p\u00e1gina poder\u00e1 ser alterado pela equipa gestora do \u201cConsulado Geral de Angola\u201d, do \u201cPortal do Governo\u201d e do \u201cMinist\u00e9rio das Rela\u00e7\u00f5es Exteriores (MIREX)\u201d a qualquer momento em que julgue conveniente. A data da modifica\u00e7\u00e3o ser\u00e1 registada no topo desta p\u00e1gina sob a ep\u00edgrafe &#8220;Actualizado&#8221;.<\/p>","protected":false},"excerpt":{"rendered":"<p>Este site do Consulado Geral de Angola em Lisboa adopta pr\u00e1ticas que visam proporcionar ao utilizador o acesso \u00e0s informa\u00e7\u00f5es institucionais com privacidade e credibilidade. Esta p\u00e1gina tem por objectivo apresentar as directivas dessas pr\u00e1ticas. 1. Direito de Autor \u00c9 autorizada a reprodu\u00e7\u00e3o total ou parcial sem fins lucrativos do conte\u00fado deste site, desde que citada a fonte, mantendo-se a integridade das informa\u00e7\u00f5es. O uso das logo marcas do Consulado Geral de Angola, do Governo de Angola e do Minist\u00e9rio [&hellip;]<\/p>\n","protected":false},"author":1,"featured_media":0,"parent":0,"menu_order":0,"comment_status":"closed","ping_status":"closed","template":"template-parts\/layout-privacy.php","meta":{"_acf_changed":false,"footnotes":""},"class_list":["post-1225","page","type-page","status-publish","hentry"],"acf":[],"yoast_head":"<!-- This site is optimized with the Yoast SEO plugin v27.1.1 - https:\/\/yoast.com\/product\/yoast-seo-wordpress\/ -->\n<title>Pol\u00edtica de Privacidade - Consulado Geral da Rep\u00fablica de Angola em Lisboa<\/title>\n<meta name=\"robots\" content=\"index, follow, max-snippet:-1, max-image-preview:large, max-video-preview:-1\" \/>\n<link rel=\"canonical\" href=\"https:\/\/consuladogeral-angola.pt\/en\/politica-de-privacidade\/\" \/>\n<meta property=\"og:locale\" content=\"en_GB\" \/>\n<meta property=\"og:type\" content=\"article\" \/>\n<meta property=\"og:title\" content=\"Pol\u00edtica de Privacidade - Consulado Geral da Rep\u00fablica de Angola em Lisboa\" \/>\n<meta property=\"og:description\" content=\"Este site do Consulado Geral de Angola em Lisboa adopta pr\u00e1ticas que visam proporcionar ao utilizador o acesso \u00e0s informa\u00e7\u00f5es institucionais com privacidade e credibilidade. Esta p\u00e1gina tem por objectivo apresentar as directivas dessas pr\u00e1ticas. 1. Direito de Autor \u00c9 autorizada a reprodu\u00e7\u00e3o total ou parcial sem fins lucrativos do conte\u00fado deste site, desde que citada a fonte, mantendo-se a integridade das informa\u00e7\u00f5es. O uso das logo marcas do Consulado Geral de Angola, do Governo de Angola e do Minist\u00e9rio [&hellip;]\" \/>\n<meta property=\"og:url\" content=\"https:\/\/consuladogeral-angola.pt\/en\/politica-de-privacidade\/\" \/>\n<meta property=\"og:site_name\" content=\"Consulado Geral da Rep\u00fablica de Angola em Lisboa\" \/>\n<meta property=\"article:modified_time\" content=\"2022-07-28T17:12:03+00:00\" \/>\n<meta name=\"twitter:card\" content=\"summary_large_image\" \/>\n<meta name=\"twitter:label1\" content=\"Estimated reading time\" \/>\n\t<meta name=\"twitter:data1\" content=\"3 minutes\" \/>\n<script type=\"application\/ld+json\" class=\"yoast-schema-graph\">{\"@context\":\"https:\/\/schema.org\",\"@graph\":[{\"@type\":\"WebPage\",\"@id\":\"https:\/\/consuladogeral-angola.pt\/politica-de-privacidade\/\",\"url\":\"https:\/\/consuladogeral-angola.pt\/politica-de-privacidade\/\",\"name\":\"Pol\u00edtica de Privacidade - Consulado Geral da Rep\u00fablica de Angola em Lisboa\",\"isPartOf\":{\"@id\":\"https:\/\/consuladogeral-angola.pt\/#website\"},\"datePublished\":\"2022-07-28T17:08:29+00:00\",\"dateModified\":\"2022-07-28T17:12:03+00:00\",\"breadcrumb\":{\"@id\":\"https:\/\/consuladogeral-angola.pt\/politica-de-privacidade\/#breadcrumb\"},\"inLanguage\":\"en-GB\",\"potentialAction\":[{\"@type\":\"ReadAction\",\"target\":[\"https:\/\/consuladogeral-angola.pt\/politica-de-privacidade\/\"]}]},{\"@type\":\"BreadcrumbList\",\"@id\":\"https:\/\/consuladogeral-angola.pt\/politica-de-privacidade\/#breadcrumb\",\"itemListElement\":[{\"@type\":\"ListItem\",\"position\":1,\"name\":\"Home\",\"item\":\"https:\/\/consuladogeral-angola.pt\/\"},{\"@type\":\"ListItem\",\"position\":2,\"name\":\"Pol\u00edtica de Privacidade\"}]},{\"@type\":\"WebSite\",\"@id\":\"https:\/\/consuladogeral-angola.pt\/#website\",\"url\":\"https:\/\/consuladogeral-angola.pt\/\",\"name\":\"Consulado Geral da Rep\u00fablica de Angola em Lisboa\",\"description\":\"\",\"potentialAction\":[{\"@type\":\"SearchAction\",\"target\":{\"@type\":\"EntryPoint\",\"urlTemplate\":\"https:\/\/consuladogeral-angola.pt\/?s={search_term_string}\"},\"query-input\":{\"@type\":\"PropertyValueSpecification\",\"valueRequired\":true,\"valueName\":\"search_term_string\"}}],\"inLanguage\":\"en-GB\"}]}<\/script>\n<!-- \/ Yoast SEO plugin. -->","yoast_head_json":{"title":"Pol\u00edtica de Privacidade - Consulado Geral da Rep\u00fablica de Angola em Lisboa","robots":{"index":"index","follow":"follow","max-snippet":"max-snippet:-1","max-image-preview":"max-image-preview:large","max-video-preview":"max-video-preview:-1"},"canonical":"https:\/\/consuladogeral-angola.pt\/en\/politica-de-privacidade\/","og_locale":"en_GB","og_type":"article","og_title":"Pol\u00edtica de Privacidade - Consulado Geral da Rep\u00fablica de Angola em Lisboa","og_description":"Este site do Consulado Geral de Angola em Lisboa adopta pr\u00e1ticas que visam proporcionar ao utilizador o acesso \u00e0s informa\u00e7\u00f5es institucionais com privacidade e credibilidade. Esta p\u00e1gina tem por objectivo apresentar as directivas dessas pr\u00e1ticas. 1. Direito de Autor \u00c9 autorizada a reprodu\u00e7\u00e3o total ou parcial sem fins lucrativos do conte\u00fado deste site, desde que citada a fonte, mantendo-se a integridade das informa\u00e7\u00f5es. O uso das logo marcas do Consulado Geral de Angola, do Governo de Angola e do Minist\u00e9rio [&hellip;]","og_url":"https:\/\/consuladogeral-angola.pt\/en\/politica-de-privacidade\/","og_site_name":"Consulado Geral da Rep\u00fablica de Angola em Lisboa","article_modified_time":"2022-07-28T17:12:03+00:00","twitter_card":"summary_large_image","twitter_misc":{"Estimated reading time":"3 minutes"},"schema":{"@context":"https:\/\/schema.org","@graph":[{"@type":"WebPage","@id":"https:\/\/consuladogeral-angola.pt\/politica-de-privacidade\/","url":"https:\/\/consuladogeral-angola.pt\/politica-de-privacidade\/","name":"Pol\u00edtica de Privacidade - Consulado Geral da Rep\u00fablica de Angola em Lisboa","isPartOf":{"@id":"https:\/\/consuladogeral-angola.pt\/#website"},"datePublished":"2022-07-28T17:08:29+00:00","dateModified":"2022-07-28T17:12:03+00:00","breadcrumb":{"@id":"https:\/\/consuladogeral-angola.pt\/politica-de-privacidade\/#breadcrumb"},"inLanguage":"en-GB","potentialAction":[{"@type":"ReadAction","target":["https:\/\/consuladogeral-angola.pt\/politica-de-privacidade\/"]}]},{"@type":"BreadcrumbList","@id":"https:\/\/consuladogeral-angola.pt\/politica-de-privacidade\/#breadcrumb","itemListElement":[{"@type":"ListItem","position":1,"name":"Home","item":"https:\/\/consuladogeral-angola.pt\/"},{"@type":"ListItem","position":2,"name":"Pol\u00edtica de Privacidade"}]},{"@type":"WebSite","@id":"https:\/\/consuladogeral-angola.pt\/#website","url":"https:\/\/consuladogeral-angola.pt\/","name":"Consulate General of the Republic of Angola in Lisbon","description":"","potentialAction":[{"@type":"SearchAction","target":{"@type":"EntryPoint","urlTemplate":"https:\/\/consuladogeral-angola.pt\/?s={search_term_string}"},"query-input":{"@type":"PropertyValueSpecification","valueRequired":true,"valueName":"search_term_string"}}],"inLanguage":"en-GB"}]}},"_links":{"self":[{"href":"http:\/\/consuladogeral-angola.pt\/en\/wp-json\/wp\/v2\/pages\/1225","targetHints":{"allow":["GET"]}}],"collection":[{"href":"http:\/\/consuladogeral-angola.pt\/en\/wp-json\/wp\/v2\/pages"}],"about":[{"href":"http:\/\/consuladogeral-angola.pt\/en\/wp-json\/wp\/v2\/types\/page"}],"author":[{"embeddable":true,"href":"http:\/\/consuladogeral-angola.pt\/en\/wp-json\/wp\/v2\/users\/1"}],"replies":[{"embeddable":true,"href":"http:\/\/consuladogeral-angola.pt\/en\/wp-json\/wp\/v2\/comments?post=1225"}],"version-history":[{"count":2,"href":"http:\/\/consuladogeral-angola.pt\/en\/wp-json\/wp\/v2\/pages\/1225\/revisions"}],"predecessor-version":[{"id":1227,"href":"http:\/\/consuladogeral-angola.pt\/en\/wp-json\/wp\/v2\/pages\/1225\/revisions\/1227"}],"wp:attachment":[{"href":"http:\/\/consuladogeral-angola.pt\/en\/wp-json\/wp\/v2\/media?parent=1225"}],"curies":[{"name":"wp","href":"https:\/\/api.w.org\/{rel}","templated":true}]}}