{"id":17,"date":"2022-06-07T11:32:31","date_gmt":"2022-06-07T11:32:31","guid":{"rendered":"https:\/\/consuladogeral-angola.pt\/?page_id=17"},"modified":"2022-09-15T10:30:47","modified_gmt":"2022-09-15T10:30:47","slug":"servicos","status":"publish","type":"page","link":"https:\/\/consuladogeral-angola.pt\/en\/servicos\/","title":{"rendered":"Services"},"content":{"rendered":"<div class=\"services-page\">\n<p>Actuamos nas \u00e1reas dos registos, do notariado, da identifica\u00e7\u00e3o civil e da migra\u00e7\u00e3o.<\/p>\n<p>Fique a conhecer todos os servi\u00e7os prestados pelo Consulado Geral de Angola em Lisboa.<\/p>\n<br>\n<div>\n<div>\n<span class=\"title\">Identification<\/span>\n<a href=\"https:\/\/consuladogeral-angola.pt\/en\/servicos\/bilhete-de-identidade\/\">Identity Card<\/a>\n<a href=\"https:\/\/consuladogeral-angola.pt\/en\/servicos\/registo-criminal\/\">Criminal Record<\/a>\n<\/div>\n<div>\n<span class=\"title\">Migration<\/span>\n<a href=\"https:\/\/consuladogeral-angola.pt\/en\/servicos\/passaporte\/\">Passport<\/a>\n<a href=\"https:\/\/consuladogeral-angola.pt\/en\/servicos\/visto\/\">Visas<\/a>\n<a href=\"https:\/\/consuladogeral-angola.pt\/en\/servicos\/emissao-de-declaracoes-diversas\/declaracao-para-o-sef-e-para-o-sme\/\">Declaration to SEF\/SME<\/a>\n<a href=\"https:\/\/consuladogeral-angola.pt\/en\/servicos\/salvo-conduto\/\">Laissez-passer<\/a>\n<\/div>\n<\/div>\n\n<div>\n<div>\n<span class=\"title\">Records<\/span>\n<a href=\"https:\/\/consuladogeral-angola.pt\/en\/servicos\/inscricao-consular\/\">Consular Registration<\/a>\n<a href=\"https:\/\/consuladogeral-angola.pt\/en\/servicos\/nascimento\/\">Birth<\/a>\n<a href=\"https:\/\/consuladogeral-angola.pt\/en\/servicos\/registo-de-perfilhacao\/\">Profiling<\/a>\n<a href=\"https:\/\/consuladogeral-angola.pt\/en\/servicos\/casamento\/certificado-de-capacidade-matrimonial\/\">Matrimonial capacity certificate<\/a>\n<a href=\"https:\/\/consuladogeral-angola.pt\/en\/servicos\/casamento\/\">Marriage<\/a>\n<a href=\"https:\/\/consuladogeral-angola.pt\/en\/servicos\/reconhecimento-da-uniao-de-facto\/\">Union in Fact<\/a>\n<a href=\"https:\/\/consuladogeral-angola.pt\/en\/servicos\/registo-de-obito-por-transcricao\/\">Death<\/a>\n<a href=\"https:\/\/consuladogeral-angola.pt\/en\/servicos\/emissao-de-declaracoes-diversas\/prova-da-nacionalidade\/\">Declara\u00e7\u00e3o de confirma\u00e7\u00e3o de nacionalidade<\/a>\n\n<a href=\"https:\/\/consuladogeral-angola.pt\/en\/servicos\/registo-provisorio-de-navios\/\">Ships<\/a>\n<\/div>\n<div>\n<span class=\"title\">Notary<\/span>\n<a href=\"https:\/\/consuladogeral-angola.pt\/en\/servicos\/procuracoes\/\">Powers of Attorney<\/a>\n<a href=\"https:\/\/consuladogeral-angola.pt\/en\/servicos\/subestabelecimento\/\">Sub-establishments<\/a>\n<a href=\"https:\/\/consuladogeral-angola.pt\/en\/servicos\/autenticacao-de-documentos\/\">Authentication of Documents<\/a>\n<a href=\"https:\/\/consuladogeral-angola.pt\/en\/servicos\/reconhecimento-de-assinaturas\/\">Recognition of Signatures<\/a>\n<a href=\"https:\/\/consuladogeral-angola.pt\/en\/servicos\/recenseamento-militar\/\">Military Census<\/a>\n<a href=\"https:\/\/consuladogeral-angola.pt\/en\/servicos\/emissao-de-declaracoes-diversas\/declaracao-de-autenticidade-da-carta-de-conducao\/\">Driving licence<\/a>\n<a href=\"https:\/\/consuladogeral-angola.pt\/en\/servicos\/emissao-de-declaracoes-diversas\/\">Statements<\/a>\n<\/div>\n<\/div>\n\n<\/div>","protected":false},"excerpt":{"rendered":"<p>Actuamos nas \u00e1reas dos registos, do notariado, da identifica\u00e7\u00e3o civil e da migra\u00e7\u00e3o. Fique a conhecer todos os servi\u00e7os prestados pelo Consulado Geral de Angola em Lisboa. Identifica\u00e7\u00e3o Bilhete de Identidade Registo Criminal Migra\u00e7\u00e3o Passaporte Vistos Declara\u00e7\u00e3o para o SEF\/SME Salvo-conduto Registos Inscri\u00e7\u00e3o Consular Nascimento Perfilha\u00e7\u00e3o Certificado de capacidade matrimonial Casamento Uni\u00e3o de Facto \u00d3bito Declara\u00e7\u00e3o de confirma\u00e7\u00e3o de nacionalidade Navios Notariado Procura\u00e7\u00f5es Subestabelecimentos Autentica\u00e7\u00e3o de Documentos Reconhecimento de Assinaturas Recenseamento Militar Carta de Condu\u00e7\u00e3o Declara\u00e7\u00f5es<\/p>","protected":false},"author":1,"featured_media":0,"parent":0,"menu_order":0,"comment_status":"closed","ping_status":"closed","template":"template-parts\/layout-contacts.php","meta":{"_acf_changed":false,"footnotes":""},"class_list":["post-17","page","type-page","status-publish","hentry"],"acf":[],"yoast_head":"<!-- This site is optimized with the Yoast SEO plugin v27.1.1 - https:\/\/yoast.com\/product\/yoast-seo-wordpress\/ -->\n<title>Servi\u00e7os - Consulado Geral da Rep\u00fablica de Angola em Lisboa<\/title>\n<meta name=\"robots\" content=\"index, follow, max-snippet:-1, max-image-preview:large, max-video-preview:-1\" \/>\n<link rel=\"canonical\" href=\"https:\/\/consuladogeral-angola.pt\/en\/servicos\/\" \/>\n<meta property=\"og:locale\" content=\"en_GB\" \/>\n<meta property=\"og:type\" content=\"article\" \/>\n<meta property=\"og:title\" content=\"Servi\u00e7os - Consulado Geral da Rep\u00fablica de Angola em Lisboa\" \/>\n<meta property=\"og:description\" content=\"Actuamos nas \u00e1reas dos registos, do notariado, da identifica\u00e7\u00e3o civil e da migra\u00e7\u00e3o. Fique a conhecer todos os servi\u00e7os prestados pelo Consulado Geral de Angola em Lisboa. Identifica\u00e7\u00e3o Bilhete de Identidade Registo Criminal Migra\u00e7\u00e3o Passaporte Vistos Declara\u00e7\u00e3o para o SEF\/SME Salvo-conduto Registos Inscri\u00e7\u00e3o Consular Nascimento Perfilha\u00e7\u00e3o Certificado de capacidade matrimonial Casamento Uni\u00e3o de Facto \u00d3bito Declara\u00e7\u00e3o de confirma\u00e7\u00e3o de nacionalidade Navios Notariado Procura\u00e7\u00f5es Subestabelecimentos Autentica\u00e7\u00e3o de Documentos Reconhecimento de Assinaturas Recenseamento Militar Carta de Condu\u00e7\u00e3o Declara\u00e7\u00f5es\" \/>\n<meta property=\"og:url\" content=\"https:\/\/consuladogeral-angola.pt\/en\/servicos\/\" \/>\n<meta property=\"og:site_name\" content=\"Consulado Geral da Rep\u00fablica de Angola em Lisboa\" \/>\n<meta property=\"article:modified_time\" content=\"2022-09-15T10:30:47+00:00\" \/>\n<meta name=\"twitter:card\" content=\"summary_large_image\" \/>\n<script type=\"application\/ld+json\" class=\"yoast-schema-graph\">{\"@context\":\"https:\/\/schema.org\",\"@graph\":[{\"@type\":\"WebPage\",\"@id\":\"https:\/\/consuladogeral-angola.pt\/servicos\/\",\"url\":\"https:\/\/consuladogeral-angola.pt\/servicos\/\",\"name\":\"Servi\u00e7os - Consulado Geral da Rep\u00fablica de Angola em Lisboa\",\"isPartOf\":{\"@id\":\"https:\/\/consuladogeral-angola.pt\/#website\"},\"datePublished\":\"2022-06-07T11:32:31+00:00\",\"dateModified\":\"2022-09-15T10:30:47+00:00\",\"breadcrumb\":{\"@id\":\"https:\/\/consuladogeral-angola.pt\/servicos\/#breadcrumb\"},\"inLanguage\":\"en-GB\",\"potentialAction\":[{\"@type\":\"ReadAction\",\"target\":[\"https:\/\/consuladogeral-angola.pt\/servicos\/\"]}]},{\"@type\":\"BreadcrumbList\",\"@id\":\"https:\/\/consuladogeral-angola.pt\/servicos\/#breadcrumb\",\"itemListElement\":[{\"@type\":\"ListItem\",\"position\":1,\"name\":\"Home\",\"item\":\"https:\/\/consuladogeral-angola.pt\/\"},{\"@type\":\"ListItem\",\"position\":2,\"name\":\"Servi\u00e7os\"}]},{\"@type\":\"WebSite\",\"@id\":\"https:\/\/consuladogeral-angola.pt\/#website\",\"url\":\"https:\/\/consuladogeral-angola.pt\/\",\"name\":\"Consulado Geral da Rep\u00fablica de Angola em Lisboa\",\"description\":\"\",\"potentialAction\":[{\"@type\":\"SearchAction\",\"target\":{\"@type\":\"EntryPoint\",\"urlTemplate\":\"https:\/\/consuladogeral-angola.pt\/?s={search_term_string}\"},\"query-input\":{\"@type\":\"PropertyValueSpecification\",\"valueRequired\":true,\"valueName\":\"search_term_string\"}}],\"inLanguage\":\"en-GB\"}]}<\/script>\n<!-- \/ Yoast SEO plugin. -->","yoast_head_json":{"title":"Servi\u00e7os - Consulado Geral da Rep\u00fablica de Angola em Lisboa","robots":{"index":"index","follow":"follow","max-snippet":"max-snippet:-1","max-image-preview":"max-image-preview:large","max-video-preview":"max-video-preview:-1"},"canonical":"https:\/\/consuladogeral-angola.pt\/en\/servicos\/","og_locale":"en_GB","og_type":"article","og_title":"Servi\u00e7os - Consulado Geral da Rep\u00fablica de Angola em Lisboa","og_description":"Actuamos nas \u00e1reas dos registos, do notariado, da identifica\u00e7\u00e3o civil e da migra\u00e7\u00e3o. Fique a conhecer todos os servi\u00e7os prestados pelo Consulado Geral de Angola em Lisboa. Identifica\u00e7\u00e3o Bilhete de Identidade Registo Criminal Migra\u00e7\u00e3o Passaporte Vistos Declara\u00e7\u00e3o para o SEF\/SME Salvo-conduto Registos Inscri\u00e7\u00e3o Consular Nascimento Perfilha\u00e7\u00e3o Certificado de capacidade matrimonial Casamento Uni\u00e3o de Facto \u00d3bito Declara\u00e7\u00e3o de confirma\u00e7\u00e3o de nacionalidade Navios Notariado Procura\u00e7\u00f5es Subestabelecimentos Autentica\u00e7\u00e3o de Documentos Reconhecimento de Assinaturas Recenseamento Militar Carta de Condu\u00e7\u00e3o Declara\u00e7\u00f5es","og_url":"https:\/\/consuladogeral-angola.pt\/en\/servicos\/","og_site_name":"Consulado Geral da Rep\u00fablica de Angola em Lisboa","article_modified_time":"2022-09-15T10:30:47+00:00","twitter_card":"summary_large_image","schema":{"@context":"https:\/\/schema.org","@graph":[{"@type":"WebPage","@id":"https:\/\/consuladogeral-angola.pt\/servicos\/","url":"https:\/\/consuladogeral-angola.pt\/servicos\/","name":"Servi\u00e7os - Consulado Geral da Rep\u00fablica de Angola em Lisboa","isPartOf":{"@id":"https:\/\/consuladogeral-angola.pt\/#website"},"datePublished":"2022-06-07T11:32:31+00:00","dateModified":"2022-09-15T10:30:47+00:00","breadcrumb":{"@id":"https:\/\/consuladogeral-angola.pt\/servicos\/#breadcrumb"},"inLanguage":"en-GB","potentialAction":[{"@type":"ReadAction","target":["https:\/\/consuladogeral-angola.pt\/servicos\/"]}]},{"@type":"BreadcrumbList","@id":"https:\/\/consuladogeral-angola.pt\/servicos\/#breadcrumb","itemListElement":[{"@type":"ListItem","position":1,"name":"Home","item":"https:\/\/consuladogeral-angola.pt\/"},{"@type":"ListItem","position":2,"name":"Servi\u00e7os"}]},{"@type":"WebSite","@id":"https:\/\/consuladogeral-angola.pt\/#website","url":"https:\/\/consuladogeral-angola.pt\/","name":"Consulate General of the Republic of Angola in Lisbon","description":"","potentialAction":[{"@type":"SearchAction","target":{"@type":"EntryPoint","urlTemplate":"https:\/\/consuladogeral-angola.pt\/?s={search_term_string}"},"query-input":{"@type":"PropertyValueSpecification","valueRequired":true,"valueName":"search_term_string"}}],"inLanguage":"en-GB"}]}},"_links":{"self":[{"href":"https:\/\/consuladogeral-angola.pt\/en\/wp-json\/wp\/v2\/pages\/17","targetHints":{"allow":["GET"]}}],"collection":[{"href":"https:\/\/consuladogeral-angola.pt\/en\/wp-json\/wp\/v2\/pages"}],"about":[{"href":"https:\/\/consuladogeral-angola.pt\/en\/wp-json\/wp\/v2\/types\/page"}],"author":[{"embeddable":true,"href":"https:\/\/consuladogeral-angola.pt\/en\/wp-json\/wp\/v2\/users\/1"}],"replies":[{"embeddable":true,"href":"https:\/\/consuladogeral-angola.pt\/en\/wp-json\/wp\/v2\/comments?post=17"}],"version-history":[{"count":17,"href":"https:\/\/consuladogeral-angola.pt\/en\/wp-json\/wp\/v2\/pages\/17\/revisions"}],"predecessor-version":[{"id":2025,"href":"https:\/\/consuladogeral-angola.pt\/en\/wp-json\/wp\/v2\/pages\/17\/revisions\/2025"}],"wp:attachment":[{"href":"https:\/\/consuladogeral-angola.pt\/en\/wp-json\/wp\/v2\/media?parent=17"}],"curies":[{"name":"wp","href":"https:\/\/api.w.org\/{rel}","templated":true}]}}