{"id":2037,"date":"2022-09-15T14:40:52","date_gmt":"2022-09-15T14:40:52","guid":{"rendered":"https:\/\/consuladogeral-angola.pt\/?page_id=2037"},"modified":"2022-11-09T12:05:05","modified_gmt":"2022-11-09T12:05:05","slug":"novo-site-video-introdutorio","status":"publish","type":"page","link":"https:\/\/consuladogeral-angola.pt\/en\/novo-site-video-introdutorio\/","title":{"rendered":"Novo Site &#8211; V\u00eddeo Introdut\u00f3rio"},"content":{"rendered":"<h2 class=\"wp-block-heading\"><strong>Este v\u00eddeo demonstra a navegabilidade do novo site do Consulado.<\/strong><\/h2>\n\n\n\n<figure class=\"wp-block-video\"><video height=\"912\" style=\"aspect-ratio: 1920 \/ 912;\" width=\"1920\" autoplay controls src=\"https:\/\/consuladogeral-angola.pt\/wp-content\/uploads\/2022\/10\/Intro-ao-Site.mp4\"><\/video><\/figure>\n\n\n\n<p>Clique em cima do bot\u00e3o \u201cplay\u201d e veja qu\u00e3o f\u00e1cil \u00e9 navegar no novo site.<\/p>\n\n\n\n<p>Encontrar\u00e1 neste v\u00eddeo a demonstra\u00e7\u00e3o de como aceder ao site atrav\u00e9s do motor de busca, por exemplo atrav\u00e9s do Google, passando pela homepage, selec\u00e7\u00e3o do servi\u00e7o Bilhete de Identidade 1.\u00aa vez, que d\u00e1 acesso ao conjunto de conte\u00fados explicativos deste servi\u00e7o, at\u00e9 ao seu agendamento, para que possa deslocar-se ao Consulado e ser atendido sem filas de espera.<\/p>\n\n\n\n<p>O novo site est\u00e1 recheado de conte\u00fados \u00fateis, redigidos de forma simples, com uma estrutura de informa\u00e7\u00e3o harm\u00f3nica, incorporando 50 diferentes servi\u00e7os prestados pelo Consulado, explicados de forma a minimizar d\u00favidas.<\/p>\n\n\n\n<p>Nele encontra de forma f\u00e1cil, entre outra informa\u00e7\u00e3o, o hor\u00e1rio de atendimento do Consulado e os comunicados para que fique a conhecer em 1.\u00aa m\u00e3o as nossas novidades.<\/p>\n\n\n\n<p>Este site foi desenhado a pensar em cada um de v\u00f3s.<\/p>\n\n\n\n<p>Convidamos cada um e v\u00f3s a conhec\u00ea-lo.<\/p>","protected":false},"excerpt":{"rendered":"<p>Este v\u00eddeo demonstra a navegabilidade do novo site do Consulado. Clique em cima do bot\u00e3o \u201cplay\u201d e veja qu\u00e3o f\u00e1cil \u00e9 navegar no novo site. Encontrar\u00e1 neste v\u00eddeo a demonstra\u00e7\u00e3o de como aceder ao site atrav\u00e9s do motor de busca, por exemplo atrav\u00e9s do Google, passando pela homepage, selec\u00e7\u00e3o do servi\u00e7o Bilhete de Identidade 1.\u00aa vez, que d\u00e1 acesso ao conjunto de conte\u00fados explicativos deste servi\u00e7o, at\u00e9 ao seu agendamento, para que possa deslocar-se ao Consulado e ser atendido sem [&hellip;]<\/p>\n","protected":false},"author":1,"featured_media":0,"parent":0,"menu_order":0,"comment_status":"closed","ping_status":"closed","template":"template-parts\/layout-privacy.php","meta":{"_acf_changed":false,"footnotes":""},"class_list":["post-2037","page","type-page","status-publish","hentry"],"acf":[],"yoast_head":"<!-- This site is optimized with the Yoast SEO plugin v27.4 - https:\/\/yoast.com\/product\/yoast-seo-wordpress\/ -->\n<title>Novo Site - V\u00eddeo Introdut\u00f3rio - Consulado Geral da Rep\u00fablica de Angola em Lisboa<\/title>\n<meta name=\"robots\" content=\"index, follow, max-snippet:-1, max-image-preview:large, max-video-preview:-1\" \/>\n<link rel=\"canonical\" href=\"https:\/\/consuladogeral-angola.pt\/en\/novo-site-video-introdutorio\/\" \/>\n<meta property=\"og:locale\" content=\"en_GB\" \/>\n<meta property=\"og:type\" content=\"article\" \/>\n<meta property=\"og:title\" content=\"Novo Site - V\u00eddeo Introdut\u00f3rio - Consulado Geral da Rep\u00fablica de Angola em Lisboa\" \/>\n<meta property=\"og:description\" content=\"Este v\u00eddeo demonstra a navegabilidade do novo site do Consulado. Clique em cima do bot\u00e3o \u201cplay\u201d e veja qu\u00e3o f\u00e1cil \u00e9 navegar no novo site. Encontrar\u00e1 neste v\u00eddeo a demonstra\u00e7\u00e3o de como aceder ao site atrav\u00e9s do motor de busca, por exemplo atrav\u00e9s do Google, passando pela homepage, selec\u00e7\u00e3o do servi\u00e7o Bilhete de Identidade 1.\u00aa vez, que d\u00e1 acesso ao conjunto de conte\u00fados explicativos deste servi\u00e7o, at\u00e9 ao seu agendamento, para que possa deslocar-se ao Consulado e ser atendido sem [&hellip;]\" \/>\n<meta property=\"og:url\" content=\"https:\/\/consuladogeral-angola.pt\/en\/novo-site-video-introdutorio\/\" \/>\n<meta property=\"og:site_name\" content=\"Consulado Geral da Rep\u00fablica de Angola em Lisboa\" \/>\n<meta property=\"article:modified_time\" content=\"2022-11-09T12:05:05+00:00\" \/>\n<meta name=\"twitter:card\" content=\"summary_large_image\" \/>\n<meta name=\"twitter:label1\" content=\"Estimated reading time\" \/>\n\t<meta name=\"twitter:data1\" content=\"1 minute\" \/>\n<script type=\"application\/ld+json\" class=\"yoast-schema-graph\">{\"@context\":\"https:\\\/\\\/schema.org\",\"@graph\":[{\"@type\":\"WebPage\",\"@id\":\"https:\\\/\\\/consuladogeral-angola.pt\\\/novo-site-video-introdutorio\\\/\",\"url\":\"https:\\\/\\\/consuladogeral-angola.pt\\\/novo-site-video-introdutorio\\\/\",\"name\":\"Novo Site - V\u00eddeo Introdut\u00f3rio - Consulado Geral da Rep\u00fablica de Angola em Lisboa\",\"isPartOf\":{\"@id\":\"https:\\\/\\\/consuladogeral-angola.pt\\\/#website\"},\"datePublished\":\"2022-09-15T14:40:52+00:00\",\"dateModified\":\"2022-11-09T12:05:05+00:00\",\"breadcrumb\":{\"@id\":\"https:\\\/\\\/consuladogeral-angola.pt\\\/novo-site-video-introdutorio\\\/#breadcrumb\"},\"inLanguage\":\"en-GB\",\"potentialAction\":[{\"@type\":\"ReadAction\",\"target\":[\"https:\\\/\\\/consuladogeral-angola.pt\\\/novo-site-video-introdutorio\\\/\"]}]},{\"@type\":\"BreadcrumbList\",\"@id\":\"https:\\\/\\\/consuladogeral-angola.pt\\\/novo-site-video-introdutorio\\\/#breadcrumb\",\"itemListElement\":[{\"@type\":\"ListItem\",\"position\":1,\"name\":\"Home\",\"item\":\"https:\\\/\\\/consuladogeral-angola.pt\\\/\"},{\"@type\":\"ListItem\",\"position\":2,\"name\":\"Novo Site &#8211; V\u00eddeo Introdut\u00f3rio\"}]},{\"@type\":\"WebSite\",\"@id\":\"https:\\\/\\\/consuladogeral-angola.pt\\\/#website\",\"url\":\"https:\\\/\\\/consuladogeral-angola.pt\\\/\",\"name\":\"Consulado Geral da Rep\u00fablica de Angola em Lisboa\",\"description\":\"\",\"potentialAction\":[{\"@type\":\"SearchAction\",\"target\":{\"@type\":\"EntryPoint\",\"urlTemplate\":\"https:\\\/\\\/consuladogeral-angola.pt\\\/?s={search_term_string}\"},\"query-input\":{\"@type\":\"PropertyValueSpecification\",\"valueRequired\":true,\"valueName\":\"search_term_string\"}}],\"inLanguage\":\"en-GB\"}]}<\/script>\n<!-- \/ Yoast SEO plugin. -->","yoast_head_json":{"title":"Novo Site - V\u00eddeo Introdut\u00f3rio - Consulado Geral da Rep\u00fablica de Angola em Lisboa","robots":{"index":"index","follow":"follow","max-snippet":"max-snippet:-1","max-image-preview":"max-image-preview:large","max-video-preview":"max-video-preview:-1"},"canonical":"https:\/\/consuladogeral-angola.pt\/en\/novo-site-video-introdutorio\/","og_locale":"en_GB","og_type":"article","og_title":"Novo Site - V\u00eddeo Introdut\u00f3rio - Consulado Geral da Rep\u00fablica de Angola em Lisboa","og_description":"Este v\u00eddeo demonstra a navegabilidade do novo site do Consulado. Clique em cima do bot\u00e3o \u201cplay\u201d e veja qu\u00e3o f\u00e1cil \u00e9 navegar no novo site. Encontrar\u00e1 neste v\u00eddeo a demonstra\u00e7\u00e3o de como aceder ao site atrav\u00e9s do motor de busca, por exemplo atrav\u00e9s do Google, passando pela homepage, selec\u00e7\u00e3o do servi\u00e7o Bilhete de Identidade 1.\u00aa vez, que d\u00e1 acesso ao conjunto de conte\u00fados explicativos deste servi\u00e7o, at\u00e9 ao seu agendamento, para que possa deslocar-se ao Consulado e ser atendido sem [&hellip;]","og_url":"https:\/\/consuladogeral-angola.pt\/en\/novo-site-video-introdutorio\/","og_site_name":"Consulado Geral da Rep\u00fablica de Angola em Lisboa","article_modified_time":"2022-11-09T12:05:05+00:00","twitter_card":"summary_large_image","twitter_misc":{"Estimated reading time":"1 minute"},"schema":{"@context":"https:\/\/schema.org","@graph":[{"@type":"WebPage","@id":"https:\/\/consuladogeral-angola.pt\/novo-site-video-introdutorio\/","url":"https:\/\/consuladogeral-angola.pt\/novo-site-video-introdutorio\/","name":"Novo Site - V\u00eddeo Introdut\u00f3rio - Consulado Geral da Rep\u00fablica de Angola em Lisboa","isPartOf":{"@id":"https:\/\/consuladogeral-angola.pt\/#website"},"datePublished":"2022-09-15T14:40:52+00:00","dateModified":"2022-11-09T12:05:05+00:00","breadcrumb":{"@id":"https:\/\/consuladogeral-angola.pt\/novo-site-video-introdutorio\/#breadcrumb"},"inLanguage":"en-GB","potentialAction":[{"@type":"ReadAction","target":["https:\/\/consuladogeral-angola.pt\/novo-site-video-introdutorio\/"]}]},{"@type":"BreadcrumbList","@id":"https:\/\/consuladogeral-angola.pt\/novo-site-video-introdutorio\/#breadcrumb","itemListElement":[{"@type":"ListItem","position":1,"name":"Home","item":"https:\/\/consuladogeral-angola.pt\/"},{"@type":"ListItem","position":2,"name":"Novo Site &#8211; V\u00eddeo Introdut\u00f3rio"}]},{"@type":"WebSite","@id":"https:\/\/consuladogeral-angola.pt\/#website","url":"https:\/\/consuladogeral-angola.pt\/","name":"Consulate General of the Republic of Angola in Lisbon","description":"","potentialAction":[{"@type":"SearchAction","target":{"@type":"EntryPoint","urlTemplate":"https:\/\/consuladogeral-angola.pt\/?s={search_term_string}"},"query-input":{"@type":"PropertyValueSpecification","valueRequired":true,"valueName":"search_term_string"}}],"inLanguage":"en-GB"}]}},"_links":{"self":[{"href":"https:\/\/consuladogeral-angola.pt\/en\/wp-json\/wp\/v2\/pages\/2037","targetHints":{"allow":["GET"]}}],"collection":[{"href":"https:\/\/consuladogeral-angola.pt\/en\/wp-json\/wp\/v2\/pages"}],"about":[{"href":"https:\/\/consuladogeral-angola.pt\/en\/wp-json\/wp\/v2\/types\/page"}],"author":[{"embeddable":true,"href":"https:\/\/consuladogeral-angola.pt\/en\/wp-json\/wp\/v2\/users\/1"}],"replies":[{"embeddable":true,"href":"https:\/\/consuladogeral-angola.pt\/en\/wp-json\/wp\/v2\/comments?post=2037"}],"version-history":[{"count":8,"href":"https:\/\/consuladogeral-angola.pt\/en\/wp-json\/wp\/v2\/pages\/2037\/revisions"}],"predecessor-version":[{"id":2412,"href":"https:\/\/consuladogeral-angola.pt\/en\/wp-json\/wp\/v2\/pages\/2037\/revisions\/2412"}],"wp:attachment":[{"href":"https:\/\/consuladogeral-angola.pt\/en\/wp-json\/wp\/v2\/media?parent=2037"}],"curies":[{"name":"wp","href":"https:\/\/api.w.org\/{rel}","templated":true}]}}