{"id":311,"date":"2022-07-12T10:53:09","date_gmt":"2022-07-12T10:53:09","guid":{"rendered":"https:\/\/consuladogeral-angola.pt\/?page_id=311"},"modified":"2025-07-18T08:14:26","modified_gmt":"2025-07-18T08:14:26","slug":"bilhete-de-identidade-1a-vez","status":"publish","type":"page","link":"https:\/\/consuladogeral-angola.pt\/en\/servicos\/bilhete-de-identidade\/bilhete-de-identidade-1a-vez\/","title":{"rendered":"Bilhete de Identidade &#8211; 1\u00aa Vez"},"content":{"rendered":"<p>O Bilhete de Identidade, \u00e9 o documento de identifica\u00e7\u00e3o pessoal que permite identificar o titular como cidad\u00e3o ou cidad\u00e3 angolano(a) e sua identidade civil perante quaisquer autoridades p\u00fablicas ou privadas.<\/p>\n\n\n\n<div class=\"important\">\n <h2>Quer pedir o primeiro Bilhete de Identidade?<\/h2>\n <div class=\"anchors\">\n  <h3><a href=\"#quem-pode-pedir\">Who can apply?<\/a><\/h3>\n  <h3><a href=\"#como-pedir\">How to apply?<\/a><\/h3>\n  <h3><a href=\"#quanto-custa\">How much does it cost?<\/a><\/h3>\n  <h3><a href=\"#onde-pedir\">Where to apply?<\/a><\/h3>\n <\/div>\n<\/div>\n\n\n\n<a class=\"anchor\" id=\"quem-pode-pedir\"><\/a>\n\n\n\n<h3 class=\"wp-block-heading\">Who can apply?<\/h3>\n\n\n\n<p>Todos os cidad\u00e3os angolanos a partir dos zero meses de idade que ainda n\u00e3o tenham pedido o Bilhete de Identidade angolano, quer residam ou n\u00e3o em territ\u00f3rio nacional.<\/p>\n\n\n\n<p>\u00c9 obrigat\u00f3ria a presen\u00e7a da pessoa que ser\u00e1 a titular do Bilhete de Identidade, independentemente da sua idade.<\/p>\n\n\n\n<a class=\"anchor\" id=\"como-pedir\"><\/a>\n\n\n\n<h3 class=\"wp-block-heading\">How to apply?<\/h3>\n\n\n\n<a href=\"https:\/\/consuladogeral-angola.pt\/wp-content\/uploads\/2022\/09\/Bilhete-de-Identidade_Primeira-Vez.pdf\" class=\"special-download-button\" target=\"_blank\" rel=\"noopener\"><i class=\"fas fa-download\"><\/i><span>Download<br><span class=\"small-text\">Requisitos<\/span><\/span><\/a>\n\n\n\n<p><\/p>\n\n\n\n<a class=\"anchor\" id=\"quanto-custa\"><\/a>\n\n\n\n<h3 class=\"wp-block-heading\">How much does it cost?<\/h3>\n\n\n\n<p>There is no cost. <\/p>\n\n\n\n<p>O prazo de entrega \u00e9 de 30 dias \u00fateis.<\/p>\n\n\n\n<a class=\"anchor\" id=\"onde-pedir\"><\/a>\n\n\n\n<h3 class=\"wp-block-heading\">Where to apply?<\/h3>\n\n\n\n<p>At the Consulate General of Angola in Lisbon. <\/p>\n\n\n\n<p><a rel=\"noreferrer noopener\" href=\"#\" target=\"_blank\">Find out where we are and our schedule.<\/a><\/p>\n\n\n\n<a class=\"button\" id=\"agendamento-button\">Schedule<br><span class=\"small-text\">Bilhete de Identidade &#8211; 1\u00aa Vez<\/span><\/a>\n\n\n\n<div id=\"agendamento-modal\">\n<div class=\"agendamento-content\">\n<div class=\"header\"><span class=\"title\">Book a service | Convenient and queue-free<\/span><span id=\"close\">X<\/span><\/div>\n\n<p>You are about to schedule the service.<\/p>\n<p>On the day and time of the appointment hand in the necessary documents and the information sheet that can be downloaded by clicking on the following button:<\/p>\n<a href=\"https:\/\/consuladogeral-angola.pt\/wp-content\/uploads\/2022\/09\/Bilhete-de-Identidade_Primeira-Vez.pdf\" class=\"download-button\" target=\"_blank\" rel=\"noopener\">Download<\/a>\n<p>Click on the following button to select the day and time of your appointment:<\/p>\n<a href=\"https:\/\/www.sigaconangola.com\/ords\/r\/sigacon\/agendamento\" target=\"_blank\" class=\"agendamento-button\" rel=\"noopener\">Schedule<\/a>\n\n<\/div>\n<\/div>","protected":false},"excerpt":{"rendered":"<p>O Bilhete de Identidade, \u00e9 o documento de identifica\u00e7\u00e3o pessoal que permite identificar o titular como cidad\u00e3o ou cidad\u00e3 angolano(a) e sua identidade civil perante quaisquer autoridades p\u00fablicas ou privadas. Quer pedir o primeiro Bilhete de Identidade? Quem pode pedir? Como pedir? Quanto custa? Onde pedir? Quem pode pedir? Todos os cidad\u00e3os angolanos a partir dos zero meses de idade que ainda n\u00e3o tenham pedido o Bilhete de Identidade angolano, quer residam ou n\u00e3o em territ\u00f3rio nacional. \u00c9 obrigat\u00f3ria a [&hellip;]<\/p>\n","protected":false},"author":1,"featured_media":0,"parent":14,"menu_order":0,"comment_status":"closed","ping_status":"closed","template":"template-parts\/layout-services-child.php","meta":{"_acf_changed":false,"footnotes":""},"class_list":["post-311","page","type-page","status-publish","hentry"],"acf":[],"yoast_head":"<!-- This site is optimized with the Yoast SEO plugin v27.4 - https:\/\/yoast.com\/product\/yoast-seo-wordpress\/ -->\n<title>Bilhete de Identidade - 1\u00aa Vez - Consulado Geral da Rep\u00fablica de Angola em Lisboa<\/title>\n<meta name=\"robots\" content=\"index, follow, max-snippet:-1, max-image-preview:large, max-video-preview:-1\" \/>\n<link rel=\"canonical\" href=\"https:\/\/consuladogeral-angola.pt\/en\/servicos\/bilhete-de-identidade\/bilhete-de-identidade-1a-vez\/\" \/>\n<meta property=\"og:locale\" content=\"en_GB\" \/>\n<meta property=\"og:type\" content=\"article\" \/>\n<meta property=\"og:title\" content=\"Bilhete de Identidade - 1\u00aa Vez - Consulado Geral da Rep\u00fablica de Angola em Lisboa\" \/>\n<meta property=\"og:description\" content=\"O Bilhete de Identidade, \u00e9 o documento de identifica\u00e7\u00e3o pessoal que permite identificar o titular como cidad\u00e3o ou cidad\u00e3 angolano(a) e sua identidade civil perante quaisquer autoridades p\u00fablicas ou privadas. Quer pedir o primeiro Bilhete de Identidade? Quem pode pedir? Como pedir? Quanto custa? Onde pedir? Quem pode pedir? Todos os cidad\u00e3os angolanos a partir dos zero meses de idade que ainda n\u00e3o tenham pedido o Bilhete de Identidade angolano, quer residam ou n\u00e3o em territ\u00f3rio nacional. \u00c9 obrigat\u00f3ria a [&hellip;]\" \/>\n<meta property=\"og:url\" content=\"https:\/\/consuladogeral-angola.pt\/en\/servicos\/bilhete-de-identidade\/bilhete-de-identidade-1a-vez\/\" \/>\n<meta property=\"og:site_name\" content=\"Consulado Geral da Rep\u00fablica de Angola em Lisboa\" \/>\n<meta property=\"article:modified_time\" content=\"2025-07-18T08:14:26+00:00\" \/>\n<meta name=\"twitter:card\" content=\"summary_large_image\" \/>\n<meta name=\"twitter:label1\" content=\"Estimated reading time\" \/>\n\t<meta name=\"twitter:data1\" content=\"2 minutes\" \/>\n<script type=\"application\/ld+json\" class=\"yoast-schema-graph\">{\"@context\":\"https:\\\/\\\/schema.org\",\"@graph\":[{\"@type\":\"WebPage\",\"@id\":\"https:\\\/\\\/consuladogeral-angola.pt\\\/servicos\\\/bilhete-de-identidade\\\/bilhete-de-identidade-1a-vez\\\/\",\"url\":\"https:\\\/\\\/consuladogeral-angola.pt\\\/servicos\\\/bilhete-de-identidade\\\/bilhete-de-identidade-1a-vez\\\/\",\"name\":\"Bilhete de Identidade - 1\u00aa Vez - Consulado Geral da Rep\u00fablica de Angola em Lisboa\",\"isPartOf\":{\"@id\":\"https:\\\/\\\/consuladogeral-angola.pt\\\/#website\"},\"datePublished\":\"2022-07-12T10:53:09+00:00\",\"dateModified\":\"2025-07-18T08:14:26+00:00\",\"breadcrumb\":{\"@id\":\"https:\\\/\\\/consuladogeral-angola.pt\\\/servicos\\\/bilhete-de-identidade\\\/bilhete-de-identidade-1a-vez\\\/#breadcrumb\"},\"inLanguage\":\"en-GB\",\"potentialAction\":[{\"@type\":\"ReadAction\",\"target\":[\"https:\\\/\\\/consuladogeral-angola.pt\\\/servicos\\\/bilhete-de-identidade\\\/bilhete-de-identidade-1a-vez\\\/\"]}]},{\"@type\":\"BreadcrumbList\",\"@id\":\"https:\\\/\\\/consuladogeral-angola.pt\\\/servicos\\\/bilhete-de-identidade\\\/bilhete-de-identidade-1a-vez\\\/#breadcrumb\",\"itemListElement\":[{\"@type\":\"ListItem\",\"position\":1,\"name\":\"Home\",\"item\":\"https:\\\/\\\/consuladogeral-angola.pt\\\/\"},{\"@type\":\"ListItem\",\"position\":2,\"name\":\"Servi\u00e7os\",\"item\":\"https:\\\/\\\/consuladogeral-angola.pt\\\/servicos\\\/\"},{\"@type\":\"ListItem\",\"position\":3,\"name\":\"Bilhete de Identidade\",\"item\":\"https:\\\/\\\/consuladogeral-angola.pt\\\/servicos\\\/bilhete-de-identidade\\\/\"},{\"@type\":\"ListItem\",\"position\":4,\"name\":\"Bilhete de Identidade &#8211; 1\u00aa Vez\"}]},{\"@type\":\"WebSite\",\"@id\":\"https:\\\/\\\/consuladogeral-angola.pt\\\/#website\",\"url\":\"https:\\\/\\\/consuladogeral-angola.pt\\\/\",\"name\":\"Consulado Geral da Rep\u00fablica de Angola em Lisboa\",\"description\":\"\",\"potentialAction\":[{\"@type\":\"SearchAction\",\"target\":{\"@type\":\"EntryPoint\",\"urlTemplate\":\"https:\\\/\\\/consuladogeral-angola.pt\\\/?s={search_term_string}\"},\"query-input\":{\"@type\":\"PropertyValueSpecification\",\"valueRequired\":true,\"valueName\":\"search_term_string\"}}],\"inLanguage\":\"en-GB\"}]}<\/script>\n<!-- \/ Yoast SEO plugin. -->","yoast_head_json":{"title":"Bilhete de Identidade - 1\u00aa Vez - Consulado Geral da Rep\u00fablica de Angola em Lisboa","robots":{"index":"index","follow":"follow","max-snippet":"max-snippet:-1","max-image-preview":"max-image-preview:large","max-video-preview":"max-video-preview:-1"},"canonical":"https:\/\/consuladogeral-angola.pt\/en\/servicos\/bilhete-de-identidade\/bilhete-de-identidade-1a-vez\/","og_locale":"en_GB","og_type":"article","og_title":"Bilhete de Identidade - 1\u00aa Vez - Consulado Geral da Rep\u00fablica de Angola em Lisboa","og_description":"O Bilhete de Identidade, \u00e9 o documento de identifica\u00e7\u00e3o pessoal que permite identificar o titular como cidad\u00e3o ou cidad\u00e3 angolano(a) e sua identidade civil perante quaisquer autoridades p\u00fablicas ou privadas. Quer pedir o primeiro Bilhete de Identidade? Quem pode pedir? Como pedir? Quanto custa? Onde pedir? Quem pode pedir? Todos os cidad\u00e3os angolanos a partir dos zero meses de idade que ainda n\u00e3o tenham pedido o Bilhete de Identidade angolano, quer residam ou n\u00e3o em territ\u00f3rio nacional. \u00c9 obrigat\u00f3ria a [&hellip;]","og_url":"https:\/\/consuladogeral-angola.pt\/en\/servicos\/bilhete-de-identidade\/bilhete-de-identidade-1a-vez\/","og_site_name":"Consulado Geral da Rep\u00fablica de Angola em Lisboa","article_modified_time":"2025-07-18T08:14:26+00:00","twitter_card":"summary_large_image","twitter_misc":{"Estimated reading time":"2 minutes"},"schema":{"@context":"https:\/\/schema.org","@graph":[{"@type":"WebPage","@id":"https:\/\/consuladogeral-angola.pt\/servicos\/bilhete-de-identidade\/bilhete-de-identidade-1a-vez\/","url":"https:\/\/consuladogeral-angola.pt\/servicos\/bilhete-de-identidade\/bilhete-de-identidade-1a-vez\/","name":"Bilhete de Identidade - 1\u00aa Vez - Consulado Geral da Rep\u00fablica de Angola em Lisboa","isPartOf":{"@id":"https:\/\/consuladogeral-angola.pt\/#website"},"datePublished":"2022-07-12T10:53:09+00:00","dateModified":"2025-07-18T08:14:26+00:00","breadcrumb":{"@id":"https:\/\/consuladogeral-angola.pt\/servicos\/bilhete-de-identidade\/bilhete-de-identidade-1a-vez\/#breadcrumb"},"inLanguage":"en-GB","potentialAction":[{"@type":"ReadAction","target":["https:\/\/consuladogeral-angola.pt\/servicos\/bilhete-de-identidade\/bilhete-de-identidade-1a-vez\/"]}]},{"@type":"BreadcrumbList","@id":"https:\/\/consuladogeral-angola.pt\/servicos\/bilhete-de-identidade\/bilhete-de-identidade-1a-vez\/#breadcrumb","itemListElement":[{"@type":"ListItem","position":1,"name":"Home","item":"https:\/\/consuladogeral-angola.pt\/"},{"@type":"ListItem","position":2,"name":"Servi\u00e7os","item":"https:\/\/consuladogeral-angola.pt\/servicos\/"},{"@type":"ListItem","position":3,"name":"Bilhete de Identidade","item":"https:\/\/consuladogeral-angola.pt\/servicos\/bilhete-de-identidade\/"},{"@type":"ListItem","position":4,"name":"Bilhete de Identidade &#8211; 1\u00aa Vez"}]},{"@type":"WebSite","@id":"https:\/\/consuladogeral-angola.pt\/#website","url":"https:\/\/consuladogeral-angola.pt\/","name":"Consulate General of the Republic of Angola in Lisbon","description":"","potentialAction":[{"@type":"SearchAction","target":{"@type":"EntryPoint","urlTemplate":"https:\/\/consuladogeral-angola.pt\/?s={search_term_string}"},"query-input":{"@type":"PropertyValueSpecification","valueRequired":true,"valueName":"search_term_string"}}],"inLanguage":"en-GB"}]}},"_links":{"self":[{"href":"https:\/\/consuladogeral-angola.pt\/en\/wp-json\/wp\/v2\/pages\/311","targetHints":{"allow":["GET"]}}],"collection":[{"href":"https:\/\/consuladogeral-angola.pt\/en\/wp-json\/wp\/v2\/pages"}],"about":[{"href":"https:\/\/consuladogeral-angola.pt\/en\/wp-json\/wp\/v2\/types\/page"}],"author":[{"embeddable":true,"href":"https:\/\/consuladogeral-angola.pt\/en\/wp-json\/wp\/v2\/users\/1"}],"replies":[{"embeddable":true,"href":"https:\/\/consuladogeral-angola.pt\/en\/wp-json\/wp\/v2\/comments?post=311"}],"version-history":[{"count":25,"href":"https:\/\/consuladogeral-angola.pt\/en\/wp-json\/wp\/v2\/pages\/311\/revisions"}],"predecessor-version":[{"id":3716,"href":"https:\/\/consuladogeral-angola.pt\/en\/wp-json\/wp\/v2\/pages\/311\/revisions\/3716"}],"up":[{"embeddable":true,"href":"https:\/\/consuladogeral-angola.pt\/en\/wp-json\/wp\/v2\/pages\/14"}],"wp:attachment":[{"href":"https:\/\/consuladogeral-angola.pt\/en\/wp-json\/wp\/v2\/media?parent=311"}],"curies":[{"name":"wp","href":"https:\/\/api.w.org\/{rel}","templated":true}]}}