{"id":333,"date":"2022-07-13T11:02:25","date_gmt":"2022-07-13T11:02:25","guid":{"rendered":"https:\/\/consuladogeral-angola.pt\/?page_id=333"},"modified":"2025-07-17T16:59:30","modified_gmt":"2025-07-17T16:59:30","slug":"recenseamento-militar","status":"publish","type":"page","link":"https:\/\/consuladogeral-angola.pt\/en\/servicos\/recenseamento-militar\/","title":{"rendered":"Military Census"},"content":{"rendered":"<p>O Recenseamento Militar \u00e9 regulado pela Lei Geral do Servi\u00e7o Militar \u2013 Lei 1\/93 de 26 de Mar\u00e7o de 1993 (clicar). <\/p>\n\n\n\n<p>Nos termos da referida legisla\u00e7\u00e3o, os cidad\u00e3os angolanos do sexo masculino s\u00e3o obrigados a servir nas For\u00e7as Armadas, desde o dia 1 de Janeiro do ano em que completem 18 anos de idade, at\u00e9 ao dia 31 de Dezembro do ano em que completem 45 anos de idade.<\/p>\n\n\n\n<div class=\"important\">\n <h2>Quer pedir o recenseamento militar?<\/h2>\n <div class=\"anchors\">\n  <h3><a href=\"#quem-pode-pedir\">Who can apply?<\/a><\/h3>\n  <h3><a href=\"#como-pedir\">How to apply?<\/a><\/h3>\n  <h3><a href=\"#quanto-custa\">How much does it cost?<\/a><\/h3>\n  <h3><a href=\"#onde-pedir\">Where to apply?<\/a><\/h3>\n <\/div>\n<\/div>\n\n\n\n<a class=\"anchor\" id=\"quem-pode-pedir\"><\/a>\n\n\n\n<h3 class=\"wp-block-heading\" id=\"quem-pode-pedir\">Who can apply?<\/h3>\n\n\n\n<p>O Recenseamento Militar deve ser feito pelos cidad\u00e3os angolanos do sexo masculino, quer residam ou n\u00e3o em territ\u00f3rio nacional:<\/p>\n\n\n\n<ul class=\"wp-block-list\">\n<li>no ano em que completam 18 anos;<\/li>\n<\/ul>\n\n\n\n<p><\/p>\n\n\n\n<ul class=\"wp-block-list\">\n<li>com idade compreendida entre os 19 e os 45 anos no caso de nunca terem feito o Recenseamento Militar.<\/li>\n<\/ul>\n\n\n\n<p>\u00c9 obrigat\u00f3ria a presen\u00e7a da pessoa que pretende pedir o Recenseamento Militar.<\/p>\n\n\n\n<a class=\"anchor\" id=\"como-pedir\"><\/a>\n\n\n\n<h3 class=\"wp-block-heading\" id=\"como-pedir\">How to apply?<\/h3>\n\n\n\n<a href=\"https:\/\/consuladogeral-angola.pt\/wp-content\/uploads\/2022\/09\/Recenseamento-Militar.pdf\" class=\"special-download-button\" target=\"_blank\" rel=\"noopener\"><i class=\"fas fa-download\"><\/i><span>Download<br><span class=\"small-text\">Requisitos<\/span><\/span><\/a>\n\n\n\n<a class=\"anchor\" id=\"quanto-custa\"><\/a>\n\n\n\n<h3 class=\"wp-block-heading\" id=\"quanto-custa\">How much does it cost?<\/h3>\n\n\n\n<p>There is no cost. <\/p>\n\n\n\n<p>O prazo de entrega \u00e9 de cinco dias \u00fateis.<\/p>\n\n\n\n<a class=\"anchor\" id=\"onde-pedir\"><\/a>\n\n\n\n<h3 class=\"wp-block-heading\" id=\"onde-pedir\">Where to apply?<\/h3>\n\n\n\n<p>At the Consulate General of Angola in Lisbon. <a href=\"https:\/\/consuladogeral-angola.pt\/en\/contactos\/\" data-type=\"page\" data-id=\"94\">Find out where we are and our schedule.<\/a><\/p>\n\n\n\n<h4 class=\"wp-block-heading\"><strong>Envio pelo correio<\/strong><\/h4>\n\n\n\n<p>Caso pretenda, pode pedir que o seu documento seja entregue pelo correio. Saiba mais junto do funcion\u00e1rio que o atender.<\/p>\n\n\n\n<a class=\"button\" id=\"agendamento-button\">Schedule<br><span class=\"small-text\">Military Census<\/span><\/a>\n\n\n\n<div id=\"agendamento-modal\">\n<div class=\"agendamento-content\">\n<div class=\"header\"><span class=\"title\">Book a service | Convenient and queue-free<\/span><span id=\"close\">X<\/span><\/div>\n\n<p>You are about to schedule the service.<\/p>\n<p>On the day and time of the appointment hand in the necessary documents and the information sheet that can be downloaded by clicking on the following button:<\/p>\n<a href=\"https:\/\/consuladogeral-angola.pt\/wp-content\/uploads\/2022\/09\/Recenseamento-Militar.pdf\" class=\"download-button\" target=\"_blank\" rel=\"noopener\">Download<\/a>\n<p>Click on the following button to select the day and time of your appointment:<\/p>\n<a href=\"https:\/\/www.sigaconangola.com\/ords\/r\/sigacon\/agendamento\" target=\"_blank\" class=\"agendamento-button\" rel=\"noopener\">Schedule<\/a>\n\n<\/div>\n<\/div>","protected":false},"excerpt":{"rendered":"<p>O Recenseamento Militar \u00e9 regulado pela Lei Geral do Servi\u00e7o Militar \u2013 Lei 1\/93 de 26 de Mar\u00e7o de 1993 (clicar). Nos termos da referida legisla\u00e7\u00e3o, os cidad\u00e3os angolanos do sexo masculino s\u00e3o obrigados a servir nas For\u00e7as Armadas, desde o dia 1 de Janeiro do ano em que completem 18 anos de idade, at\u00e9 ao dia 31 de Dezembro do ano em que completem 45 anos de idade. Quer pedir o recenseamento militar? Quem pode pedir? Como pedir? Quanto [&hellip;]<\/p>\n","protected":false},"author":1,"featured_media":0,"parent":17,"menu_order":0,"comment_status":"closed","ping_status":"closed","template":"template-parts\/layout-services.php","meta":{"_acf_changed":false,"footnotes":""},"class_list":["post-333","page","type-page","status-publish","hentry"],"acf":[],"yoast_head":"<!-- This site is optimized with the Yoast SEO plugin v27.1.1 - https:\/\/yoast.com\/product\/yoast-seo-wordpress\/ -->\n<title>Recenseamento Militar - Consulado Geral da Rep\u00fablica de Angola em Lisboa<\/title>\n<meta name=\"robots\" content=\"index, follow, max-snippet:-1, max-image-preview:large, max-video-preview:-1\" \/>\n<link rel=\"canonical\" href=\"https:\/\/consuladogeral-angola.pt\/en\/servicos\/recenseamento-militar\/\" \/>\n<meta property=\"og:locale\" content=\"en_GB\" \/>\n<meta property=\"og:type\" content=\"article\" \/>\n<meta property=\"og:title\" content=\"Recenseamento Militar - Consulado Geral da Rep\u00fablica de Angola em Lisboa\" \/>\n<meta property=\"og:description\" content=\"O Recenseamento Militar \u00e9 regulado pela Lei Geral do Servi\u00e7o Militar \u2013 Lei 1\/93 de 26 de Mar\u00e7o de 1993 (clicar). Nos termos da referida legisla\u00e7\u00e3o, os cidad\u00e3os angolanos do sexo masculino s\u00e3o obrigados a servir nas For\u00e7as Armadas, desde o dia 1 de Janeiro do ano em que completem 18 anos de idade, at\u00e9 ao dia 31 de Dezembro do ano em que completem 45 anos de idade. Quer pedir o recenseamento militar? Quem pode pedir? Como pedir? Quanto [&hellip;]\" \/>\n<meta property=\"og:url\" content=\"https:\/\/consuladogeral-angola.pt\/en\/servicos\/recenseamento-militar\/\" \/>\n<meta property=\"og:site_name\" content=\"Consulado Geral da Rep\u00fablica de Angola em Lisboa\" \/>\n<meta property=\"article:modified_time\" content=\"2025-07-17T16:59:30+00:00\" \/>\n<meta name=\"twitter:card\" content=\"summary_large_image\" \/>\n<meta name=\"twitter:label1\" content=\"Estimated reading time\" \/>\n\t<meta name=\"twitter:data1\" content=\"2 minutes\" \/>\n<script type=\"application\/ld+json\" class=\"yoast-schema-graph\">{\"@context\":\"https:\/\/schema.org\",\"@graph\":[{\"@type\":\"WebPage\",\"@id\":\"https:\/\/consuladogeral-angola.pt\/servicos\/recenseamento-militar\/\",\"url\":\"https:\/\/consuladogeral-angola.pt\/servicos\/recenseamento-militar\/\",\"name\":\"Recenseamento Militar - Consulado Geral da Rep\u00fablica de Angola em Lisboa\",\"isPartOf\":{\"@id\":\"https:\/\/consuladogeral-angola.pt\/#website\"},\"datePublished\":\"2022-07-13T11:02:25+00:00\",\"dateModified\":\"2025-07-17T16:59:30+00:00\",\"breadcrumb\":{\"@id\":\"https:\/\/consuladogeral-angola.pt\/servicos\/recenseamento-militar\/#breadcrumb\"},\"inLanguage\":\"en-GB\",\"potentialAction\":[{\"@type\":\"ReadAction\",\"target\":[\"https:\/\/consuladogeral-angola.pt\/servicos\/recenseamento-militar\/\"]}]},{\"@type\":\"BreadcrumbList\",\"@id\":\"https:\/\/consuladogeral-angola.pt\/servicos\/recenseamento-militar\/#breadcrumb\",\"itemListElement\":[{\"@type\":\"ListItem\",\"position\":1,\"name\":\"Home\",\"item\":\"https:\/\/consuladogeral-angola.pt\/\"},{\"@type\":\"ListItem\",\"position\":2,\"name\":\"Servi\u00e7os\",\"item\":\"https:\/\/consuladogeral-angola.pt\/servicos\/\"},{\"@type\":\"ListItem\",\"position\":3,\"name\":\"Recenseamento Militar\"}]},{\"@type\":\"WebSite\",\"@id\":\"https:\/\/consuladogeral-angola.pt\/#website\",\"url\":\"https:\/\/consuladogeral-angola.pt\/\",\"name\":\"Consulado Geral da Rep\u00fablica de Angola em Lisboa\",\"description\":\"\",\"potentialAction\":[{\"@type\":\"SearchAction\",\"target\":{\"@type\":\"EntryPoint\",\"urlTemplate\":\"https:\/\/consuladogeral-angola.pt\/?s={search_term_string}\"},\"query-input\":{\"@type\":\"PropertyValueSpecification\",\"valueRequired\":true,\"valueName\":\"search_term_string\"}}],\"inLanguage\":\"en-GB\"}]}<\/script>\n<!-- \/ Yoast SEO plugin. -->","yoast_head_json":{"title":"Recenseamento Militar - Consulado Geral da Rep\u00fablica de Angola em Lisboa","robots":{"index":"index","follow":"follow","max-snippet":"max-snippet:-1","max-image-preview":"max-image-preview:large","max-video-preview":"max-video-preview:-1"},"canonical":"https:\/\/consuladogeral-angola.pt\/en\/servicos\/recenseamento-militar\/","og_locale":"en_GB","og_type":"article","og_title":"Recenseamento Militar - Consulado Geral da Rep\u00fablica de Angola em Lisboa","og_description":"O Recenseamento Militar \u00e9 regulado pela Lei Geral do Servi\u00e7o Militar \u2013 Lei 1\/93 de 26 de Mar\u00e7o de 1993 (clicar). Nos termos da referida legisla\u00e7\u00e3o, os cidad\u00e3os angolanos do sexo masculino s\u00e3o obrigados a servir nas For\u00e7as Armadas, desde o dia 1 de Janeiro do ano em que completem 18 anos de idade, at\u00e9 ao dia 31 de Dezembro do ano em que completem 45 anos de idade. Quer pedir o recenseamento militar? Quem pode pedir? Como pedir? Quanto [&hellip;]","og_url":"https:\/\/consuladogeral-angola.pt\/en\/servicos\/recenseamento-militar\/","og_site_name":"Consulado Geral da Rep\u00fablica de Angola em Lisboa","article_modified_time":"2025-07-17T16:59:30+00:00","twitter_card":"summary_large_image","twitter_misc":{"Estimated reading time":"2 minutes"},"schema":{"@context":"https:\/\/schema.org","@graph":[{"@type":"WebPage","@id":"https:\/\/consuladogeral-angola.pt\/servicos\/recenseamento-militar\/","url":"https:\/\/consuladogeral-angola.pt\/servicos\/recenseamento-militar\/","name":"Recenseamento Militar - Consulado Geral da Rep\u00fablica de Angola em Lisboa","isPartOf":{"@id":"https:\/\/consuladogeral-angola.pt\/#website"},"datePublished":"2022-07-13T11:02:25+00:00","dateModified":"2025-07-17T16:59:30+00:00","breadcrumb":{"@id":"https:\/\/consuladogeral-angola.pt\/servicos\/recenseamento-militar\/#breadcrumb"},"inLanguage":"en-GB","potentialAction":[{"@type":"ReadAction","target":["https:\/\/consuladogeral-angola.pt\/servicos\/recenseamento-militar\/"]}]},{"@type":"BreadcrumbList","@id":"https:\/\/consuladogeral-angola.pt\/servicos\/recenseamento-militar\/#breadcrumb","itemListElement":[{"@type":"ListItem","position":1,"name":"Home","item":"https:\/\/consuladogeral-angola.pt\/"},{"@type":"ListItem","position":2,"name":"Servi\u00e7os","item":"https:\/\/consuladogeral-angola.pt\/servicos\/"},{"@type":"ListItem","position":3,"name":"Recenseamento Militar"}]},{"@type":"WebSite","@id":"https:\/\/consuladogeral-angola.pt\/#website","url":"https:\/\/consuladogeral-angola.pt\/","name":"Consulate General of the Republic of Angola in Lisbon","description":"","potentialAction":[{"@type":"SearchAction","target":{"@type":"EntryPoint","urlTemplate":"https:\/\/consuladogeral-angola.pt\/?s={search_term_string}"},"query-input":{"@type":"PropertyValueSpecification","valueRequired":true,"valueName":"search_term_string"}}],"inLanguage":"en-GB"}]}},"_links":{"self":[{"href":"https:\/\/consuladogeral-angola.pt\/en\/wp-json\/wp\/v2\/pages\/333","targetHints":{"allow":["GET"]}}],"collection":[{"href":"https:\/\/consuladogeral-angola.pt\/en\/wp-json\/wp\/v2\/pages"}],"about":[{"href":"https:\/\/consuladogeral-angola.pt\/en\/wp-json\/wp\/v2\/types\/page"}],"author":[{"embeddable":true,"href":"https:\/\/consuladogeral-angola.pt\/en\/wp-json\/wp\/v2\/users\/1"}],"replies":[{"embeddable":true,"href":"https:\/\/consuladogeral-angola.pt\/en\/wp-json\/wp\/v2\/comments?post=333"}],"version-history":[{"count":22,"href":"https:\/\/consuladogeral-angola.pt\/en\/wp-json\/wp\/v2\/pages\/333\/revisions"}],"predecessor-version":[{"id":3709,"href":"https:\/\/consuladogeral-angola.pt\/en\/wp-json\/wp\/v2\/pages\/333\/revisions\/3709"}],"up":[{"embeddable":true,"href":"https:\/\/consuladogeral-angola.pt\/en\/wp-json\/wp\/v2\/pages\/17"}],"wp:attachment":[{"href":"https:\/\/consuladogeral-angola.pt\/en\/wp-json\/wp\/v2\/media?parent=333"}],"curies":[{"name":"wp","href":"https:\/\/api.w.org\/{rel}","templated":true}]}}