{"id":337,"date":"2022-07-13T11:25:08","date_gmt":"2022-07-13T11:25:08","guid":{"rendered":"https:\/\/consuladogeral-angola.pt\/?page_id=337"},"modified":"2025-07-18T08:09:18","modified_gmt":"2025-07-18T08:09:18","slug":"prova-de-vida","status":"publish","type":"page","link":"https:\/\/consuladogeral-angola.pt\/en\/servicos\/emissao-de-declaracoes-diversas\/prova-de-vida\/","title":{"rendered":"Declara\u00e7\u00e3o de Prova de Vida"},"content":{"rendered":"<p>A Declara\u00e7\u00e3o de Prova de Vida comprova, perante quaisquer entidades, que determinada pessoa est\u00e1 viva.<\/p>\n\n\n\n<div class=\"important\">\n <h2>Quer pedir a prova de vida?<\/h2>\n <div class=\"anchors\">\n  <h3><a href=\"#quem-pode-pedir\">Who can apply?<\/a><\/h3>\n  <h3><a href=\"#como-pedir\">How to apply?<\/a><\/h3>\n  <h3><a href=\"#quanto-custa\">How much does it cost?<\/a><\/h3>\n  <h3><a href=\"#onde-pedir\">Where to apply?<\/a><\/h3>\n <\/div>\n<\/div>\n\n\n\n<a class=\"anchor\" id=\"quem-pode-pedir\"><\/a>\n\n\n\n<h3 class=\"wp-block-heading\" id=\"quem-pode-pedir\">Who can apply?<\/h3>\n\n\n\n<p>Todos os cidad\u00e3os angolanos.<\/p>\n\n\n\n<p>\u00c9 obrigat\u00f3ria a presen\u00e7a da pessoa que pretende pedir a Declara\u00e7\u00e3o de Prova de Vida.<\/p>\n\n\n\n<a class=\"anchor\" id=\"como-pedir\"><\/a>\n\n\n\n<h3 class=\"wp-block-heading\" id=\"como-pedir\">How to apply?<\/h3>\n\n\n\n<a href=\"https:\/\/consuladogeral-angola.pt\/wp-content\/uploads\/2025\/07\/Prova-de-Vida_25.pdf\" class=\"special-download-button\" target=\"_blank\" rel=\"noopener\"><i class=\"fas fa-download\"><\/i><span>Download<br><span class=\"small-text\">Requisitos<\/span><\/span><\/a>\n\n\n\n<p><\/p>\n\n\n\n<a class=\"anchor\" id=\"quanto-custa\"><\/a>\n\n\n\n<h3 class=\"wp-block-heading\" id=\"quanto-custa\">How much does it cost?<\/h3>\n\n\n\n<p>5\u20ac<\/p>\n\n\n\n<p>O prazo de entrega \u00e9 de cinco dias \u00fateis.<\/p>\n\n\n\n<a class=\"anchor\" id=\"onde-pedir\"><\/a>\n\n\n\n<h3 class=\"wp-block-heading\" id=\"onde-pedir\">Where to apply?<\/h3>\n\n\n\n<p>At the Consulate General of Angola in Lisbon. <a href=\"https:\/\/consuladogeral-angola.pt\/en\/contactos\/\" data-type=\"page\" data-id=\"94\" target=\"_blank\" rel=\"noreferrer noopener\">Find out where we are and our schedule.<\/a><\/p>\n\n\n\n<h4 class=\"wp-block-heading\">Envio pelo correio<\/h4>\n\n\n\n<p>Caso pretenda, pode pedir que o seu documento seja entregue pelo correio. Saiba mais junto do funcion\u00e1rio que o atender.<\/p>\n\n\n\n<a class=\"button\" id=\"agendamento-button\">Schedule<br><span class=\"small-text\">Declara\u00e7\u00e3o de Prova de Vida<\/span><\/a>\n\n\n\n<div id=\"agendamento-modal\">\n<div class=\"agendamento-content\">\n<div class=\"header\"><span class=\"title\">Book a service | Convenient and queue-free<\/span><span id=\"close\">X<\/span><\/div>\n\n<p>You are about to schedule the service.<\/p>\n<p>On the day and time of the appointment hand in the necessary documents and the information sheet that can be downloaded by clicking on the following button:<\/p>\n<a href=\"https:\/\/consuladogeral-angola.pt\/wp-content\/uploads\/2025\/07\/Prova-de-Vida_25.pdf\" class=\"download-button\" target=\"_blank\" rel=\"noopener\">Download<\/a>\n<p>Click on the following button to select the day and time of your appointment:<\/p>\n<a href=\"https:\/\/www.sigaconangola.com\/ords\/r\/sigacon\/agendamento\" target=\"_blank\" class=\"agendamento-button\" rel=\"noopener\">Schedule<\/a>\n\n<\/div>\n<\/div>","protected":false},"excerpt":{"rendered":"<p>A Declara\u00e7\u00e3o de Prova de Vida comprova, perante quaisquer entidades, que determinada pessoa est\u00e1 viva. Quer pedir a prova de vida? Quem pode pedir? Como pedir? Quanto custa? Onde pedir? Quem pode pedir? Todos os cidad\u00e3os angolanos. \u00c9 obrigat\u00f3ria a presen\u00e7a da pessoa que pretende pedir a Declara\u00e7\u00e3o de Prova de Vida. Como pedir? DescarregarRequisitos Quanto custa? 5\u20ac O prazo de entrega \u00e9 de cinco dias \u00fateis. Onde pedir? No Consulado Geral de Angola em Lisboa. Saiba onde estamos e [&hellip;]<\/p>\n","protected":false},"author":1,"featured_media":0,"parent":366,"menu_order":0,"comment_status":"closed","ping_status":"closed","template":"template-parts\/layout-services-child.php","meta":{"_acf_changed":false,"footnotes":""},"class_list":["post-337","page","type-page","status-publish","hentry"],"acf":[],"yoast_head":"<!-- This site is optimized with the Yoast SEO plugin v27.1.1 - https:\/\/yoast.com\/product\/yoast-seo-wordpress\/ -->\n<title>Declara\u00e7\u00e3o de Prova de Vida - Consulado Geral da Rep\u00fablica de Angola em Lisboa<\/title>\n<meta name=\"robots\" content=\"index, follow, max-snippet:-1, max-image-preview:large, max-video-preview:-1\" \/>\n<link rel=\"canonical\" href=\"https:\/\/consuladogeral-angola.pt\/en\/servicos\/emissao-de-declaracoes-diversas\/prova-de-vida\/\" \/>\n<meta property=\"og:locale\" content=\"en_GB\" \/>\n<meta property=\"og:type\" content=\"article\" \/>\n<meta property=\"og:title\" content=\"Declara\u00e7\u00e3o de Prova de Vida - Consulado Geral da Rep\u00fablica de Angola em Lisboa\" \/>\n<meta property=\"og:description\" content=\"A Declara\u00e7\u00e3o de Prova de Vida comprova, perante quaisquer entidades, que determinada pessoa est\u00e1 viva. Quer pedir a prova de vida? Quem pode pedir? Como pedir? Quanto custa? Onde pedir? Quem pode pedir? Todos os cidad\u00e3os angolanos. \u00c9 obrigat\u00f3ria a presen\u00e7a da pessoa que pretende pedir a Declara\u00e7\u00e3o de Prova de Vida. Como pedir? DescarregarRequisitos Quanto custa? 5\u20ac O prazo de entrega \u00e9 de cinco dias \u00fateis. Onde pedir? No Consulado Geral de Angola em Lisboa. Saiba onde estamos e [&hellip;]\" \/>\n<meta property=\"og:url\" content=\"https:\/\/consuladogeral-angola.pt\/en\/servicos\/emissao-de-declaracoes-diversas\/prova-de-vida\/\" \/>\n<meta property=\"og:site_name\" content=\"Consulado Geral da Rep\u00fablica de Angola em Lisboa\" \/>\n<meta property=\"article:modified_time\" content=\"2025-07-18T08:09:18+00:00\" \/>\n<meta name=\"twitter:card\" content=\"summary_large_image\" \/>\n<meta name=\"twitter:label1\" content=\"Estimated reading time\" \/>\n\t<meta name=\"twitter:data1\" content=\"1 minute\" \/>\n<script type=\"application\/ld+json\" class=\"yoast-schema-graph\">{\"@context\":\"https:\/\/schema.org\",\"@graph\":[{\"@type\":\"WebPage\",\"@id\":\"https:\/\/consuladogeral-angola.pt\/servicos\/emissao-de-declaracoes-diversas\/prova-de-vida\/\",\"url\":\"https:\/\/consuladogeral-angola.pt\/servicos\/emissao-de-declaracoes-diversas\/prova-de-vida\/\",\"name\":\"Declara\u00e7\u00e3o de Prova de Vida - Consulado Geral da Rep\u00fablica de Angola em Lisboa\",\"isPartOf\":{\"@id\":\"https:\/\/consuladogeral-angola.pt\/#website\"},\"datePublished\":\"2022-07-13T11:25:08+00:00\",\"dateModified\":\"2025-07-18T08:09:18+00:00\",\"breadcrumb\":{\"@id\":\"https:\/\/consuladogeral-angola.pt\/servicos\/emissao-de-declaracoes-diversas\/prova-de-vida\/#breadcrumb\"},\"inLanguage\":\"en-GB\",\"potentialAction\":[{\"@type\":\"ReadAction\",\"target\":[\"https:\/\/consuladogeral-angola.pt\/servicos\/emissao-de-declaracoes-diversas\/prova-de-vida\/\"]}]},{\"@type\":\"BreadcrumbList\",\"@id\":\"https:\/\/consuladogeral-angola.pt\/servicos\/emissao-de-declaracoes-diversas\/prova-de-vida\/#breadcrumb\",\"itemListElement\":[{\"@type\":\"ListItem\",\"position\":1,\"name\":\"Home\",\"item\":\"https:\/\/consuladogeral-angola.pt\/\"},{\"@type\":\"ListItem\",\"position\":2,\"name\":\"Servi\u00e7os\",\"item\":\"https:\/\/consuladogeral-angola.pt\/servicos\/\"},{\"@type\":\"ListItem\",\"position\":3,\"name\":\"Emiss\u00e3o de Declara\u00e7\u00f5es Diversas\",\"item\":\"https:\/\/consuladogeral-angola.pt\/servicos\/emissao-de-declaracoes-diversas\/\"},{\"@type\":\"ListItem\",\"position\":4,\"name\":\"Declara\u00e7\u00e3o de Prova de Vida\"}]},{\"@type\":\"WebSite\",\"@id\":\"https:\/\/consuladogeral-angola.pt\/#website\",\"url\":\"https:\/\/consuladogeral-angola.pt\/\",\"name\":\"Consulado Geral da Rep\u00fablica de Angola em Lisboa\",\"description\":\"\",\"potentialAction\":[{\"@type\":\"SearchAction\",\"target\":{\"@type\":\"EntryPoint\",\"urlTemplate\":\"https:\/\/consuladogeral-angola.pt\/?s={search_term_string}\"},\"query-input\":{\"@type\":\"PropertyValueSpecification\",\"valueRequired\":true,\"valueName\":\"search_term_string\"}}],\"inLanguage\":\"en-GB\"}]}<\/script>\n<!-- \/ Yoast SEO plugin. -->","yoast_head_json":{"title":"Declara\u00e7\u00e3o de Prova de Vida - Consulado Geral da Rep\u00fablica de Angola em Lisboa","robots":{"index":"index","follow":"follow","max-snippet":"max-snippet:-1","max-image-preview":"max-image-preview:large","max-video-preview":"max-video-preview:-1"},"canonical":"https:\/\/consuladogeral-angola.pt\/en\/servicos\/emissao-de-declaracoes-diversas\/prova-de-vida\/","og_locale":"en_GB","og_type":"article","og_title":"Declara\u00e7\u00e3o de Prova de Vida - Consulado Geral da Rep\u00fablica de Angola em Lisboa","og_description":"A Declara\u00e7\u00e3o de Prova de Vida comprova, perante quaisquer entidades, que determinada pessoa est\u00e1 viva. Quer pedir a prova de vida? Quem pode pedir? Como pedir? Quanto custa? Onde pedir? Quem pode pedir? Todos os cidad\u00e3os angolanos. \u00c9 obrigat\u00f3ria a presen\u00e7a da pessoa que pretende pedir a Declara\u00e7\u00e3o de Prova de Vida. Como pedir? DescarregarRequisitos Quanto custa? 5\u20ac O prazo de entrega \u00e9 de cinco dias \u00fateis. Onde pedir? No Consulado Geral de Angola em Lisboa. Saiba onde estamos e [&hellip;]","og_url":"https:\/\/consuladogeral-angola.pt\/en\/servicos\/emissao-de-declaracoes-diversas\/prova-de-vida\/","og_site_name":"Consulado Geral da Rep\u00fablica de Angola em Lisboa","article_modified_time":"2025-07-18T08:09:18+00:00","twitter_card":"summary_large_image","twitter_misc":{"Estimated reading time":"1 minute"},"schema":{"@context":"https:\/\/schema.org","@graph":[{"@type":"WebPage","@id":"https:\/\/consuladogeral-angola.pt\/servicos\/emissao-de-declaracoes-diversas\/prova-de-vida\/","url":"https:\/\/consuladogeral-angola.pt\/servicos\/emissao-de-declaracoes-diversas\/prova-de-vida\/","name":"Declara\u00e7\u00e3o de Prova de Vida - Consulado Geral da Rep\u00fablica de Angola em Lisboa","isPartOf":{"@id":"https:\/\/consuladogeral-angola.pt\/#website"},"datePublished":"2022-07-13T11:25:08+00:00","dateModified":"2025-07-18T08:09:18+00:00","breadcrumb":{"@id":"https:\/\/consuladogeral-angola.pt\/servicos\/emissao-de-declaracoes-diversas\/prova-de-vida\/#breadcrumb"},"inLanguage":"en-GB","potentialAction":[{"@type":"ReadAction","target":["https:\/\/consuladogeral-angola.pt\/servicos\/emissao-de-declaracoes-diversas\/prova-de-vida\/"]}]},{"@type":"BreadcrumbList","@id":"https:\/\/consuladogeral-angola.pt\/servicos\/emissao-de-declaracoes-diversas\/prova-de-vida\/#breadcrumb","itemListElement":[{"@type":"ListItem","position":1,"name":"Home","item":"https:\/\/consuladogeral-angola.pt\/"},{"@type":"ListItem","position":2,"name":"Servi\u00e7os","item":"https:\/\/consuladogeral-angola.pt\/servicos\/"},{"@type":"ListItem","position":3,"name":"Emiss\u00e3o de Declara\u00e7\u00f5es Diversas","item":"https:\/\/consuladogeral-angola.pt\/servicos\/emissao-de-declaracoes-diversas\/"},{"@type":"ListItem","position":4,"name":"Declara\u00e7\u00e3o de Prova de Vida"}]},{"@type":"WebSite","@id":"https:\/\/consuladogeral-angola.pt\/#website","url":"https:\/\/consuladogeral-angola.pt\/","name":"Consulate General of the Republic of Angola in Lisbon","description":"","potentialAction":[{"@type":"SearchAction","target":{"@type":"EntryPoint","urlTemplate":"https:\/\/consuladogeral-angola.pt\/?s={search_term_string}"},"query-input":{"@type":"PropertyValueSpecification","valueRequired":true,"valueName":"search_term_string"}}],"inLanguage":"en-GB"}]}},"_links":{"self":[{"href":"https:\/\/consuladogeral-angola.pt\/en\/wp-json\/wp\/v2\/pages\/337","targetHints":{"allow":["GET"]}}],"collection":[{"href":"https:\/\/consuladogeral-angola.pt\/en\/wp-json\/wp\/v2\/pages"}],"about":[{"href":"https:\/\/consuladogeral-angola.pt\/en\/wp-json\/wp\/v2\/types\/page"}],"author":[{"embeddable":true,"href":"https:\/\/consuladogeral-angola.pt\/en\/wp-json\/wp\/v2\/users\/1"}],"replies":[{"embeddable":true,"href":"https:\/\/consuladogeral-angola.pt\/en\/wp-json\/wp\/v2\/comments?post=337"}],"version-history":[{"count":22,"href":"https:\/\/consuladogeral-angola.pt\/en\/wp-json\/wp\/v2\/pages\/337\/revisions"}],"predecessor-version":[{"id":3711,"href":"https:\/\/consuladogeral-angola.pt\/en\/wp-json\/wp\/v2\/pages\/337\/revisions\/3711"}],"up":[{"embeddable":true,"href":"https:\/\/consuladogeral-angola.pt\/en\/wp-json\/wp\/v2\/pages\/366"}],"wp:attachment":[{"href":"https:\/\/consuladogeral-angola.pt\/en\/wp-json\/wp\/v2\/media?parent=337"}],"curies":[{"name":"wp","href":"https:\/\/api.w.org\/{rel}","templated":true}]}}