{"id":348,"date":"2022-07-13T14:29:41","date_gmt":"2022-07-13T14:29:41","guid":{"rendered":"https:\/\/consuladogeral-angola.pt\/?page_id=348"},"modified":"2025-07-17T16:58:29","modified_gmt":"2025-07-17T16:58:29","slug":"autenticacao-de-documentos","status":"publish","type":"page","link":"https:\/\/consuladogeral-angola.pt\/en\/servicos\/autenticacao-de-documentos\/","title":{"rendered":"Authentication of Documents"},"content":{"rendered":"<p>A Autentica\u00e7\u00e3o de Documentos \u00e9 um procedimento para reconhecer a autenticidade de um documento, atribuindo-lhe valor legal.<\/p>\n\n\n\n<div class=\"important\">\n <h2>Quer pedir a Autentica\u00e7\u00e3o de Documentos?<\/h2>\n <div class=\"anchors\">\n  <h3><a href=\"#quem-pode-pedir\">Who can apply?<\/a><\/h3>\n  <h3><a href=\"#como-pedir\">How to apply?<\/a><\/h3>\n  <h3><a href=\"#quanto-custa\">How much does it cost?<\/a><\/h3>\n  <h3><a href=\"#onde-pedir\">Where to apply?<\/a><\/h3>\n <\/div>\n<\/div>\n\n\n\n<a class=\"anchor\" id=\"quem-pode-pedir\"><\/a>\n\n\n\n<h3 class=\"wp-block-heading\" id=\"quem-pode-pedir\">Who can apply?<\/h3>\n\n\n\n<p>Todos os cidad\u00e3os, empresas e ag\u00eancias angolanas ou de outra nacionalidade.<\/p>\n\n\n\n<p><\/p>\n\n\n\n<a class=\"anchor\" id=\"como-pedir\"><\/a>\n\n\n\n<h3 class=\"wp-block-heading\" id=\"como-pedir\">How to apply?<\/h3>\n\n\n\n<a href=\"https:\/\/consuladogeral-angola.pt\/wp-content\/uploads\/2022\/09\/Autenticacoes.pdf\" class=\"special-download-button\" target=\"_blank\" rel=\"noopener\"><i class=\"fas fa-download\"><\/i><span>Download<br><span class=\"small-text\">Requisitos<\/span><\/span><\/a>\n\n\n\n<p><\/p>\n\n\n\n<p><\/p>\n\n\n\n<a class=\"anchor\" id=\"quanto-custa\"><\/a>\n\n\n\n<h3 class=\"wp-block-heading\" id=\"quanto-custa\">How much does it cost?<\/h3>\n\n\n\n<figure class=\"wp-block-table services-table\"><table class=\"has-fixed-layout\"><tbody><tr><td><strong>Price<\/strong><\/td><td><strong>Delivery time<\/strong><\/td><\/tr><tr><td>60,00\u20ac<\/td><td>No pr\u00f3prio dia<\/td><\/tr><tr><td>40,00\u20ac<\/td><td>2 dias \u00fateis<\/td><\/tr><tr><td>20,00\u20ac<\/td><td>4 dias \u00fateis<\/td><\/tr><\/tbody><\/table><\/figure>\n\n\n\n<h4 class=\"wp-block-heading\"><\/h4>\n\n\n\n<p>The amount can be paid by:<\/p>\n\n\n\n<ul class=\"wp-block-list\">\n<li><strong>Multibanco <\/strong>available at the Consulate.<br>Bank cards accepted:\n<ul class=\"wp-block-list\">\n<li>Visa Debit;<\/li>\n\n\n\n<li>Visa Electron;<\/li>\n\n\n\n<li>Mastercard;<\/li>\n\n\n\n<li>Maestro;<\/li>\n\n\n\n<li>Discover.<\/li>\n<\/ul>\n<\/li>\n<\/ul>\n\n\n\n<p><\/p>\n\n\n\n<ul class=\"wp-block-list\">\n<li><strong>Deposit or bank transfer<\/strong> using the following data:<br><strong>Bank:<\/strong> NOVO BANCO<br><strong>Bank Account:<\/strong> 5760 0268 0000<br><strong>IBAN:<\/strong> <br><strong>Ref:<\/strong> (Name and consular act required - Ex: Visa, Consular Registration, Passport, Safe-conduct, Authentication, etc).<\/li>\n<\/ul>\n\n\n\n<div class=\"info-box\">\n<img decoding=\"async\" src=\"https:\/\/consuladogeral-angola.pt\/wp-content\/uploads\/2022\/07\/info.png\">\n<ul>\n<li><strong>Payments are non-refundable.<\/strong><br>Make sure you pay with the correct amount.<\/li>\n<li><strong>The payment receipt must be attached to the application.<\/strong><br>After payment keep the copy of the receipt.<\/li>\n<\/ul>\n<\/div>\n\n\n\n<a class=\"anchor\" id=\"onde-pedir\"><\/a>\n\n\n\n<h3 class=\"wp-block-heading\" id=\"onde-pedir\">Where to apply?<\/h3>\n\n\n\n<p>At the Consulate General of Angola in Lisbon. <a href=\"#\" target=\"_blank\" rel=\"noreferrer noopener\">Find out where we are and our schedule.<\/a><\/p>\n\n\n\n<a class=\"button\" id=\"agendamento-button\">Schedule<br><span class=\"small-text\">Authentication of Documents<\/span><\/a>\n\n\n\n<div id=\"agendamento-modal\">\n<div class=\"agendamento-content\">\n<div class=\"header\"><span class=\"title\">Book a service | Convenient and queue-free<\/span><span id=\"close\">X<\/span><\/div>\n\n<p>You are about to schedule the service.<\/p>\n<p>On the day and time of the appointment hand in the necessary documents and the information sheet that can be downloaded by clicking on the following button:<\/p>\n<a href=\"https:\/\/consuladogeral-angola.pt\/wp-content\/uploads\/2022\/09\/Autenticacoes.pdf\" class=\"download-button\" target=\"_blank\" rel=\"noopener\">Download<\/a>\n<p>Click on the following button to select the day and time of your appointment:<\/p>\n<a href=\"https:\/\/www.sigaconangola.com\/ords\/r\/sigacon\/agendamento\" target=\"_blank\" class=\"agendamento-button\" rel=\"noopener\">Schedule<\/a>\n\n<\/div>\n<\/div>","protected":false},"excerpt":{"rendered":"<p>A Autentica\u00e7\u00e3o de Documentos \u00e9 um procedimento para reconhecer a autenticidade de um documento, atribuindo-lhe valor legal. Quer pedir a Autentica\u00e7\u00e3o de Documentos? Quem pode pedir? Como pedir? Quanto custa? Onde pedir? Quem pode pedir? Todos os cidad\u00e3os, empresas e ag\u00eancias angolanas ou de outra nacionalidade. Como pedir? DescarregarRequisitos Quanto custa? Pre\u00e7o Prazo de entrega 60,00\u20ac No pr\u00f3prio dia 40,00\u20ac 2 dias \u00fateis 20,00\u20ac 4 dias \u00fateis O valor pode ser pago por: Os pagamentos n\u00e3o s\u00e3o reembols\u00e1veis.Certifique-se que efectua [&hellip;]<\/p>\n","protected":false},"author":1,"featured_media":0,"parent":17,"menu_order":0,"comment_status":"closed","ping_status":"closed","template":"template-parts\/layout-services.php","meta":{"_acf_changed":false,"footnotes":""},"class_list":["post-348","page","type-page","status-publish","hentry"],"acf":[],"yoast_head":"<!-- This site is optimized with the Yoast SEO plugin v27.1.1 - https:\/\/yoast.com\/product\/yoast-seo-wordpress\/ -->\n<title>Autentica\u00e7\u00e3o de Documentos - Consulado Geral da Rep\u00fablica de Angola em Lisboa<\/title>\n<meta name=\"robots\" content=\"index, follow, max-snippet:-1, max-image-preview:large, max-video-preview:-1\" \/>\n<link rel=\"canonical\" href=\"https:\/\/consuladogeral-angola.pt\/en\/servicos\/autenticacao-de-documentos\/\" \/>\n<meta property=\"og:locale\" content=\"en_GB\" \/>\n<meta property=\"og:type\" content=\"article\" \/>\n<meta property=\"og:title\" content=\"Autentica\u00e7\u00e3o de Documentos - Consulado Geral da Rep\u00fablica de Angola em Lisboa\" \/>\n<meta property=\"og:description\" content=\"A Autentica\u00e7\u00e3o de Documentos \u00e9 um procedimento para reconhecer a autenticidade de um documento, atribuindo-lhe valor legal. Quer pedir a Autentica\u00e7\u00e3o de Documentos? Quem pode pedir? Como pedir? Quanto custa? Onde pedir? Quem pode pedir? Todos os cidad\u00e3os, empresas e ag\u00eancias angolanas ou de outra nacionalidade. Como pedir? DescarregarRequisitos Quanto custa? Pre\u00e7o Prazo de entrega 60,00\u20ac No pr\u00f3prio dia 40,00\u20ac 2 dias \u00fateis 20,00\u20ac 4 dias \u00fateis O valor pode ser pago por: Os pagamentos n\u00e3o s\u00e3o reembols\u00e1veis.Certifique-se que efectua [&hellip;]\" \/>\n<meta property=\"og:url\" content=\"https:\/\/consuladogeral-angola.pt\/en\/servicos\/autenticacao-de-documentos\/\" \/>\n<meta property=\"og:site_name\" content=\"Consulado Geral da Rep\u00fablica de Angola em Lisboa\" \/>\n<meta property=\"article:modified_time\" content=\"2025-07-17T16:58:29+00:00\" \/>\n<meta property=\"og:image\" content=\"https:\/\/consuladogeral-angola.pt\/wp-content\/uploads\/2022\/07\/info.png\" \/>\n<meta name=\"twitter:card\" content=\"summary_large_image\" \/>\n<meta name=\"twitter:label1\" content=\"Estimated reading time\" \/>\n\t<meta name=\"twitter:data1\" content=\"2 minutes\" \/>\n<script type=\"application\/ld+json\" class=\"yoast-schema-graph\">{\"@context\":\"https:\/\/schema.org\",\"@graph\":[{\"@type\":\"WebPage\",\"@id\":\"https:\/\/consuladogeral-angola.pt\/servicos\/autenticacao-de-documentos\/\",\"url\":\"https:\/\/consuladogeral-angola.pt\/servicos\/autenticacao-de-documentos\/\",\"name\":\"Autentica\u00e7\u00e3o de Documentos - Consulado Geral da Rep\u00fablica de Angola em Lisboa\",\"isPartOf\":{\"@id\":\"https:\/\/consuladogeral-angola.pt\/#website\"},\"primaryImageOfPage\":{\"@id\":\"https:\/\/consuladogeral-angola.pt\/servicos\/autenticacao-de-documentos\/#primaryimage\"},\"image\":{\"@id\":\"https:\/\/consuladogeral-angola.pt\/servicos\/autenticacao-de-documentos\/#primaryimage\"},\"thumbnailUrl\":\"https:\/\/consuladogeral-angola.pt\/wp-content\/uploads\/2022\/07\/info.png\",\"datePublished\":\"2022-07-13T14:29:41+00:00\",\"dateModified\":\"2025-07-17T16:58:29+00:00\",\"breadcrumb\":{\"@id\":\"https:\/\/consuladogeral-angola.pt\/servicos\/autenticacao-de-documentos\/#breadcrumb\"},\"inLanguage\":\"en-GB\",\"potentialAction\":[{\"@type\":\"ReadAction\",\"target\":[\"https:\/\/consuladogeral-angola.pt\/servicos\/autenticacao-de-documentos\/\"]}]},{\"@type\":\"ImageObject\",\"inLanguage\":\"en-GB\",\"@id\":\"https:\/\/consuladogeral-angola.pt\/servicos\/autenticacao-de-documentos\/#primaryimage\",\"url\":\"https:\/\/consuladogeral-angola.pt\/wp-content\/uploads\/2022\/07\/info.png\",\"contentUrl\":\"https:\/\/consuladogeral-angola.pt\/wp-content\/uploads\/2022\/07\/info.png\"},{\"@type\":\"BreadcrumbList\",\"@id\":\"https:\/\/consuladogeral-angola.pt\/servicos\/autenticacao-de-documentos\/#breadcrumb\",\"itemListElement\":[{\"@type\":\"ListItem\",\"position\":1,\"name\":\"Home\",\"item\":\"https:\/\/consuladogeral-angola.pt\/\"},{\"@type\":\"ListItem\",\"position\":2,\"name\":\"Servi\u00e7os\",\"item\":\"https:\/\/consuladogeral-angola.pt\/servicos\/\"},{\"@type\":\"ListItem\",\"position\":3,\"name\":\"Autentica\u00e7\u00e3o de Documentos\"}]},{\"@type\":\"WebSite\",\"@id\":\"https:\/\/consuladogeral-angola.pt\/#website\",\"url\":\"https:\/\/consuladogeral-angola.pt\/\",\"name\":\"Consulado Geral da Rep\u00fablica de Angola em Lisboa\",\"description\":\"\",\"potentialAction\":[{\"@type\":\"SearchAction\",\"target\":{\"@type\":\"EntryPoint\",\"urlTemplate\":\"https:\/\/consuladogeral-angola.pt\/?s={search_term_string}\"},\"query-input\":{\"@type\":\"PropertyValueSpecification\",\"valueRequired\":true,\"valueName\":\"search_term_string\"}}],\"inLanguage\":\"en-GB\"}]}<\/script>\n<!-- \/ Yoast SEO plugin. -->","yoast_head_json":{"title":"Autentica\u00e7\u00e3o de Documentos - Consulado Geral da Rep\u00fablica de Angola em Lisboa","robots":{"index":"index","follow":"follow","max-snippet":"max-snippet:-1","max-image-preview":"max-image-preview:large","max-video-preview":"max-video-preview:-1"},"canonical":"https:\/\/consuladogeral-angola.pt\/en\/servicos\/autenticacao-de-documentos\/","og_locale":"en_GB","og_type":"article","og_title":"Autentica\u00e7\u00e3o de Documentos - Consulado Geral da Rep\u00fablica de Angola em Lisboa","og_description":"A Autentica\u00e7\u00e3o de Documentos \u00e9 um procedimento para reconhecer a autenticidade de um documento, atribuindo-lhe valor legal. Quer pedir a Autentica\u00e7\u00e3o de Documentos? Quem pode pedir? Como pedir? Quanto custa? Onde pedir? Quem pode pedir? Todos os cidad\u00e3os, empresas e ag\u00eancias angolanas ou de outra nacionalidade. Como pedir? DescarregarRequisitos Quanto custa? Pre\u00e7o Prazo de entrega 60,00\u20ac No pr\u00f3prio dia 40,00\u20ac 2 dias \u00fateis 20,00\u20ac 4 dias \u00fateis O valor pode ser pago por: Os pagamentos n\u00e3o s\u00e3o reembols\u00e1veis.Certifique-se que efectua [&hellip;]","og_url":"https:\/\/consuladogeral-angola.pt\/en\/servicos\/autenticacao-de-documentos\/","og_site_name":"Consulado Geral da Rep\u00fablica de Angola em Lisboa","article_modified_time":"2025-07-17T16:58:29+00:00","og_image":[{"url":"https:\/\/consuladogeral-angola.pt\/wp-content\/uploads\/2022\/07\/info.png","type":"","width":"","height":""}],"twitter_card":"summary_large_image","twitter_misc":{"Estimated reading time":"2 minutes"},"schema":{"@context":"https:\/\/schema.org","@graph":[{"@type":"WebPage","@id":"https:\/\/consuladogeral-angola.pt\/servicos\/autenticacao-de-documentos\/","url":"https:\/\/consuladogeral-angola.pt\/servicos\/autenticacao-de-documentos\/","name":"Autentica\u00e7\u00e3o de Documentos - Consulado Geral da Rep\u00fablica de Angola em Lisboa","isPartOf":{"@id":"https:\/\/consuladogeral-angola.pt\/#website"},"primaryImageOfPage":{"@id":"https:\/\/consuladogeral-angola.pt\/servicos\/autenticacao-de-documentos\/#primaryimage"},"image":{"@id":"https:\/\/consuladogeral-angola.pt\/servicos\/autenticacao-de-documentos\/#primaryimage"},"thumbnailUrl":"https:\/\/consuladogeral-angola.pt\/wp-content\/uploads\/2022\/07\/info.png","datePublished":"2022-07-13T14:29:41+00:00","dateModified":"2025-07-17T16:58:29+00:00","breadcrumb":{"@id":"https:\/\/consuladogeral-angola.pt\/servicos\/autenticacao-de-documentos\/#breadcrumb"},"inLanguage":"en-GB","potentialAction":[{"@type":"ReadAction","target":["https:\/\/consuladogeral-angola.pt\/servicos\/autenticacao-de-documentos\/"]}]},{"@type":"ImageObject","inLanguage":"en-GB","@id":"https:\/\/consuladogeral-angola.pt\/servicos\/autenticacao-de-documentos\/#primaryimage","url":"https:\/\/consuladogeral-angola.pt\/wp-content\/uploads\/2022\/07\/info.png","contentUrl":"https:\/\/consuladogeral-angola.pt\/wp-content\/uploads\/2022\/07\/info.png"},{"@type":"BreadcrumbList","@id":"https:\/\/consuladogeral-angola.pt\/servicos\/autenticacao-de-documentos\/#breadcrumb","itemListElement":[{"@type":"ListItem","position":1,"name":"Home","item":"https:\/\/consuladogeral-angola.pt\/"},{"@type":"ListItem","position":2,"name":"Servi\u00e7os","item":"https:\/\/consuladogeral-angola.pt\/servicos\/"},{"@type":"ListItem","position":3,"name":"Autentica\u00e7\u00e3o de Documentos"}]},{"@type":"WebSite","@id":"https:\/\/consuladogeral-angola.pt\/#website","url":"https:\/\/consuladogeral-angola.pt\/","name":"Consulate General of the Republic of Angola in Lisbon","description":"","potentialAction":[{"@type":"SearchAction","target":{"@type":"EntryPoint","urlTemplate":"https:\/\/consuladogeral-angola.pt\/?s={search_term_string}"},"query-input":{"@type":"PropertyValueSpecification","valueRequired":true,"valueName":"search_term_string"}}],"inLanguage":"en-GB"}]}},"_links":{"self":[{"href":"https:\/\/consuladogeral-angola.pt\/en\/wp-json\/wp\/v2\/pages\/348","targetHints":{"allow":["GET"]}}],"collection":[{"href":"https:\/\/consuladogeral-angola.pt\/en\/wp-json\/wp\/v2\/pages"}],"about":[{"href":"https:\/\/consuladogeral-angola.pt\/en\/wp-json\/wp\/v2\/types\/page"}],"author":[{"embeddable":true,"href":"https:\/\/consuladogeral-angola.pt\/en\/wp-json\/wp\/v2\/users\/1"}],"replies":[{"embeddable":true,"href":"https:\/\/consuladogeral-angola.pt\/en\/wp-json\/wp\/v2\/comments?post=348"}],"version-history":[{"count":39,"href":"https:\/\/consuladogeral-angola.pt\/en\/wp-json\/wp\/v2\/pages\/348\/revisions"}],"predecessor-version":[{"id":3707,"href":"https:\/\/consuladogeral-angola.pt\/en\/wp-json\/wp\/v2\/pages\/348\/revisions\/3707"}],"up":[{"embeddable":true,"href":"https:\/\/consuladogeral-angola.pt\/en\/wp-json\/wp\/v2\/pages\/17"}],"wp:attachment":[{"href":"https:\/\/consuladogeral-angola.pt\/en\/wp-json\/wp\/v2\/media?parent=348"}],"curies":[{"name":"wp","href":"https:\/\/api.w.org\/{rel}","templated":true}]}}