{"id":366,"date":"2022-07-13T17:13:20","date_gmt":"2022-07-13T17:13:20","guid":{"rendered":"https:\/\/consuladogeral-angola.pt\/?page_id=366"},"modified":"2022-07-26T10:58:40","modified_gmt":"2022-07-26T10:58:40","slug":"emissao-de-declaracoes-diversas","status":"publish","type":"page","link":"https:\/\/consuladogeral-angola.pt\/en\/servicos\/emissao-de-declaracoes-diversas\/","title":{"rendered":"Emiss\u00e3o de Declara\u00e7\u00f5es Diversas"},"content":{"rendered":"<p>A emiss\u00e3o de declara\u00e7\u00f5es diversas serve para os cidad\u00e3os comprovarem um determinado facto perante uma entidade.<\/p>\n\n\n\n<p>Existem v\u00e1rios tipos de declara\u00e7\u00f5es, como por exemplo:<\/p>\n\n\n\n<ul class=\"wp-block-list\"><li>Prova de Vida;<\/li><li>Que o cidad\u00e3o n\u00e3o est\u00e1 ao servi\u00e7o do estado de Angola;<\/li><li>De confirma\u00e7\u00e3o da nacionalidade angolana;<\/li><li>Para o Servi\u00e7o de Estrangeiros e Fronteiras (SEF);<\/li><li>Para o Servi\u00e7o de Migra\u00e7\u00e3o e Estrangeiros de Angola (SME);<\/li><li>Outras.<\/li><\/ul>\n\n\n\n<p>Os documentos a apresentar podem variar em fun\u00e7\u00e3o da declara\u00e7\u00e3o que \u00e9 pedida.<\/p>\n\n\n\n<div class=\"important\">\n <h2>Quer pedir uma declara\u00e7\u00e3o?<\/h2>\n <div class=\"anchors\">\n  <h3><a href=\"https:\/\/consuladogeral-angola.pt\/en\/servicos\/emissao-de-declaracoes-diversas\/prova-de-vida\/\">Proof of life<\/a><\/h3>\n  <h3><a href=\"https:\/\/consuladogeral-angola.pt\/en\/servicos\/emissao-de-declaracoes-diversas\/declaracao-em-como-nao-esta-ao-servico-do-estado-angolano\/\">Que n\u00e3o est\u00e1 ao servi\u00e7o do Estado de Angola<\/a><\/h3>\n  <h3><a href=\"https:\/\/consuladogeral-angola.pt\/en\/servicos\/emissao-de-declaracoes-diversas\/prova-da-nacionalidade\/\">Confirma\u00e7\u00e3o da nacionalidade<\/a><\/h3>\n  <h3><a href=\"https:\/\/consuladogeral-angola.pt\/en\/servicos\/emissao-de-declaracoes-diversas\/declaracao-para-o-sef-e-para-o-sme\/\">Para o SEF<\/a><\/h3>\n  <h3><a href=\"https:\/\/consuladogeral-angola.pt\/en\/servicos\/emissao-de-declaracoes-diversas\/declaracao-para-o-sef-e-para-o-sme\/\">Para o SME<\/a><\/h3>\n  <h3><a href=\"https:\/\/consuladogeral-angola.pt\/en\/servicos\/emissao-de-declaracoes-diversas\/declaracao-de-autenticidade-da-carta-de-conducao\/\">Autenticidade da Carta de Condu\u00e7\u00e3o<\/a><\/h3>\n <\/div>\n<\/div>","protected":false},"excerpt":{"rendered":"<p>A emiss\u00e3o de declara\u00e7\u00f5es diversas serve para os cidad\u00e3os comprovarem um determinado facto perante uma entidade. Existem v\u00e1rios tipos de declara\u00e7\u00f5es, como por exemplo: Prova de Vida; Que o cidad\u00e3o n\u00e3o est\u00e1 ao servi\u00e7o do estado de Angola; De confirma\u00e7\u00e3o da nacionalidade angolana; Para o Servi\u00e7o de Estrangeiros e Fronteiras (SEF); Para o Servi\u00e7o de Migra\u00e7\u00e3o e Estrangeiros de Angola (SME); Outras. Os documentos a apresentar podem variar em fun\u00e7\u00e3o da declara\u00e7\u00e3o que \u00e9 pedida. Quer pedir uma declara\u00e7\u00e3o? Prova [&hellip;]<\/p>\n","protected":false},"author":1,"featured_media":0,"parent":17,"menu_order":0,"comment_status":"closed","ping_status":"closed","template":"template-parts\/layout-services.php","meta":{"_acf_changed":false,"footnotes":""},"class_list":["post-366","page","type-page","status-publish","hentry"],"acf":[],"yoast_head":"<!-- This site is optimized with the Yoast SEO plugin v27.1.1 - https:\/\/yoast.com\/product\/yoast-seo-wordpress\/ -->\n<title>Emiss\u00e3o de Declara\u00e7\u00f5es Diversas - Consulado Geral da Rep\u00fablica de Angola em Lisboa<\/title>\n<meta name=\"robots\" content=\"index, follow, max-snippet:-1, max-image-preview:large, max-video-preview:-1\" \/>\n<link rel=\"canonical\" href=\"https:\/\/consuladogeral-angola.pt\/en\/servicos\/emissao-de-declaracoes-diversas\/\" \/>\n<meta property=\"og:locale\" content=\"en_GB\" \/>\n<meta property=\"og:type\" content=\"article\" \/>\n<meta property=\"og:title\" content=\"Emiss\u00e3o de Declara\u00e7\u00f5es Diversas - Consulado Geral da Rep\u00fablica de Angola em Lisboa\" \/>\n<meta property=\"og:description\" content=\"A emiss\u00e3o de declara\u00e7\u00f5es diversas serve para os cidad\u00e3os comprovarem um determinado facto perante uma entidade. Existem v\u00e1rios tipos de declara\u00e7\u00f5es, como por exemplo: Prova de Vida; Que o cidad\u00e3o n\u00e3o est\u00e1 ao servi\u00e7o do estado de Angola; De confirma\u00e7\u00e3o da nacionalidade angolana; Para o Servi\u00e7o de Estrangeiros e Fronteiras (SEF); Para o Servi\u00e7o de Migra\u00e7\u00e3o e Estrangeiros de Angola (SME); Outras. Os documentos a apresentar podem variar em fun\u00e7\u00e3o da declara\u00e7\u00e3o que \u00e9 pedida. Quer pedir uma declara\u00e7\u00e3o? Prova [&hellip;]\" \/>\n<meta property=\"og:url\" content=\"https:\/\/consuladogeral-angola.pt\/en\/servicos\/emissao-de-declaracoes-diversas\/\" \/>\n<meta property=\"og:site_name\" content=\"Consulado Geral da Rep\u00fablica de Angola em Lisboa\" \/>\n<meta property=\"article:modified_time\" content=\"2022-07-26T10:58:40+00:00\" \/>\n<meta name=\"twitter:card\" content=\"summary_large_image\" \/>\n<meta name=\"twitter:label1\" content=\"Estimated reading time\" \/>\n\t<meta name=\"twitter:data1\" content=\"1 minute\" \/>\n<script type=\"application\/ld+json\" class=\"yoast-schema-graph\">{\"@context\":\"https:\/\/schema.org\",\"@graph\":[{\"@type\":\"WebPage\",\"@id\":\"https:\/\/consuladogeral-angola.pt\/servicos\/emissao-de-declaracoes-diversas\/\",\"url\":\"https:\/\/consuladogeral-angola.pt\/servicos\/emissao-de-declaracoes-diversas\/\",\"name\":\"Emiss\u00e3o de Declara\u00e7\u00f5es Diversas - Consulado Geral da Rep\u00fablica de Angola em Lisboa\",\"isPartOf\":{\"@id\":\"https:\/\/consuladogeral-angola.pt\/#website\"},\"datePublished\":\"2022-07-13T17:13:20+00:00\",\"dateModified\":\"2022-07-26T10:58:40+00:00\",\"breadcrumb\":{\"@id\":\"https:\/\/consuladogeral-angola.pt\/servicos\/emissao-de-declaracoes-diversas\/#breadcrumb\"},\"inLanguage\":\"en-GB\",\"potentialAction\":[{\"@type\":\"ReadAction\",\"target\":[\"https:\/\/consuladogeral-angola.pt\/servicos\/emissao-de-declaracoes-diversas\/\"]}]},{\"@type\":\"BreadcrumbList\",\"@id\":\"https:\/\/consuladogeral-angola.pt\/servicos\/emissao-de-declaracoes-diversas\/#breadcrumb\",\"itemListElement\":[{\"@type\":\"ListItem\",\"position\":1,\"name\":\"Home\",\"item\":\"https:\/\/consuladogeral-angola.pt\/\"},{\"@type\":\"ListItem\",\"position\":2,\"name\":\"Servi\u00e7os\",\"item\":\"https:\/\/consuladogeral-angola.pt\/servicos\/\"},{\"@type\":\"ListItem\",\"position\":3,\"name\":\"Emiss\u00e3o de Declara\u00e7\u00f5es Diversas\"}]},{\"@type\":\"WebSite\",\"@id\":\"https:\/\/consuladogeral-angola.pt\/#website\",\"url\":\"https:\/\/consuladogeral-angola.pt\/\",\"name\":\"Consulado Geral da Rep\u00fablica de Angola em Lisboa\",\"description\":\"\",\"potentialAction\":[{\"@type\":\"SearchAction\",\"target\":{\"@type\":\"EntryPoint\",\"urlTemplate\":\"https:\/\/consuladogeral-angola.pt\/?s={search_term_string}\"},\"query-input\":{\"@type\":\"PropertyValueSpecification\",\"valueRequired\":true,\"valueName\":\"search_term_string\"}}],\"inLanguage\":\"en-GB\"}]}<\/script>\n<!-- \/ Yoast SEO plugin. -->","yoast_head_json":{"title":"Emiss\u00e3o de Declara\u00e7\u00f5es Diversas - Consulado Geral da Rep\u00fablica de Angola em Lisboa","robots":{"index":"index","follow":"follow","max-snippet":"max-snippet:-1","max-image-preview":"max-image-preview:large","max-video-preview":"max-video-preview:-1"},"canonical":"https:\/\/consuladogeral-angola.pt\/en\/servicos\/emissao-de-declaracoes-diversas\/","og_locale":"en_GB","og_type":"article","og_title":"Emiss\u00e3o de Declara\u00e7\u00f5es Diversas - Consulado Geral da Rep\u00fablica de Angola em Lisboa","og_description":"A emiss\u00e3o de declara\u00e7\u00f5es diversas serve para os cidad\u00e3os comprovarem um determinado facto perante uma entidade. Existem v\u00e1rios tipos de declara\u00e7\u00f5es, como por exemplo: Prova de Vida; Que o cidad\u00e3o n\u00e3o est\u00e1 ao servi\u00e7o do estado de Angola; De confirma\u00e7\u00e3o da nacionalidade angolana; Para o Servi\u00e7o de Estrangeiros e Fronteiras (SEF); Para o Servi\u00e7o de Migra\u00e7\u00e3o e Estrangeiros de Angola (SME); Outras. Os documentos a apresentar podem variar em fun\u00e7\u00e3o da declara\u00e7\u00e3o que \u00e9 pedida. Quer pedir uma declara\u00e7\u00e3o? Prova [&hellip;]","og_url":"https:\/\/consuladogeral-angola.pt\/en\/servicos\/emissao-de-declaracoes-diversas\/","og_site_name":"Consulado Geral da Rep\u00fablica de Angola em Lisboa","article_modified_time":"2022-07-26T10:58:40+00:00","twitter_card":"summary_large_image","twitter_misc":{"Estimated reading time":"1 minute"},"schema":{"@context":"https:\/\/schema.org","@graph":[{"@type":"WebPage","@id":"https:\/\/consuladogeral-angola.pt\/servicos\/emissao-de-declaracoes-diversas\/","url":"https:\/\/consuladogeral-angola.pt\/servicos\/emissao-de-declaracoes-diversas\/","name":"Emiss\u00e3o de Declara\u00e7\u00f5es Diversas - Consulado Geral da Rep\u00fablica de Angola em Lisboa","isPartOf":{"@id":"https:\/\/consuladogeral-angola.pt\/#website"},"datePublished":"2022-07-13T17:13:20+00:00","dateModified":"2022-07-26T10:58:40+00:00","breadcrumb":{"@id":"https:\/\/consuladogeral-angola.pt\/servicos\/emissao-de-declaracoes-diversas\/#breadcrumb"},"inLanguage":"en-GB","potentialAction":[{"@type":"ReadAction","target":["https:\/\/consuladogeral-angola.pt\/servicos\/emissao-de-declaracoes-diversas\/"]}]},{"@type":"BreadcrumbList","@id":"https:\/\/consuladogeral-angola.pt\/servicos\/emissao-de-declaracoes-diversas\/#breadcrumb","itemListElement":[{"@type":"ListItem","position":1,"name":"Home","item":"https:\/\/consuladogeral-angola.pt\/"},{"@type":"ListItem","position":2,"name":"Servi\u00e7os","item":"https:\/\/consuladogeral-angola.pt\/servicos\/"},{"@type":"ListItem","position":3,"name":"Emiss\u00e3o de Declara\u00e7\u00f5es Diversas"}]},{"@type":"WebSite","@id":"https:\/\/consuladogeral-angola.pt\/#website","url":"https:\/\/consuladogeral-angola.pt\/","name":"Consulate General of the Republic of Angola in Lisbon","description":"","potentialAction":[{"@type":"SearchAction","target":{"@type":"EntryPoint","urlTemplate":"https:\/\/consuladogeral-angola.pt\/?s={search_term_string}"},"query-input":{"@type":"PropertyValueSpecification","valueRequired":true,"valueName":"search_term_string"}}],"inLanguage":"en-GB"}]}},"_links":{"self":[{"href":"https:\/\/consuladogeral-angola.pt\/en\/wp-json\/wp\/v2\/pages\/366","targetHints":{"allow":["GET"]}}],"collection":[{"href":"https:\/\/consuladogeral-angola.pt\/en\/wp-json\/wp\/v2\/pages"}],"about":[{"href":"https:\/\/consuladogeral-angola.pt\/en\/wp-json\/wp\/v2\/types\/page"}],"author":[{"embeddable":true,"href":"https:\/\/consuladogeral-angola.pt\/en\/wp-json\/wp\/v2\/users\/1"}],"replies":[{"embeddable":true,"href":"https:\/\/consuladogeral-angola.pt\/en\/wp-json\/wp\/v2\/comments?post=366"}],"version-history":[{"count":7,"href":"https:\/\/consuladogeral-angola.pt\/en\/wp-json\/wp\/v2\/pages\/366\/revisions"}],"predecessor-version":[{"id":886,"href":"https:\/\/consuladogeral-angola.pt\/en\/wp-json\/wp\/v2\/pages\/366\/revisions\/886"}],"up":[{"embeddable":true,"href":"https:\/\/consuladogeral-angola.pt\/en\/wp-json\/wp\/v2\/pages\/17"}],"wp:attachment":[{"href":"https:\/\/consuladogeral-angola.pt\/en\/wp-json\/wp\/v2\/media?parent=366"}],"curies":[{"name":"wp","href":"https:\/\/api.w.org\/{rel}","templated":true}]}}