{"id":426,"date":"2022-07-15T13:04:32","date_gmt":"2022-07-15T13:04:32","guid":{"rendered":"https:\/\/consuladogeral-angola.pt\/?page_id=426"},"modified":"2025-07-17T16:52:27","modified_gmt":"2025-07-17T16:52:27","slug":"remessa-da-capacidade-matrimonial","status":"publish","type":"page","link":"https:\/\/consuladogeral-angola.pt\/en\/servicos\/casamento\/remessa-da-capacidade-matrimonial\/","title":{"rendered":"Remittance of Marital Capacity"},"content":{"rendered":"<p>\u00c9 a tramita\u00e7\u00e3o do processo de verifica\u00e7\u00e3o de Capacidade Matrimonial em territ\u00f3rio portugu\u00eas para remeter \u00e0 Conservat\u00f3ria dos Registos Centrais de Angola.<\/p>\n\n\n\n<p><\/p>\n\n\n\n<div class=\"important\">\n <h2>Quer pedir a Remessa da Capacidade Matrimonial?<\/h2>\n <div class=\"anchors\">\n  <h3><a href=\"#quem-pode-pedir\">Who can apply?<\/a><\/h3>\n  <h3><a href=\"#como-pedir\">How to apply?<\/a><\/h3>\n  <h3><a href=\"#quanto-custa\">How much does it cost?<\/a><\/h3>\n  <h3><a href=\"#onde-pedir\">Where to apply?<\/a><\/h3>\n <\/div>\n<\/div>\n\n\n\n<a class=\"anchor\" id=\"quem-pode-pedir\"><\/a>\n\n\n\n<h3 class=\"wp-block-heading\" id=\"quem-pode-pedir\">Who can apply?<\/h3>\n\n\n\n<p>Todos os cidad\u00e3os angolanos ou de outra nacionalidade que pretendam casar com um(a) cidad\u00e3o(\u00e3) angolano(a).<\/p>\n\n\n\n<p>\u00c9 obrigat\u00f3ria a presen\u00e7a do cidad\u00e3o que pretende iniciar o processo de remessa da capacidade matrimonial para a Conservat\u00f3ria do Registos Centrais de Angola.<\/p>\n\n\n\n<a class=\"anchor\" id=\"como-pedir\"><\/a>\n\n\n\n<h3 class=\"wp-block-heading\" id=\"como-pedir\">How to apply?<\/h3>\n\n\n\n<a href=\"https:\/\/consuladogeral-angola.pt\/wp-content\/uploads\/2022\/09\/Remessa-de-Capacidade-Matrimonial.pdf\" class=\"special-download-button\" target=\"_blank\" rel=\"noopener\"><i class=\"fas fa-download\"><\/i><span>Download<br><span class=\"small-text\">Requisitos<\/span><\/span><\/a>\n\n\n\n<a class=\"anchor\" id=\"quanto-custa\"><\/a>\n\n\n\n<h3 class=\"wp-block-heading\" id=\"quanto-custa\">How much does it cost?<\/h3>\n\n\n\n<p>There is no cost. <\/p>\n\n\n\n<p>The delivery time is 15 working days.<\/p>\n\n\n\n<a class=\"anchor\" id=\"onde-pedir\"><\/a>\n\n\n\n<h3 class=\"wp-block-heading\" id=\"onde-pedir\">Where to apply?<\/h3>\n\n\n\n<p>At the Consulate General of Angola in Lisbon.<\/p>\n\n\n\n<p><a rel=\"noreferrer noopener\" href=\"#\" target=\"_blank\">Find out where we are and our schedule.<\/a><\/p>\n\n\n\n<a class=\"button\" id=\"agendamento-button\">Schedule<br><span class=\"small-text\">Remittance of Marital Capacity<\/span><\/a>\n\n\n\n<div id=\"agendamento-modal\">\n<div class=\"agendamento-content\">\n<div class=\"header\"><span class=\"title\">Book a service | Convenient and queue-free<\/span><span id=\"close\">X<\/span><\/div>\n\n<p>You are about to schedule the service.<\/p>\n<p>On the day and time of the appointment hand in the necessary documents and the information sheet that can be downloaded by clicking on the following button:<\/p>\n<a href=\"https:\/\/consuladogeral-angola.pt\/wp-content\/uploads\/2022\/09\/Remessa-de-Capacidade-Matrimonial.pdf\" class=\"download-button\" target=\"_blank\" rel=\"noopener\">Download<\/a>\n<p>Click on the following button to select the day and time of your appointment:<\/p>\n<a href=\"https:\/\/www.sigaconangola.com\/ords\/r\/sigacon\/agendamento\" target=\"_blank\" class=\"agendamento-button\" rel=\"noopener\">Schedule<\/a>\n\n<\/div>\n<\/div>","protected":false},"excerpt":{"rendered":"<p>\u00c9 a tramita\u00e7\u00e3o do processo de verifica\u00e7\u00e3o de Capacidade Matrimonial em territ\u00f3rio portugu\u00eas para remeter \u00e0 Conservat\u00f3ria dos Registos Centrais de Angola. Quer pedir a Remessa da Capacidade Matrimonial? Quem pode pedir? Como pedir? Quanto custa? Onde pedir? Quem pode pedir? Todos os cidad\u00e3os angolanos ou de outra nacionalidade que pretendam casar com um(a) cidad\u00e3o(\u00e3) angolano(a). \u00c9 obrigat\u00f3ria a presen\u00e7a do cidad\u00e3o que pretende iniciar o processo de remessa da capacidade matrimonial para a Conservat\u00f3ria do Registos Centrais de Angola. [&hellip;]<\/p>\n","protected":false},"author":1,"featured_media":0,"parent":474,"menu_order":0,"comment_status":"closed","ping_status":"closed","template":"template-parts\/layout-services-child.php","meta":{"_acf_changed":false,"footnotes":""},"class_list":["post-426","page","type-page","status-publish","hentry"],"acf":[],"yoast_head":"<!-- This site is optimized with the Yoast SEO plugin v27.1.1 - https:\/\/yoast.com\/product\/yoast-seo-wordpress\/ -->\n<title>Remessa da Capacidade Matrimonial - Consulado Geral da Rep\u00fablica de Angola em Lisboa<\/title>\n<meta name=\"robots\" content=\"index, follow, max-snippet:-1, max-image-preview:large, max-video-preview:-1\" \/>\n<link rel=\"canonical\" href=\"https:\/\/consuladogeral-angola.pt\/en\/servicos\/casamento\/remessa-da-capacidade-matrimonial\/\" \/>\n<meta property=\"og:locale\" content=\"en_GB\" \/>\n<meta property=\"og:type\" content=\"article\" \/>\n<meta property=\"og:title\" content=\"Remessa da Capacidade Matrimonial - Consulado Geral da Rep\u00fablica de Angola em Lisboa\" \/>\n<meta property=\"og:description\" content=\"\u00c9 a tramita\u00e7\u00e3o do processo de verifica\u00e7\u00e3o de Capacidade Matrimonial em territ\u00f3rio portugu\u00eas para remeter \u00e0 Conservat\u00f3ria dos Registos Centrais de Angola. Quer pedir a Remessa da Capacidade Matrimonial? Quem pode pedir? Como pedir? Quanto custa? Onde pedir? Quem pode pedir? Todos os cidad\u00e3os angolanos ou de outra nacionalidade que pretendam casar com um(a) cidad\u00e3o(\u00e3) angolano(a). \u00c9 obrigat\u00f3ria a presen\u00e7a do cidad\u00e3o que pretende iniciar o processo de remessa da capacidade matrimonial para a Conservat\u00f3ria do Registos Centrais de Angola. [&hellip;]\" \/>\n<meta property=\"og:url\" content=\"https:\/\/consuladogeral-angola.pt\/en\/servicos\/casamento\/remessa-da-capacidade-matrimonial\/\" \/>\n<meta property=\"og:site_name\" content=\"Consulado Geral da Rep\u00fablica de Angola em Lisboa\" \/>\n<meta property=\"article:modified_time\" content=\"2025-07-17T16:52:27+00:00\" \/>\n<meta name=\"twitter:card\" content=\"summary_large_image\" \/>\n<meta name=\"twitter:label1\" content=\"Estimated reading time\" \/>\n\t<meta name=\"twitter:data1\" content=\"1 minute\" \/>\n<script type=\"application\/ld+json\" class=\"yoast-schema-graph\">{\"@context\":\"https:\/\/schema.org\",\"@graph\":[{\"@type\":\"WebPage\",\"@id\":\"https:\/\/consuladogeral-angola.pt\/servicos\/casamento\/remessa-da-capacidade-matrimonial\/\",\"url\":\"https:\/\/consuladogeral-angola.pt\/servicos\/casamento\/remessa-da-capacidade-matrimonial\/\",\"name\":\"Remessa da Capacidade Matrimonial - Consulado Geral da Rep\u00fablica de Angola em Lisboa\",\"isPartOf\":{\"@id\":\"https:\/\/consuladogeral-angola.pt\/#website\"},\"datePublished\":\"2022-07-15T13:04:32+00:00\",\"dateModified\":\"2025-07-17T16:52:27+00:00\",\"breadcrumb\":{\"@id\":\"https:\/\/consuladogeral-angola.pt\/servicos\/casamento\/remessa-da-capacidade-matrimonial\/#breadcrumb\"},\"inLanguage\":\"en-GB\",\"potentialAction\":[{\"@type\":\"ReadAction\",\"target\":[\"https:\/\/consuladogeral-angola.pt\/servicos\/casamento\/remessa-da-capacidade-matrimonial\/\"]}]},{\"@type\":\"BreadcrumbList\",\"@id\":\"https:\/\/consuladogeral-angola.pt\/servicos\/casamento\/remessa-da-capacidade-matrimonial\/#breadcrumb\",\"itemListElement\":[{\"@type\":\"ListItem\",\"position\":1,\"name\":\"Home\",\"item\":\"https:\/\/consuladogeral-angola.pt\/\"},{\"@type\":\"ListItem\",\"position\":2,\"name\":\"Servi\u00e7os\",\"item\":\"https:\/\/consuladogeral-angola.pt\/servicos\/\"},{\"@type\":\"ListItem\",\"position\":3,\"name\":\"Casamento\",\"item\":\"https:\/\/consuladogeral-angola.pt\/servicos\/casamento\/\"},{\"@type\":\"ListItem\",\"position\":4,\"name\":\"Remessa da Capacidade Matrimonial\"}]},{\"@type\":\"WebSite\",\"@id\":\"https:\/\/consuladogeral-angola.pt\/#website\",\"url\":\"https:\/\/consuladogeral-angola.pt\/\",\"name\":\"Consulado Geral da Rep\u00fablica de Angola em Lisboa\",\"description\":\"\",\"potentialAction\":[{\"@type\":\"SearchAction\",\"target\":{\"@type\":\"EntryPoint\",\"urlTemplate\":\"https:\/\/consuladogeral-angola.pt\/?s={search_term_string}\"},\"query-input\":{\"@type\":\"PropertyValueSpecification\",\"valueRequired\":true,\"valueName\":\"search_term_string\"}}],\"inLanguage\":\"en-GB\"}]}<\/script>\n<!-- \/ Yoast SEO plugin. -->","yoast_head_json":{"title":"Remessa da Capacidade Matrimonial - Consulado Geral da Rep\u00fablica de Angola em Lisboa","robots":{"index":"index","follow":"follow","max-snippet":"max-snippet:-1","max-image-preview":"max-image-preview:large","max-video-preview":"max-video-preview:-1"},"canonical":"https:\/\/consuladogeral-angola.pt\/en\/servicos\/casamento\/remessa-da-capacidade-matrimonial\/","og_locale":"en_GB","og_type":"article","og_title":"Remessa da Capacidade Matrimonial - Consulado Geral da Rep\u00fablica de Angola em Lisboa","og_description":"\u00c9 a tramita\u00e7\u00e3o do processo de verifica\u00e7\u00e3o de Capacidade Matrimonial em territ\u00f3rio portugu\u00eas para remeter \u00e0 Conservat\u00f3ria dos Registos Centrais de Angola. Quer pedir a Remessa da Capacidade Matrimonial? Quem pode pedir? Como pedir? Quanto custa? Onde pedir? Quem pode pedir? Todos os cidad\u00e3os angolanos ou de outra nacionalidade que pretendam casar com um(a) cidad\u00e3o(\u00e3) angolano(a). \u00c9 obrigat\u00f3ria a presen\u00e7a do cidad\u00e3o que pretende iniciar o processo de remessa da capacidade matrimonial para a Conservat\u00f3ria do Registos Centrais de Angola. [&hellip;]","og_url":"https:\/\/consuladogeral-angola.pt\/en\/servicos\/casamento\/remessa-da-capacidade-matrimonial\/","og_site_name":"Consulado Geral da Rep\u00fablica de Angola em Lisboa","article_modified_time":"2025-07-17T16:52:27+00:00","twitter_card":"summary_large_image","twitter_misc":{"Estimated reading time":"1 minute"},"schema":{"@context":"https:\/\/schema.org","@graph":[{"@type":"WebPage","@id":"https:\/\/consuladogeral-angola.pt\/servicos\/casamento\/remessa-da-capacidade-matrimonial\/","url":"https:\/\/consuladogeral-angola.pt\/servicos\/casamento\/remessa-da-capacidade-matrimonial\/","name":"Remessa da Capacidade Matrimonial - Consulado Geral da Rep\u00fablica de Angola em Lisboa","isPartOf":{"@id":"https:\/\/consuladogeral-angola.pt\/#website"},"datePublished":"2022-07-15T13:04:32+00:00","dateModified":"2025-07-17T16:52:27+00:00","breadcrumb":{"@id":"https:\/\/consuladogeral-angola.pt\/servicos\/casamento\/remessa-da-capacidade-matrimonial\/#breadcrumb"},"inLanguage":"en-GB","potentialAction":[{"@type":"ReadAction","target":["https:\/\/consuladogeral-angola.pt\/servicos\/casamento\/remessa-da-capacidade-matrimonial\/"]}]},{"@type":"BreadcrumbList","@id":"https:\/\/consuladogeral-angola.pt\/servicos\/casamento\/remessa-da-capacidade-matrimonial\/#breadcrumb","itemListElement":[{"@type":"ListItem","position":1,"name":"Home","item":"https:\/\/consuladogeral-angola.pt\/"},{"@type":"ListItem","position":2,"name":"Servi\u00e7os","item":"https:\/\/consuladogeral-angola.pt\/servicos\/"},{"@type":"ListItem","position":3,"name":"Casamento","item":"https:\/\/consuladogeral-angola.pt\/servicos\/casamento\/"},{"@type":"ListItem","position":4,"name":"Remessa da Capacidade Matrimonial"}]},{"@type":"WebSite","@id":"https:\/\/consuladogeral-angola.pt\/#website","url":"https:\/\/consuladogeral-angola.pt\/","name":"Consulate General of the Republic of Angola in Lisbon","description":"","potentialAction":[{"@type":"SearchAction","target":{"@type":"EntryPoint","urlTemplate":"https:\/\/consuladogeral-angola.pt\/?s={search_term_string}"},"query-input":{"@type":"PropertyValueSpecification","valueRequired":true,"valueName":"search_term_string"}}],"inLanguage":"en-GB"}]}},"_links":{"self":[{"href":"https:\/\/consuladogeral-angola.pt\/en\/wp-json\/wp\/v2\/pages\/426","targetHints":{"allow":["GET"]}}],"collection":[{"href":"https:\/\/consuladogeral-angola.pt\/en\/wp-json\/wp\/v2\/pages"}],"about":[{"href":"https:\/\/consuladogeral-angola.pt\/en\/wp-json\/wp\/v2\/types\/page"}],"author":[{"embeddable":true,"href":"https:\/\/consuladogeral-angola.pt\/en\/wp-json\/wp\/v2\/users\/1"}],"replies":[{"embeddable":true,"href":"https:\/\/consuladogeral-angola.pt\/en\/wp-json\/wp\/v2\/comments?post=426"}],"version-history":[{"count":24,"href":"https:\/\/consuladogeral-angola.pt\/en\/wp-json\/wp\/v2\/pages\/426\/revisions"}],"predecessor-version":[{"id":3697,"href":"https:\/\/consuladogeral-angola.pt\/en\/wp-json\/wp\/v2\/pages\/426\/revisions\/3697"}],"up":[{"embeddable":true,"href":"https:\/\/consuladogeral-angola.pt\/en\/wp-json\/wp\/v2\/pages\/474"}],"wp:attachment":[{"href":"https:\/\/consuladogeral-angola.pt\/en\/wp-json\/wp\/v2\/media?parent=426"}],"curies":[{"name":"wp","href":"https:\/\/api.w.org\/{rel}","templated":true}]}}