{"id":440,"date":"2022-07-18T08:52:55","date_gmt":"2022-07-18T08:52:55","guid":{"rendered":"https:\/\/consuladogeral-angola.pt\/?page_id=440"},"modified":"2023-10-17T11:35:38","modified_gmt":"2023-10-17T11:35:38","slug":"consulado","status":"publish","type":"page","link":"https:\/\/consuladogeral-angola.pt\/en\/consulado\/","title":{"rendered":"Consulate"},"content":{"rendered":"<a class=\"anchor\" id=\"compromisso\"><\/a>\n\n\n\n<h3 class=\"wp-block-heading\">Our commitment<\/h3>\n\n\n\n<p style=\"font-size:16px\">Bem-vindos (as) \u00e0 p\u00e1gina oficial do&nbsp;<strong>Consulate General of the Republic of Angola in Lisbon<\/strong>.<\/p>\n\n\n\n<p>Visando melhor servir a comunidade angolana, investidores, empres\u00e1rios, turistas e todos as pessoas que desejam melhor conhecer Angola, pa\u00eds com in\u00fameras potencialidades, oportunidades de neg\u00f3cio e um povo acolhedor.<\/p>\n\n\n\n<p>Com intuito de contribuir para o refor\u00e7o da coopera\u00e7\u00e3o bilateral entre Angola e Portugal.<\/p>\n\n\n\n<p>Quero em meu nome pessoal e no do colectivo de funcion\u00e1rios do Consulado Geral da Rep\u00fablica de Angola em Lisboa estabelecer o presente compromisso que visa promover um relacionamento construtivo entre o Consulado e os seus utentes, visando uma melhor presta\u00e7\u00e3o de servi\u00e7o.<\/p>\n\n\n\n<div class=\"two-column\">\n<div>\n<h4>We commit ourselves to:<\/h4>\n<span>1 - To provide a quality service to all users, without any kind of discrimination.<\/span>\n<span>2 - To treat users with professionalism, respect and courtesy in a fair and impartial manner.<\/span>\n<span>3 - To provide a clean, safe and comfortable environment, with access and facilities available to meet the basic needs of users, including those with special needs.<\/span>\n<span>4 - To provide accurate and updated information, using clear and simple language, by telephone, in person, or through our website.<\/span>\n<span>5 - To protect the information received from users and their personal data and to facilitate access to appropriate facilities for confidential conversations.<\/span>\n<span>6 - Strive to provide an efficient and punctual service.<\/span>\n<span>7 - To provide users with the necessary means to make comments about our services and staff; to treat comments seriously and promptly, fairly and impartially; and to provide the user with a proper response.<\/span>\n<span>8 - To implement the necessary evaluation measures for the continuous improvement of our services.<\/span>\n<\/div>\n<div>\n<h4>We expect from you:<\/h4>\n<span>1 - Your collaboration to achieve the desired quality in our service.<\/span>\n<span>2 - Respect and polite treatment to all employees of the Consulate General, as well as recognition of the employee's right to dignity at work.<\/span>\n<span>3 - The respect for the maintenance of the cleanliness, safety and comfort of the facilities and the collaboration in supporting users with special needs.<\/span>\n<span>4 - The use of available means to collect the information necessary to deal with their affairs.<\/span>\n<span>5 - The provision of authentic data and respect for the privacy of other users.<\/span>\n<span>6 - The respect for the information and guidelines received and also for the established deadlines.<\/span>\n<span>7 - The use of available means to present your comments about our services and staff. We welcome the presentation of complaints as well as solutions.<\/span>\n<span>8 - Your contribution towards improving our services by making suggestions.<\/span>\n<\/div>\n<\/div>\n\n\n\n<p class=\"has-text-align-center\"><\/p>\n\n\n\n<a href=\"https:\/\/consuladogeral-angola.pt\/en\/contactos\/#contact-form\" class=\"special-download-button\" target=\"_blank\" rel=\"noopener\"><span>Sugest\u00f5es<br>e Reclama\u00e7\u00f5es<\/span><\/a>\n\n\n\n<p><\/p>\n\n\n\n<div style=\"height:50px\" aria-hidden=\"true\" class=\"wp-block-spacer\"><\/div>\n\n\n\n<a class=\"anchor\" id=\"equipa\"><\/a>\n\n\n\n<h3 class=\"wp-block-heading\">Team<\/h3>\n\n\n\n<h4 class=\"wp-block-heading has-text-align-center\">C\u00d4NSUL GERAL<\/h4>\n\n\n\n<p class=\"has-text-align-center\">Ambassador Vic\u00eancia Ferreira Morais de Brito<\/p>\n\n\n\n<h4 class=\"wp-block-heading\">Biographical overview<\/h4>\n\n\n\n<p>Embaixadora de carreira, exerceu as fun\u00e7\u00f5es de Diretora para Europa do MIREX e no passado chefiou a Miss\u00e3o Consular da rep\u00fablica de Angola em Londres entre outras fun\u00e7\u00f5es exercidas no MIREX.<\/p>\n\n\n\n<div style=\"height:50px\" aria-hidden=\"true\" class=\"wp-block-spacer\"><\/div>\n\n\n\n<hr class=\"wp-block-separator has-text-color has-alpha-channel-opacity has-background\" style=\"background-color:#ffffff00;color:#ffffff00\"\/>\n\n\n\n<div class=\"triple-column\">\n<div>\n<h4>VICE-C\u00d4NSUL<\/h4>\nNotary\n<br>\nConcei\u00e7\u00e3o Mawete\n<\/div>\n<div>\n<h4>VICE-C\u00d4NSUL<\/h4>\nCivil Registry\n<br>\n\n<\/div>\n\n<div>\n<h4>VICE-C\u00d4NSUL<\/h4>\nFor communities\n<br>\nIsidro Adriano\n<\/div>\n\n<div>\n<h4>VICE-C\u00d4NSUL<\/h4>\nMigratory area\n<br>\nManuel Rezende\n<\/div>\n<\/div>\n\n\n\n<div style=\"height:50px\" aria-hidden=\"true\" class=\"wp-block-spacer\"><\/div>\n\n\n\n<a class=\"anchor\" id=\"horario\"><\/a>\n\n\n\n<h3 class=\"wp-block-heading\">Schedule<\/h3>\n\n\n\n<p><a href=\"https:\/\/consuladogeral-angola.pt\/en\/contactos\/\" data-type=\"page\" data-id=\"94\">Find out our schedule and where we are.<\/a><\/p>","protected":false},"excerpt":{"rendered":"<p>O nosso compromisso Bem-vindos (as) \u00e0 p\u00e1gina oficial do&nbsp;Consulado Geral da Rep\u00fablica de Angola em Lisboa. Visando melhor servir a comunidade angolana, investidores, empres\u00e1rios, turistas e todos as pessoas que desejam melhor conhecer Angola, pa\u00eds com in\u00fameras potencialidades, oportunidades de neg\u00f3cio e um povo acolhedor. Com intuito de contribuir para o refor\u00e7o da coopera\u00e7\u00e3o bilateral entre Angola e Portugal. Quero em meu nome pessoal e no do colectivo de funcion\u00e1rios do Consulado Geral da Rep\u00fablica de Angola em Lisboa estabelecer [&hellip;]<\/p>\n","protected":false},"author":1,"featured_media":0,"parent":0,"menu_order":0,"comment_status":"closed","ping_status":"closed","template":"template-parts\/layout-serviceless.php","meta":{"_acf_changed":false,"footnotes":""},"class_list":["post-440","page","type-page","status-publish","hentry"],"acf":[],"yoast_head":"<!-- This site is optimized with the Yoast SEO plugin v27.1.1 - https:\/\/yoast.com\/product\/yoast-seo-wordpress\/ -->\n<title>Consulado - Consulado Geral da Rep\u00fablica de Angola em Lisboa<\/title>\n<meta name=\"robots\" content=\"index, follow, max-snippet:-1, max-image-preview:large, max-video-preview:-1\" \/>\n<link rel=\"canonical\" href=\"https:\/\/consuladogeral-angola.pt\/en\/consulado\/\" \/>\n<meta property=\"og:locale\" content=\"en_GB\" \/>\n<meta property=\"og:type\" content=\"article\" \/>\n<meta property=\"og:title\" content=\"Consulado - Consulado Geral da Rep\u00fablica de Angola em Lisboa\" \/>\n<meta property=\"og:description\" content=\"O nosso compromisso Bem-vindos (as) \u00e0 p\u00e1gina oficial do&nbsp;Consulado Geral da Rep\u00fablica de Angola em Lisboa. Visando melhor servir a comunidade angolana, investidores, empres\u00e1rios, turistas e todos as pessoas que desejam melhor conhecer Angola, pa\u00eds com in\u00fameras potencialidades, oportunidades de neg\u00f3cio e um povo acolhedor. Com intuito de contribuir para o refor\u00e7o da coopera\u00e7\u00e3o bilateral entre Angola e Portugal. Quero em meu nome pessoal e no do colectivo de funcion\u00e1rios do Consulado Geral da Rep\u00fablica de Angola em Lisboa estabelecer [&hellip;]\" \/>\n<meta property=\"og:url\" content=\"https:\/\/consuladogeral-angola.pt\/en\/consulado\/\" \/>\n<meta property=\"og:site_name\" content=\"Consulado Geral da Rep\u00fablica de Angola em Lisboa\" \/>\n<meta property=\"article:modified_time\" content=\"2023-10-17T11:35:38+00:00\" \/>\n<meta name=\"twitter:card\" content=\"summary_large_image\" \/>\n<meta name=\"twitter:label1\" content=\"Estimated reading time\" \/>\n\t<meta name=\"twitter:data1\" content=\"3 minutes\" \/>\n<script type=\"application\/ld+json\" class=\"yoast-schema-graph\">{\"@context\":\"https:\/\/schema.org\",\"@graph\":[{\"@type\":\"WebPage\",\"@id\":\"https:\/\/consuladogeral-angola.pt\/consulado\/\",\"url\":\"https:\/\/consuladogeral-angola.pt\/consulado\/\",\"name\":\"Consulado - Consulado Geral da Rep\u00fablica de Angola em Lisboa\",\"isPartOf\":{\"@id\":\"https:\/\/consuladogeral-angola.pt\/#website\"},\"datePublished\":\"2022-07-18T08:52:55+00:00\",\"dateModified\":\"2023-10-17T11:35:38+00:00\",\"breadcrumb\":{\"@id\":\"https:\/\/consuladogeral-angola.pt\/consulado\/#breadcrumb\"},\"inLanguage\":\"en-GB\",\"potentialAction\":[{\"@type\":\"ReadAction\",\"target\":[\"https:\/\/consuladogeral-angola.pt\/consulado\/\"]}]},{\"@type\":\"BreadcrumbList\",\"@id\":\"https:\/\/consuladogeral-angola.pt\/consulado\/#breadcrumb\",\"itemListElement\":[{\"@type\":\"ListItem\",\"position\":1,\"name\":\"Home\",\"item\":\"https:\/\/consuladogeral-angola.pt\/\"},{\"@type\":\"ListItem\",\"position\":2,\"name\":\"Consulado\"}]},{\"@type\":\"WebSite\",\"@id\":\"https:\/\/consuladogeral-angola.pt\/#website\",\"url\":\"https:\/\/consuladogeral-angola.pt\/\",\"name\":\"Consulado Geral da Rep\u00fablica de Angola em Lisboa\",\"description\":\"\",\"potentialAction\":[{\"@type\":\"SearchAction\",\"target\":{\"@type\":\"EntryPoint\",\"urlTemplate\":\"https:\/\/consuladogeral-angola.pt\/?s={search_term_string}\"},\"query-input\":{\"@type\":\"PropertyValueSpecification\",\"valueRequired\":true,\"valueName\":\"search_term_string\"}}],\"inLanguage\":\"en-GB\"}]}<\/script>\n<!-- \/ Yoast SEO plugin. -->","yoast_head_json":{"title":"Consulado - Consulado Geral da Rep\u00fablica de Angola em Lisboa","robots":{"index":"index","follow":"follow","max-snippet":"max-snippet:-1","max-image-preview":"max-image-preview:large","max-video-preview":"max-video-preview:-1"},"canonical":"https:\/\/consuladogeral-angola.pt\/en\/consulado\/","og_locale":"en_GB","og_type":"article","og_title":"Consulado - Consulado Geral da Rep\u00fablica de Angola em Lisboa","og_description":"O nosso compromisso Bem-vindos (as) \u00e0 p\u00e1gina oficial do&nbsp;Consulado Geral da Rep\u00fablica de Angola em Lisboa. Visando melhor servir a comunidade angolana, investidores, empres\u00e1rios, turistas e todos as pessoas que desejam melhor conhecer Angola, pa\u00eds com in\u00fameras potencialidades, oportunidades de neg\u00f3cio e um povo acolhedor. Com intuito de contribuir para o refor\u00e7o da coopera\u00e7\u00e3o bilateral entre Angola e Portugal. Quero em meu nome pessoal e no do colectivo de funcion\u00e1rios do Consulado Geral da Rep\u00fablica de Angola em Lisboa estabelecer [&hellip;]","og_url":"https:\/\/consuladogeral-angola.pt\/en\/consulado\/","og_site_name":"Consulado Geral da Rep\u00fablica de Angola em Lisboa","article_modified_time":"2023-10-17T11:35:38+00:00","twitter_card":"summary_large_image","twitter_misc":{"Estimated reading time":"3 minutes"},"schema":{"@context":"https:\/\/schema.org","@graph":[{"@type":"WebPage","@id":"https:\/\/consuladogeral-angola.pt\/consulado\/","url":"https:\/\/consuladogeral-angola.pt\/consulado\/","name":"Consulado - Consulado Geral da Rep\u00fablica de Angola em Lisboa","isPartOf":{"@id":"https:\/\/consuladogeral-angola.pt\/#website"},"datePublished":"2022-07-18T08:52:55+00:00","dateModified":"2023-10-17T11:35:38+00:00","breadcrumb":{"@id":"https:\/\/consuladogeral-angola.pt\/consulado\/#breadcrumb"},"inLanguage":"en-GB","potentialAction":[{"@type":"ReadAction","target":["https:\/\/consuladogeral-angola.pt\/consulado\/"]}]},{"@type":"BreadcrumbList","@id":"https:\/\/consuladogeral-angola.pt\/consulado\/#breadcrumb","itemListElement":[{"@type":"ListItem","position":1,"name":"Home","item":"https:\/\/consuladogeral-angola.pt\/"},{"@type":"ListItem","position":2,"name":"Consulado"}]},{"@type":"WebSite","@id":"https:\/\/consuladogeral-angola.pt\/#website","url":"https:\/\/consuladogeral-angola.pt\/","name":"Consulate General of the Republic of Angola in Lisbon","description":"","potentialAction":[{"@type":"SearchAction","target":{"@type":"EntryPoint","urlTemplate":"https:\/\/consuladogeral-angola.pt\/?s={search_term_string}"},"query-input":{"@type":"PropertyValueSpecification","valueRequired":true,"valueName":"search_term_string"}}],"inLanguage":"en-GB"}]}},"_links":{"self":[{"href":"https:\/\/consuladogeral-angola.pt\/en\/wp-json\/wp\/v2\/pages\/440","targetHints":{"allow":["GET"]}}],"collection":[{"href":"https:\/\/consuladogeral-angola.pt\/en\/wp-json\/wp\/v2\/pages"}],"about":[{"href":"https:\/\/consuladogeral-angola.pt\/en\/wp-json\/wp\/v2\/types\/page"}],"author":[{"embeddable":true,"href":"https:\/\/consuladogeral-angola.pt\/en\/wp-json\/wp\/v2\/users\/1"}],"replies":[{"embeddable":true,"href":"https:\/\/consuladogeral-angola.pt\/en\/wp-json\/wp\/v2\/comments?post=440"}],"version-history":[{"count":75,"href":"https:\/\/consuladogeral-angola.pt\/en\/wp-json\/wp\/v2\/pages\/440\/revisions"}],"predecessor-version":[{"id":3072,"href":"https:\/\/consuladogeral-angola.pt\/en\/wp-json\/wp\/v2\/pages\/440\/revisions\/3072"}],"wp:attachment":[{"href":"https:\/\/consuladogeral-angola.pt\/en\/wp-json\/wp\/v2\/media?parent=440"}],"curies":[{"name":"wp","href":"https:\/\/api.w.org\/{rel}","templated":true}]}}