{"id":474,"date":"2022-07-18T11:25:54","date_gmt":"2022-07-18T11:25:54","guid":{"rendered":"https:\/\/consuladogeral-angola.pt\/?page_id=474"},"modified":"2022-09-19T09:36:33","modified_gmt":"2022-09-19T09:36:33","slug":"casamento","status":"publish","type":"page","link":"https:\/\/consuladogeral-angola.pt\/en\/servicos\/casamento\/","title":{"rendered":"Marriage"},"content":{"rendered":"<p>Ao abrigo do 20.\u00ba artigo da Lei n.\u00ba 1\/88 de 20 de Fevereiro, Casamento \u00e9 a uni\u00e3o volunt\u00e1ria entre um homem e uma mulher, formalizada nos termos da lei, com objectivo de estabelecer uma plena comunh\u00e3o de vida.<\/p>\n\n\n\n<div class=\"important\">\n <h2>Do you want to request a service related to Marriage Registration?<\/h2>\n <div class=\"anchors\">\n  <h3><a href=\"https:\/\/consuladogeral-angola.pt\/en\/servicos\/casamento\/certificado-de-capacidade-matrimonial\/\">Certificate of Matrimonial Capacity<\/a><\/h3>\n  <h3><a href=\"https:\/\/consuladogeral-angola.pt\/en\/servicos\/casamento\/remessa-da-capacidade-matrimonial\/\">Remittance of Marital Capacity<\/a><\/h3>\n  <h3><a href=\"https:\/\/consuladogeral-angola.pt\/en\/servicos\/casamento\/instrucao-de-processo-de-casamento-entre-cidadaos-angolanos\/\">Procedures for Marriage between Angolans<\/a><\/h3>\n  <h3><a href=\"https:\/\/consuladogeral-angola.pt\/en\/servicos\/casamento\/instrucao-de-processo-de-casamento-entre-cidadaos-angolano-e-estrangeiro\/\">Procedures for Marriage between an Angolan Citizen and a Foreigner<\/a><\/h3>\n  <h3><a href=\"https:\/\/consuladogeral-angola.pt\/en\/servicos\/casamento\/remessa-do-casamento\/\">Wedding Remittance<\/a><\/h3>\n  <h3><a href=\"https:\/\/consuladogeral-angola.pt\/en\/servicos\/casamento\/instrucao-do-processo-de-registo-de-casamento-por-transcricao-realizado-em-conservatoria-do-registo-civil-portugues\/\">Procedures for Marriage between an Angolan Citizen and a Foreigner<\/a><\/h3>\n <\/div>\n<\/div>","protected":false},"excerpt":{"rendered":"<p>Ao abrigo do 20.\u00ba artigo da Lei n.\u00ba 1\/88 de 20 de Fevereiro, Casamento \u00e9 a uni\u00e3o volunt\u00e1ria entre um homem e uma mulher, formalizada nos termos da lei, com objectivo de estabelecer uma plena comunh\u00e3o de vida. Quer pedir um servi\u00e7o relativo ao Registo de Casamento? Certificado de Capacidade Matrimonial Remessa da Capacidade Matrimonial Instru\u00e7\u00e3o do Processo de Casamento entre angolanos Instru\u00e7\u00e3o do Processo de Casamento entre cidad\u00e3o angolano e estrangeiro Remessa de Casamento Registo de Casamento por transcri\u00e7\u00e3o<\/p>","protected":false},"author":1,"featured_media":0,"parent":17,"menu_order":0,"comment_status":"closed","ping_status":"closed","template":"template-parts\/layout-services.php","meta":{"_acf_changed":false,"footnotes":""},"class_list":["post-474","page","type-page","status-publish","hentry"],"acf":[],"yoast_head":"<!-- This site is optimized with the Yoast SEO plugin v27.1.1 - https:\/\/yoast.com\/product\/yoast-seo-wordpress\/ -->\n<title>Casamento - Consulado Geral da Rep\u00fablica de Angola em Lisboa<\/title>\n<meta name=\"robots\" content=\"index, follow, max-snippet:-1, max-image-preview:large, max-video-preview:-1\" \/>\n<link rel=\"canonical\" href=\"https:\/\/consuladogeral-angola.pt\/en\/servicos\/casamento\/\" \/>\n<meta property=\"og:locale\" content=\"en_GB\" \/>\n<meta property=\"og:type\" content=\"article\" \/>\n<meta property=\"og:title\" content=\"Casamento - Consulado Geral da Rep\u00fablica de Angola em Lisboa\" \/>\n<meta property=\"og:description\" content=\"Ao abrigo do 20.\u00ba artigo da Lei n.\u00ba 1\/88 de 20 de Fevereiro, Casamento \u00e9 a uni\u00e3o volunt\u00e1ria entre um homem e uma mulher, formalizada nos termos da lei, com objectivo de estabelecer uma plena comunh\u00e3o de vida. Quer pedir um servi\u00e7o relativo ao Registo de Casamento? Certificado de Capacidade Matrimonial Remessa da Capacidade Matrimonial Instru\u00e7\u00e3o do Processo de Casamento entre angolanos Instru\u00e7\u00e3o do Processo de Casamento entre cidad\u00e3o angolano e estrangeiro Remessa de Casamento Registo de Casamento por transcri\u00e7\u00e3o\" \/>\n<meta property=\"og:url\" content=\"https:\/\/consuladogeral-angola.pt\/en\/servicos\/casamento\/\" \/>\n<meta property=\"og:site_name\" content=\"Consulado Geral da Rep\u00fablica de Angola em Lisboa\" \/>\n<meta property=\"article:modified_time\" content=\"2022-09-19T09:36:33+00:00\" \/>\n<meta name=\"twitter:card\" content=\"summary_large_image\" \/>\n<script type=\"application\/ld+json\" class=\"yoast-schema-graph\">{\"@context\":\"https:\/\/schema.org\",\"@graph\":[{\"@type\":\"WebPage\",\"@id\":\"https:\/\/consuladogeral-angola.pt\/servicos\/casamento\/\",\"url\":\"https:\/\/consuladogeral-angola.pt\/servicos\/casamento\/\",\"name\":\"Casamento - Consulado Geral da Rep\u00fablica de Angola em Lisboa\",\"isPartOf\":{\"@id\":\"https:\/\/consuladogeral-angola.pt\/#website\"},\"datePublished\":\"2022-07-18T11:25:54+00:00\",\"dateModified\":\"2022-09-19T09:36:33+00:00\",\"breadcrumb\":{\"@id\":\"https:\/\/consuladogeral-angola.pt\/servicos\/casamento\/#breadcrumb\"},\"inLanguage\":\"en-GB\",\"potentialAction\":[{\"@type\":\"ReadAction\",\"target\":[\"https:\/\/consuladogeral-angola.pt\/servicos\/casamento\/\"]}]},{\"@type\":\"BreadcrumbList\",\"@id\":\"https:\/\/consuladogeral-angola.pt\/servicos\/casamento\/#breadcrumb\",\"itemListElement\":[{\"@type\":\"ListItem\",\"position\":1,\"name\":\"Home\",\"item\":\"https:\/\/consuladogeral-angola.pt\/\"},{\"@type\":\"ListItem\",\"position\":2,\"name\":\"Servi\u00e7os\",\"item\":\"https:\/\/consuladogeral-angola.pt\/servicos\/\"},{\"@type\":\"ListItem\",\"position\":3,\"name\":\"Casamento\"}]},{\"@type\":\"WebSite\",\"@id\":\"https:\/\/consuladogeral-angola.pt\/#website\",\"url\":\"https:\/\/consuladogeral-angola.pt\/\",\"name\":\"Consulado Geral da Rep\u00fablica de Angola em Lisboa\",\"description\":\"\",\"potentialAction\":[{\"@type\":\"SearchAction\",\"target\":{\"@type\":\"EntryPoint\",\"urlTemplate\":\"https:\/\/consuladogeral-angola.pt\/?s={search_term_string}\"},\"query-input\":{\"@type\":\"PropertyValueSpecification\",\"valueRequired\":true,\"valueName\":\"search_term_string\"}}],\"inLanguage\":\"en-GB\"}]}<\/script>\n<!-- \/ Yoast SEO plugin. -->","yoast_head_json":{"title":"Casamento - Consulado Geral da Rep\u00fablica de Angola em Lisboa","robots":{"index":"index","follow":"follow","max-snippet":"max-snippet:-1","max-image-preview":"max-image-preview:large","max-video-preview":"max-video-preview:-1"},"canonical":"https:\/\/consuladogeral-angola.pt\/en\/servicos\/casamento\/","og_locale":"en_GB","og_type":"article","og_title":"Casamento - Consulado Geral da Rep\u00fablica de Angola em Lisboa","og_description":"Ao abrigo do 20.\u00ba artigo da Lei n.\u00ba 1\/88 de 20 de Fevereiro, Casamento \u00e9 a uni\u00e3o volunt\u00e1ria entre um homem e uma mulher, formalizada nos termos da lei, com objectivo de estabelecer uma plena comunh\u00e3o de vida. Quer pedir um servi\u00e7o relativo ao Registo de Casamento? Certificado de Capacidade Matrimonial Remessa da Capacidade Matrimonial Instru\u00e7\u00e3o do Processo de Casamento entre angolanos Instru\u00e7\u00e3o do Processo de Casamento entre cidad\u00e3o angolano e estrangeiro Remessa de Casamento Registo de Casamento por transcri\u00e7\u00e3o","og_url":"https:\/\/consuladogeral-angola.pt\/en\/servicos\/casamento\/","og_site_name":"Consulado Geral da Rep\u00fablica de Angola em Lisboa","article_modified_time":"2022-09-19T09:36:33+00:00","twitter_card":"summary_large_image","schema":{"@context":"https:\/\/schema.org","@graph":[{"@type":"WebPage","@id":"https:\/\/consuladogeral-angola.pt\/servicos\/casamento\/","url":"https:\/\/consuladogeral-angola.pt\/servicos\/casamento\/","name":"Casamento - Consulado Geral da Rep\u00fablica de Angola em Lisboa","isPartOf":{"@id":"https:\/\/consuladogeral-angola.pt\/#website"},"datePublished":"2022-07-18T11:25:54+00:00","dateModified":"2022-09-19T09:36:33+00:00","breadcrumb":{"@id":"https:\/\/consuladogeral-angola.pt\/servicos\/casamento\/#breadcrumb"},"inLanguage":"en-GB","potentialAction":[{"@type":"ReadAction","target":["https:\/\/consuladogeral-angola.pt\/servicos\/casamento\/"]}]},{"@type":"BreadcrumbList","@id":"https:\/\/consuladogeral-angola.pt\/servicos\/casamento\/#breadcrumb","itemListElement":[{"@type":"ListItem","position":1,"name":"Home","item":"https:\/\/consuladogeral-angola.pt\/"},{"@type":"ListItem","position":2,"name":"Servi\u00e7os","item":"https:\/\/consuladogeral-angola.pt\/servicos\/"},{"@type":"ListItem","position":3,"name":"Casamento"}]},{"@type":"WebSite","@id":"https:\/\/consuladogeral-angola.pt\/#website","url":"https:\/\/consuladogeral-angola.pt\/","name":"Consulate General of the Republic of Angola in Lisbon","description":"","potentialAction":[{"@type":"SearchAction","target":{"@type":"EntryPoint","urlTemplate":"https:\/\/consuladogeral-angola.pt\/?s={search_term_string}"},"query-input":{"@type":"PropertyValueSpecification","valueRequired":true,"valueName":"search_term_string"}}],"inLanguage":"en-GB"}]}},"_links":{"self":[{"href":"https:\/\/consuladogeral-angola.pt\/en\/wp-json\/wp\/v2\/pages\/474","targetHints":{"allow":["GET"]}}],"collection":[{"href":"https:\/\/consuladogeral-angola.pt\/en\/wp-json\/wp\/v2\/pages"}],"about":[{"href":"https:\/\/consuladogeral-angola.pt\/en\/wp-json\/wp\/v2\/types\/page"}],"author":[{"embeddable":true,"href":"https:\/\/consuladogeral-angola.pt\/en\/wp-json\/wp\/v2\/users\/1"}],"replies":[{"embeddable":true,"href":"https:\/\/consuladogeral-angola.pt\/en\/wp-json\/wp\/v2\/comments?post=474"}],"version-history":[{"count":11,"href":"https:\/\/consuladogeral-angola.pt\/en\/wp-json\/wp\/v2\/pages\/474\/revisions"}],"predecessor-version":[{"id":2135,"href":"https:\/\/consuladogeral-angola.pt\/en\/wp-json\/wp\/v2\/pages\/474\/revisions\/2135"}],"up":[{"embeddable":true,"href":"https:\/\/consuladogeral-angola.pt\/en\/wp-json\/wp\/v2\/pages\/17"}],"wp:attachment":[{"href":"https:\/\/consuladogeral-angola.pt\/en\/wp-json\/wp\/v2\/media?parent=474"}],"curies":[{"name":"wp","href":"https:\/\/api.w.org\/{rel}","templated":true}]}}