{"id":565,"date":"2022-07-19T09:44:18","date_gmt":"2022-07-19T09:44:18","guid":{"rendered":"https:\/\/consuladogeral-angola.pt\/?page_id=565"},"modified":"2023-07-07T11:29:24","modified_gmt":"2023-07-07T11:29:24","slug":"visto","status":"publish","type":"page","link":"https:\/\/consuladogeral-angola.pt\/en\/servicos\/visto\/","title":{"rendered":"Visto"},"content":{"rendered":"<p>O \u201cVisto\u201d \u00e9 uma autoriza\u00e7\u00e3o do Estado angolano, que permite aos cidad\u00e3os estrangeiros transitarem, entrarem e permanecerem em Angola, mediante observ\u00e2ncia dos limites e condicionalismos previstos na Lei.<\/p>\n\n\n\n<p>Todos os cidad\u00e3os estrangeiros que pretendam entrar em Angola dever\u00e3o ser portadores de um visto de entrada concedido pela Miss\u00e3o Diplom\u00e1tica ou Consulado angolano.<\/p>\n\n\n\n<p><\/p>\n\n\n\n<p><\/p>\n\n\n\n<div class=\"important\">\n <h2>Quer pedir um Visto?<\/h2>\n <div class=\"anchors\">\n<h3><a href=\"https:\/\/consuladogeral-angola.pt\/en\/servicos\/visto\/ordinario-protocolo-bilateral-entre-angola-e-portugal-a-luz-do-decreto-presidencial-240-21\/\">Ordin\u00e1rio (Protocolo bilateral entre Angola e Portugal \u00e0 luz do decreto Presidencial 240\/21)<\/a><\/h3>\n  <h3><a href=\"https:\/\/consuladogeral-angola.pt\/en\/servicos\/visto\/visto-de-transito\/\">Tr\u00e2nsito<\/a><\/h3>\n  <h3><a href=\"https:\/\/consuladogeral-angola.pt\/en\/servicos\/visto\/visto-de-turismo\/\">Turismo<\/a><\/h3>\n  <h3><a href=\"https:\/\/consuladogeral-angola.pt\/en\/servicos\/visto\/visto-de-estudo\/\">Estudo<\/a><\/h3>\n  <h3><a href=\"https:\/\/consuladogeral-angola.pt\/en\/servicos\/visto\/visto-de-fixacao-de-residencia\/\">Fixa\u00e7\u00e3o de resid\u00eancia<\/a><\/h3>\n  <h3><a href=\"https:\/\/consuladogeral-angola.pt\/en\/servicos\/visto\/visto-de-permanencia-temporaria\/\">Perman\u00eancia tempor\u00e1ria<\/a><\/h3>\n  <h3><a href=\"https:\/\/consuladogeral-angola.pt\/en\/servicos\/visto\/visto-de-privilegiado\/\">Privilegiado<\/a><\/h3>\n  <h3><a href=\"https:\/\/consuladogeral-angola.pt\/en\/servicos\/visto\/visto-de-trabalho\/\">Trabalho<\/a><\/h3>\n  <h3><a href=\"https:\/\/consuladogeral-angola.pt\/en\/servicos\/visto\/visto-de-trabalho-protocolo-bilateral-entre-angola-e-portugal\/\">Trabalho (Protocolo bilateral Angola &#8211; Portugal)<\/a><\/h3>\n  <h3><a href=\"https:\/\/consuladogeral-angola.pt\/en\/servicos\/visto\/visto-para-tratamento-medico\/\">Tratamento m\u00e9dico<\/a><\/h3>\n  <h3><a href=\"https:\/\/consuladogeral-angola.pt\/en\/servicos\/visto\/visto-de-cortesia\/\">Cortesia<\/a><\/h3>\n  <h3><a href=\"https:\/\/consuladogeral-angola.pt\/en\/servicos\/visto\/visto-diplomatico\/\">Diplom\u00e1tico<\/a><\/h3>\n  <h3><a href=\"https:\/\/consuladogeral-angola.pt\/en\/servicos\/visto\/visto-de-curta-duracao\/\">Curta dura\u00e7\u00e3o<\/a><\/h3>\n  \n <\/div>\n<\/div>","protected":false},"excerpt":{"rendered":"<p>O \u201cVisto\u201d \u00e9 uma autoriza\u00e7\u00e3o do Estado angolano, que permite aos cidad\u00e3os estrangeiros transitarem, entrarem e permanecerem em Angola, mediante observ\u00e2ncia dos limites e condicionalismos previstos na Lei. Todos os cidad\u00e3os estrangeiros que pretendam entrar em Angola dever\u00e3o ser portadores de um visto de entrada concedido pela Miss\u00e3o Diplom\u00e1tica ou Consulado angolano. Quer pedir um Visto? Ordin\u00e1rio (Protocolo bilateral entre Angola e Portugal \u00e0 luz do decreto Presidencial 240\/21) Tr\u00e2nsito Turismo Estudo Fixa\u00e7\u00e3o de resid\u00eancia Perman\u00eancia tempor\u00e1ria Privilegiado Trabalho Trabalho [&hellip;]<\/p>\n","protected":false},"author":1,"featured_media":0,"parent":17,"menu_order":0,"comment_status":"closed","ping_status":"closed","template":"template-parts\/layout-services.php","meta":{"_acf_changed":false,"footnotes":""},"class_list":["post-565","page","type-page","status-publish","hentry"],"acf":[],"yoast_head":"<!-- This site is optimized with the Yoast SEO plugin v27.1.1 - https:\/\/yoast.com\/product\/yoast-seo-wordpress\/ -->\n<title>Visto - Consulado Geral da Rep\u00fablica de Angola em Lisboa<\/title>\n<meta name=\"robots\" content=\"index, follow, max-snippet:-1, max-image-preview:large, max-video-preview:-1\" \/>\n<link rel=\"canonical\" href=\"https:\/\/consuladogeral-angola.pt\/en\/servicos\/visto\/\" \/>\n<meta property=\"og:locale\" content=\"en_GB\" \/>\n<meta property=\"og:type\" content=\"article\" \/>\n<meta property=\"og:title\" content=\"Visto - Consulado Geral da Rep\u00fablica de Angola em Lisboa\" \/>\n<meta property=\"og:description\" content=\"O \u201cVisto\u201d \u00e9 uma autoriza\u00e7\u00e3o do Estado angolano, que permite aos cidad\u00e3os estrangeiros transitarem, entrarem e permanecerem em Angola, mediante observ\u00e2ncia dos limites e condicionalismos previstos na Lei. Todos os cidad\u00e3os estrangeiros que pretendam entrar em Angola dever\u00e3o ser portadores de um visto de entrada concedido pela Miss\u00e3o Diplom\u00e1tica ou Consulado angolano. Quer pedir um Visto? Ordin\u00e1rio (Protocolo bilateral entre Angola e Portugal \u00e0 luz do decreto Presidencial 240\/21) Tr\u00e2nsito Turismo Estudo Fixa\u00e7\u00e3o de resid\u00eancia Perman\u00eancia tempor\u00e1ria Privilegiado Trabalho Trabalho [&hellip;]\" \/>\n<meta property=\"og:url\" content=\"https:\/\/consuladogeral-angola.pt\/en\/servicos\/visto\/\" \/>\n<meta property=\"og:site_name\" content=\"Consulado Geral da Rep\u00fablica de Angola em Lisboa\" \/>\n<meta property=\"article:modified_time\" content=\"2023-07-07T11:29:24+00:00\" \/>\n<meta name=\"twitter:card\" content=\"summary_large_image\" \/>\n<meta name=\"twitter:label1\" content=\"Estimated reading time\" \/>\n\t<meta name=\"twitter:data1\" content=\"1 minute\" \/>\n<script type=\"application\/ld+json\" class=\"yoast-schema-graph\">{\"@context\":\"https:\/\/schema.org\",\"@graph\":[{\"@type\":\"WebPage\",\"@id\":\"https:\/\/consuladogeral-angola.pt\/servicos\/visto\/\",\"url\":\"https:\/\/consuladogeral-angola.pt\/servicos\/visto\/\",\"name\":\"Visto - Consulado Geral da Rep\u00fablica de Angola em Lisboa\",\"isPartOf\":{\"@id\":\"https:\/\/consuladogeral-angola.pt\/#website\"},\"datePublished\":\"2022-07-19T09:44:18+00:00\",\"dateModified\":\"2023-07-07T11:29:24+00:00\",\"breadcrumb\":{\"@id\":\"https:\/\/consuladogeral-angola.pt\/servicos\/visto\/#breadcrumb\"},\"inLanguage\":\"en-GB\",\"potentialAction\":[{\"@type\":\"ReadAction\",\"target\":[\"https:\/\/consuladogeral-angola.pt\/servicos\/visto\/\"]}]},{\"@type\":\"BreadcrumbList\",\"@id\":\"https:\/\/consuladogeral-angola.pt\/servicos\/visto\/#breadcrumb\",\"itemListElement\":[{\"@type\":\"ListItem\",\"position\":1,\"name\":\"Home\",\"item\":\"https:\/\/consuladogeral-angola.pt\/\"},{\"@type\":\"ListItem\",\"position\":2,\"name\":\"Servi\u00e7os\",\"item\":\"https:\/\/consuladogeral-angola.pt\/servicos\/\"},{\"@type\":\"ListItem\",\"position\":3,\"name\":\"Visto\"}]},{\"@type\":\"WebSite\",\"@id\":\"https:\/\/consuladogeral-angola.pt\/#website\",\"url\":\"https:\/\/consuladogeral-angola.pt\/\",\"name\":\"Consulado Geral da Rep\u00fablica de Angola em Lisboa\",\"description\":\"\",\"potentialAction\":[{\"@type\":\"SearchAction\",\"target\":{\"@type\":\"EntryPoint\",\"urlTemplate\":\"https:\/\/consuladogeral-angola.pt\/?s={search_term_string}\"},\"query-input\":{\"@type\":\"PropertyValueSpecification\",\"valueRequired\":true,\"valueName\":\"search_term_string\"}}],\"inLanguage\":\"en-GB\"}]}<\/script>\n<!-- \/ Yoast SEO plugin. -->","yoast_head_json":{"title":"Visto - Consulado Geral da Rep\u00fablica de Angola em Lisboa","robots":{"index":"index","follow":"follow","max-snippet":"max-snippet:-1","max-image-preview":"max-image-preview:large","max-video-preview":"max-video-preview:-1"},"canonical":"https:\/\/consuladogeral-angola.pt\/en\/servicos\/visto\/","og_locale":"en_GB","og_type":"article","og_title":"Visto - Consulado Geral da Rep\u00fablica de Angola em Lisboa","og_description":"O \u201cVisto\u201d \u00e9 uma autoriza\u00e7\u00e3o do Estado angolano, que permite aos cidad\u00e3os estrangeiros transitarem, entrarem e permanecerem em Angola, mediante observ\u00e2ncia dos limites e condicionalismos previstos na Lei. Todos os cidad\u00e3os estrangeiros que pretendam entrar em Angola dever\u00e3o ser portadores de um visto de entrada concedido pela Miss\u00e3o Diplom\u00e1tica ou Consulado angolano. Quer pedir um Visto? Ordin\u00e1rio (Protocolo bilateral entre Angola e Portugal \u00e0 luz do decreto Presidencial 240\/21) Tr\u00e2nsito Turismo Estudo Fixa\u00e7\u00e3o de resid\u00eancia Perman\u00eancia tempor\u00e1ria Privilegiado Trabalho Trabalho [&hellip;]","og_url":"https:\/\/consuladogeral-angola.pt\/en\/servicos\/visto\/","og_site_name":"Consulado Geral da Rep\u00fablica de Angola em Lisboa","article_modified_time":"2023-07-07T11:29:24+00:00","twitter_card":"summary_large_image","twitter_misc":{"Estimated reading time":"1 minute"},"schema":{"@context":"https:\/\/schema.org","@graph":[{"@type":"WebPage","@id":"https:\/\/consuladogeral-angola.pt\/servicos\/visto\/","url":"https:\/\/consuladogeral-angola.pt\/servicos\/visto\/","name":"Visto - Consulado Geral da Rep\u00fablica de Angola em Lisboa","isPartOf":{"@id":"https:\/\/consuladogeral-angola.pt\/#website"},"datePublished":"2022-07-19T09:44:18+00:00","dateModified":"2023-07-07T11:29:24+00:00","breadcrumb":{"@id":"https:\/\/consuladogeral-angola.pt\/servicos\/visto\/#breadcrumb"},"inLanguage":"en-GB","potentialAction":[{"@type":"ReadAction","target":["https:\/\/consuladogeral-angola.pt\/servicos\/visto\/"]}]},{"@type":"BreadcrumbList","@id":"https:\/\/consuladogeral-angola.pt\/servicos\/visto\/#breadcrumb","itemListElement":[{"@type":"ListItem","position":1,"name":"Home","item":"https:\/\/consuladogeral-angola.pt\/"},{"@type":"ListItem","position":2,"name":"Servi\u00e7os","item":"https:\/\/consuladogeral-angola.pt\/servicos\/"},{"@type":"ListItem","position":3,"name":"Visto"}]},{"@type":"WebSite","@id":"https:\/\/consuladogeral-angola.pt\/#website","url":"https:\/\/consuladogeral-angola.pt\/","name":"Consulate General of the Republic of Angola in Lisbon","description":"","potentialAction":[{"@type":"SearchAction","target":{"@type":"EntryPoint","urlTemplate":"https:\/\/consuladogeral-angola.pt\/?s={search_term_string}"},"query-input":{"@type":"PropertyValueSpecification","valueRequired":true,"valueName":"search_term_string"}}],"inLanguage":"en-GB"}]}},"_links":{"self":[{"href":"https:\/\/consuladogeral-angola.pt\/en\/wp-json\/wp\/v2\/pages\/565","targetHints":{"allow":["GET"]}}],"collection":[{"href":"https:\/\/consuladogeral-angola.pt\/en\/wp-json\/wp\/v2\/pages"}],"about":[{"href":"https:\/\/consuladogeral-angola.pt\/en\/wp-json\/wp\/v2\/types\/page"}],"author":[{"embeddable":true,"href":"https:\/\/consuladogeral-angola.pt\/en\/wp-json\/wp\/v2\/users\/1"}],"replies":[{"embeddable":true,"href":"https:\/\/consuladogeral-angola.pt\/en\/wp-json\/wp\/v2\/comments?post=565"}],"version-history":[{"count":17,"href":"https:\/\/consuladogeral-angola.pt\/en\/wp-json\/wp\/v2\/pages\/565\/revisions"}],"predecessor-version":[{"id":2960,"href":"https:\/\/consuladogeral-angola.pt\/en\/wp-json\/wp\/v2\/pages\/565\/revisions\/2960"}],"up":[{"embeddable":true,"href":"https:\/\/consuladogeral-angola.pt\/en\/wp-json\/wp\/v2\/pages\/17"}],"wp:attachment":[{"href":"https:\/\/consuladogeral-angola.pt\/en\/wp-json\/wp\/v2\/media?parent=565"}],"curies":[{"name":"wp","href":"https:\/\/api.w.org\/{rel}","templated":true}]}}