{"id":567,"date":"2022-07-19T14:46:39","date_gmt":"2022-07-19T14:46:39","guid":{"rendered":"https:\/\/consuladogeral-angola.pt\/?page_id=567"},"modified":"2022-09-28T09:55:25","modified_gmt":"2022-09-28T09:55:25","slug":"passaporte","status":"publish","type":"page","link":"https:\/\/consuladogeral-angola.pt\/en\/servicos\/passaporte\/","title":{"rendered":"Passport"},"content":{"rendered":"<p>O Passaporte \u00e9 o documento de viagem que permite ao cidad\u00e3o angolano sair ou entrar em qualquer posto de fronteira angolano e em pa\u00edses estrangeiros, salvo se existir acordo ou conven\u00e7\u00e3o internacional que dispense a sua apresenta\u00e7\u00e3o, constituindo documento bastante para provar a sua identidade perante as autoridades estrangeiras.<\/p>\n\n\n\n<p><\/p>\n\n\n\n<div class=\"important\">\n <h2>Quer pedir o Passaporte?<\/h2>\n <div class=\"anchors\">\n  <h3><a href=\"https:\/\/consuladogeral-angola.pt\/en\/servicos\/passaporte\/1-o-passaporte\/\">Pedir o 1.\u00ba Passaporte<\/a><\/h3>\n  <h3><a href=\"https:\/\/consuladogeral-angola.pt\/en\/servicos\/passaporte\/passaporte-renovacao\/\">Pedir a renova\u00e7\u00e3o ou a 2.\u00aa via do Passaporte<\/a><\/h3>\n  \n  \n  \n <\/div>\n<\/div>","protected":false},"excerpt":{"rendered":"<p>O Passaporte \u00e9 o documento de viagem que permite ao cidad\u00e3o angolano sair ou entrar em qualquer posto de fronteira angolano e em pa\u00edses estrangeiros, salvo se existir acordo ou conven\u00e7\u00e3o internacional que dispense a sua apresenta\u00e7\u00e3o, constituindo documento bastante para provar a sua identidade perante as autoridades estrangeiras. Quer pedir o Passaporte? Pedir o 1.\u00ba Passaporte Pedir a renova\u00e7\u00e3o ou a 2.\u00aa via do Passaporte<\/p>","protected":false},"author":1,"featured_media":0,"parent":17,"menu_order":0,"comment_status":"closed","ping_status":"closed","template":"template-parts\/layout-services.php","meta":{"_acf_changed":false,"footnotes":""},"class_list":["post-567","page","type-page","status-publish","hentry"],"acf":[],"yoast_head":"<!-- This site is optimized with the Yoast SEO plugin v27.1.1 - https:\/\/yoast.com\/product\/yoast-seo-wordpress\/ -->\n<title>Passaporte - Consulado Geral da Rep\u00fablica de Angola em Lisboa<\/title>\n<meta name=\"robots\" content=\"index, follow, max-snippet:-1, max-image-preview:large, max-video-preview:-1\" \/>\n<link rel=\"canonical\" href=\"https:\/\/consuladogeral-angola.pt\/en\/servicos\/passaporte\/\" \/>\n<meta property=\"og:locale\" content=\"en_GB\" \/>\n<meta property=\"og:type\" content=\"article\" \/>\n<meta property=\"og:title\" content=\"Passaporte - Consulado Geral da Rep\u00fablica de Angola em Lisboa\" \/>\n<meta property=\"og:description\" content=\"O Passaporte \u00e9 o documento de viagem que permite ao cidad\u00e3o angolano sair ou entrar em qualquer posto de fronteira angolano e em pa\u00edses estrangeiros, salvo se existir acordo ou conven\u00e7\u00e3o internacional que dispense a sua apresenta\u00e7\u00e3o, constituindo documento bastante para provar a sua identidade perante as autoridades estrangeiras. Quer pedir o Passaporte? Pedir o 1.\u00ba Passaporte Pedir a renova\u00e7\u00e3o ou a 2.\u00aa via do Passaporte\" \/>\n<meta property=\"og:url\" content=\"https:\/\/consuladogeral-angola.pt\/en\/servicos\/passaporte\/\" \/>\n<meta property=\"og:site_name\" content=\"Consulado Geral da Rep\u00fablica de Angola em Lisboa\" \/>\n<meta property=\"article:modified_time\" content=\"2022-09-28T09:55:25+00:00\" \/>\n<meta name=\"twitter:card\" content=\"summary_large_image\" \/>\n<script type=\"application\/ld+json\" class=\"yoast-schema-graph\">{\"@context\":\"https:\/\/schema.org\",\"@graph\":[{\"@type\":\"WebPage\",\"@id\":\"https:\/\/consuladogeral-angola.pt\/servicos\/passaporte\/\",\"url\":\"https:\/\/consuladogeral-angola.pt\/servicos\/passaporte\/\",\"name\":\"Passaporte - Consulado Geral da Rep\u00fablica de Angola em Lisboa\",\"isPartOf\":{\"@id\":\"https:\/\/consuladogeral-angola.pt\/#website\"},\"datePublished\":\"2022-07-19T14:46:39+00:00\",\"dateModified\":\"2022-09-28T09:55:25+00:00\",\"breadcrumb\":{\"@id\":\"https:\/\/consuladogeral-angola.pt\/servicos\/passaporte\/#breadcrumb\"},\"inLanguage\":\"en-GB\",\"potentialAction\":[{\"@type\":\"ReadAction\",\"target\":[\"https:\/\/consuladogeral-angola.pt\/servicos\/passaporte\/\"]}]},{\"@type\":\"BreadcrumbList\",\"@id\":\"https:\/\/consuladogeral-angola.pt\/servicos\/passaporte\/#breadcrumb\",\"itemListElement\":[{\"@type\":\"ListItem\",\"position\":1,\"name\":\"Home\",\"item\":\"https:\/\/consuladogeral-angola.pt\/\"},{\"@type\":\"ListItem\",\"position\":2,\"name\":\"Servi\u00e7os\",\"item\":\"https:\/\/consuladogeral-angola.pt\/servicos\/\"},{\"@type\":\"ListItem\",\"position\":3,\"name\":\"Passaporte\"}]},{\"@type\":\"WebSite\",\"@id\":\"https:\/\/consuladogeral-angola.pt\/#website\",\"url\":\"https:\/\/consuladogeral-angola.pt\/\",\"name\":\"Consulado Geral da Rep\u00fablica de Angola em Lisboa\",\"description\":\"\",\"potentialAction\":[{\"@type\":\"SearchAction\",\"target\":{\"@type\":\"EntryPoint\",\"urlTemplate\":\"https:\/\/consuladogeral-angola.pt\/?s={search_term_string}\"},\"query-input\":{\"@type\":\"PropertyValueSpecification\",\"valueRequired\":true,\"valueName\":\"search_term_string\"}}],\"inLanguage\":\"en-GB\"}]}<\/script>\n<!-- \/ Yoast SEO plugin. -->","yoast_head_json":{"title":"Passaporte - Consulado Geral da Rep\u00fablica de Angola em Lisboa","robots":{"index":"index","follow":"follow","max-snippet":"max-snippet:-1","max-image-preview":"max-image-preview:large","max-video-preview":"max-video-preview:-1"},"canonical":"https:\/\/consuladogeral-angola.pt\/en\/servicos\/passaporte\/","og_locale":"en_GB","og_type":"article","og_title":"Passaporte - Consulado Geral da Rep\u00fablica de Angola em Lisboa","og_description":"O Passaporte \u00e9 o documento de viagem que permite ao cidad\u00e3o angolano sair ou entrar em qualquer posto de fronteira angolano e em pa\u00edses estrangeiros, salvo se existir acordo ou conven\u00e7\u00e3o internacional que dispense a sua apresenta\u00e7\u00e3o, constituindo documento bastante para provar a sua identidade perante as autoridades estrangeiras. Quer pedir o Passaporte? Pedir o 1.\u00ba Passaporte Pedir a renova\u00e7\u00e3o ou a 2.\u00aa via do Passaporte","og_url":"https:\/\/consuladogeral-angola.pt\/en\/servicos\/passaporte\/","og_site_name":"Consulado Geral da Rep\u00fablica de Angola em Lisboa","article_modified_time":"2022-09-28T09:55:25+00:00","twitter_card":"summary_large_image","schema":{"@context":"https:\/\/schema.org","@graph":[{"@type":"WebPage","@id":"https:\/\/consuladogeral-angola.pt\/servicos\/passaporte\/","url":"https:\/\/consuladogeral-angola.pt\/servicos\/passaporte\/","name":"Passaporte - Consulado Geral da Rep\u00fablica de Angola em Lisboa","isPartOf":{"@id":"https:\/\/consuladogeral-angola.pt\/#website"},"datePublished":"2022-07-19T14:46:39+00:00","dateModified":"2022-09-28T09:55:25+00:00","breadcrumb":{"@id":"https:\/\/consuladogeral-angola.pt\/servicos\/passaporte\/#breadcrumb"},"inLanguage":"en-GB","potentialAction":[{"@type":"ReadAction","target":["https:\/\/consuladogeral-angola.pt\/servicos\/passaporte\/"]}]},{"@type":"BreadcrumbList","@id":"https:\/\/consuladogeral-angola.pt\/servicos\/passaporte\/#breadcrumb","itemListElement":[{"@type":"ListItem","position":1,"name":"Home","item":"https:\/\/consuladogeral-angola.pt\/"},{"@type":"ListItem","position":2,"name":"Servi\u00e7os","item":"https:\/\/consuladogeral-angola.pt\/servicos\/"},{"@type":"ListItem","position":3,"name":"Passaporte"}]},{"@type":"WebSite","@id":"https:\/\/consuladogeral-angola.pt\/#website","url":"https:\/\/consuladogeral-angola.pt\/","name":"Consulate General of the Republic of Angola in Lisbon","description":"","potentialAction":[{"@type":"SearchAction","target":{"@type":"EntryPoint","urlTemplate":"https:\/\/consuladogeral-angola.pt\/?s={search_term_string}"},"query-input":{"@type":"PropertyValueSpecification","valueRequired":true,"valueName":"search_term_string"}}],"inLanguage":"en-GB"}]}},"_links":{"self":[{"href":"https:\/\/consuladogeral-angola.pt\/en\/wp-json\/wp\/v2\/pages\/567","targetHints":{"allow":["GET"]}}],"collection":[{"href":"https:\/\/consuladogeral-angola.pt\/en\/wp-json\/wp\/v2\/pages"}],"about":[{"href":"https:\/\/consuladogeral-angola.pt\/en\/wp-json\/wp\/v2\/types\/page"}],"author":[{"embeddable":true,"href":"https:\/\/consuladogeral-angola.pt\/en\/wp-json\/wp\/v2\/users\/1"}],"replies":[{"embeddable":true,"href":"https:\/\/consuladogeral-angola.pt\/en\/wp-json\/wp\/v2\/comments?post=567"}],"version-history":[{"count":24,"href":"https:\/\/consuladogeral-angola.pt\/en\/wp-json\/wp\/v2\/pages\/567\/revisions"}],"predecessor-version":[{"id":2239,"href":"https:\/\/consuladogeral-angola.pt\/en\/wp-json\/wp\/v2\/pages\/567\/revisions\/2239"}],"up":[{"embeddable":true,"href":"https:\/\/consuladogeral-angola.pt\/en\/wp-json\/wp\/v2\/pages\/17"}],"wp:attachment":[{"href":"https:\/\/consuladogeral-angola.pt\/en\/wp-json\/wp\/v2\/media?parent=567"}],"curies":[{"name":"wp","href":"https:\/\/api.w.org\/{rel}","templated":true}]}}