{"id":609,"date":"2022-07-20T09:27:27","date_gmt":"2022-07-20T09:27:27","guid":{"rendered":"https:\/\/consuladogeral-angola.pt\/?page_id=609"},"modified":"2022-09-28T09:28:38","modified_gmt":"2022-09-28T09:28:38","slug":"declaracao-para-o-sef-e-para-o-sme","status":"publish","type":"page","link":"https:\/\/consuladogeral-angola.pt\/en\/servicos\/emissao-de-declaracoes-diversas\/declaracao-para-o-sef-e-para-o-sme\/","title":{"rendered":"Declara\u00e7\u00e3o para o SEF e para o SME"},"content":{"rendered":"<p>A declara\u00e7\u00e3o emitida, destinada ao Servi\u00e7o de Estrangeiros e Fronteiras de Portugal (SEF) atesta que determinado cidad\u00e3o angolano aguarda pelo Passaporte angolano.<\/p>\n\n\n\n<p>A declara\u00e7\u00e3o emitida, destinada ao Servi\u00e7o de Migra\u00e7\u00e3o e Estrangeiros de Angola (SME) tem por objectivo autorizar o utente a levar o processo para Luanda ou declarar que o utente est\u00e1 autorizado a levantar o Passaporte angolano junto do SME.<\/p>\n\n\n\n<p><\/p>\n\n\n\n<div class=\"important\">\n <h2>Quer pedir uma declara\u00e7\u00e3o para o SEF e\/ ou para o SME?<\/h2>\n <div class=\"anchors\">\n  <h3><a href=\"https:\/\/consuladogeral-angola.pt\/en\/servicos\/emissao-de-declaracoes-diversas\/declaracao-para-o-sef-e-para-o-sme\/declaracao-sef\/\">Pedir declara\u00e7\u00e3o para o SEF<\/a><\/h3>\n  <h3><a href=\"https:\/\/consuladogeral-angola.pt\/en\/servicos\/emissao-de-declaracoes-diversas\/declaracao-para-o-sef-e-para-o-sme\/pedir-a-declaracao-para-tramitacao-do-processo-junto-do-sme\/\">Pedir declara\u00e7\u00e3o para tramitar o processo no SME<\/a><\/h3>\n  <h3><a href=\"https:\/\/consuladogeral-angola.pt\/en\/servicos\/emissao-de-declaracoes-diversas\/declaracao-para-o-sef-e-para-o-sme\/declaracao-para-tramitacao-de-processo-de-passaporte-junto-do-servico-de-migracao-e-estrangeiros\/\">Pedir a declara\u00e7\u00e3o para levantar o Passaporte no SME<\/a><\/h3>\n <\/div>\n<\/div>","protected":false},"excerpt":{"rendered":"<p>A declara\u00e7\u00e3o emitida, destinada ao Servi\u00e7o de Estrangeiros e Fronteiras de Portugal (SEF) atesta que determinado cidad\u00e3o angolano aguarda pelo Passaporte angolano. A declara\u00e7\u00e3o emitida, destinada ao Servi\u00e7o de Migra\u00e7\u00e3o e Estrangeiros de Angola (SME) tem por objectivo autorizar o utente a levar o processo para Luanda ou declarar que o utente est\u00e1 autorizado a levantar o Passaporte angolano junto do SME. Quer pedir uma declara\u00e7\u00e3o para o SEF e\/ ou para o SME? Pedir declara\u00e7\u00e3o para o SEF Pedir [&hellip;]<\/p>\n","protected":false},"author":1,"featured_media":0,"parent":366,"menu_order":0,"comment_status":"closed","ping_status":"closed","template":"template-parts\/layout-services-child.php","meta":{"_acf_changed":false,"footnotes":""},"class_list":["post-609","page","type-page","status-publish","hentry"],"acf":[],"yoast_head":"<!-- This site is optimized with the Yoast SEO plugin v27.1.1 - https:\/\/yoast.com\/product\/yoast-seo-wordpress\/ -->\n<title>Declara\u00e7\u00e3o para o SEF e para o SME - Consulado Geral da Rep\u00fablica de Angola em Lisboa<\/title>\n<meta name=\"robots\" content=\"index, follow, max-snippet:-1, max-image-preview:large, max-video-preview:-1\" \/>\n<link rel=\"canonical\" href=\"https:\/\/consuladogeral-angola.pt\/en\/servicos\/emissao-de-declaracoes-diversas\/declaracao-para-o-sef-e-para-o-sme\/\" \/>\n<meta property=\"og:locale\" content=\"en_GB\" \/>\n<meta property=\"og:type\" content=\"article\" \/>\n<meta property=\"og:title\" content=\"Declara\u00e7\u00e3o para o SEF e para o SME - Consulado Geral da Rep\u00fablica de Angola em Lisboa\" \/>\n<meta property=\"og:description\" content=\"A declara\u00e7\u00e3o emitida, destinada ao Servi\u00e7o de Estrangeiros e Fronteiras de Portugal (SEF) atesta que determinado cidad\u00e3o angolano aguarda pelo Passaporte angolano. A declara\u00e7\u00e3o emitida, destinada ao Servi\u00e7o de Migra\u00e7\u00e3o e Estrangeiros de Angola (SME) tem por objectivo autorizar o utente a levar o processo para Luanda ou declarar que o utente est\u00e1 autorizado a levantar o Passaporte angolano junto do SME. Quer pedir uma declara\u00e7\u00e3o para o SEF e\/ ou para o SME? Pedir declara\u00e7\u00e3o para o SEF Pedir [&hellip;]\" \/>\n<meta property=\"og:url\" content=\"https:\/\/consuladogeral-angola.pt\/en\/servicos\/emissao-de-declaracoes-diversas\/declaracao-para-o-sef-e-para-o-sme\/\" \/>\n<meta property=\"og:site_name\" content=\"Consulado Geral da Rep\u00fablica de Angola em Lisboa\" \/>\n<meta property=\"article:modified_time\" content=\"2022-09-28T09:28:38+00:00\" \/>\n<meta name=\"twitter:card\" content=\"summary_large_image\" \/>\n<meta name=\"twitter:label1\" content=\"Estimated reading time\" \/>\n\t<meta name=\"twitter:data1\" content=\"1 minute\" \/>\n<script type=\"application\/ld+json\" class=\"yoast-schema-graph\">{\"@context\":\"https:\/\/schema.org\",\"@graph\":[{\"@type\":\"WebPage\",\"@id\":\"https:\/\/consuladogeral-angola.pt\/servicos\/emissao-de-declaracoes-diversas\/declaracao-para-o-sef-e-para-o-sme\/\",\"url\":\"https:\/\/consuladogeral-angola.pt\/servicos\/emissao-de-declaracoes-diversas\/declaracao-para-o-sef-e-para-o-sme\/\",\"name\":\"Declara\u00e7\u00e3o para o SEF e para o SME - Consulado Geral da Rep\u00fablica de Angola em Lisboa\",\"isPartOf\":{\"@id\":\"https:\/\/consuladogeral-angola.pt\/#website\"},\"datePublished\":\"2022-07-20T09:27:27+00:00\",\"dateModified\":\"2022-09-28T09:28:38+00:00\",\"breadcrumb\":{\"@id\":\"https:\/\/consuladogeral-angola.pt\/servicos\/emissao-de-declaracoes-diversas\/declaracao-para-o-sef-e-para-o-sme\/#breadcrumb\"},\"inLanguage\":\"en-GB\",\"potentialAction\":[{\"@type\":\"ReadAction\",\"target\":[\"https:\/\/consuladogeral-angola.pt\/servicos\/emissao-de-declaracoes-diversas\/declaracao-para-o-sef-e-para-o-sme\/\"]}]},{\"@type\":\"BreadcrumbList\",\"@id\":\"https:\/\/consuladogeral-angola.pt\/servicos\/emissao-de-declaracoes-diversas\/declaracao-para-o-sef-e-para-o-sme\/#breadcrumb\",\"itemListElement\":[{\"@type\":\"ListItem\",\"position\":1,\"name\":\"Home\",\"item\":\"https:\/\/consuladogeral-angola.pt\/\"},{\"@type\":\"ListItem\",\"position\":2,\"name\":\"Servi\u00e7os\",\"item\":\"https:\/\/consuladogeral-angola.pt\/servicos\/\"},{\"@type\":\"ListItem\",\"position\":3,\"name\":\"Emiss\u00e3o de Declara\u00e7\u00f5es Diversas\",\"item\":\"https:\/\/consuladogeral-angola.pt\/servicos\/emissao-de-declaracoes-diversas\/\"},{\"@type\":\"ListItem\",\"position\":4,\"name\":\"Declara\u00e7\u00e3o para o SEF e para o SME\"}]},{\"@type\":\"WebSite\",\"@id\":\"https:\/\/consuladogeral-angola.pt\/#website\",\"url\":\"https:\/\/consuladogeral-angola.pt\/\",\"name\":\"Consulado Geral da Rep\u00fablica de Angola em Lisboa\",\"description\":\"\",\"potentialAction\":[{\"@type\":\"SearchAction\",\"target\":{\"@type\":\"EntryPoint\",\"urlTemplate\":\"https:\/\/consuladogeral-angola.pt\/?s={search_term_string}\"},\"query-input\":{\"@type\":\"PropertyValueSpecification\",\"valueRequired\":true,\"valueName\":\"search_term_string\"}}],\"inLanguage\":\"en-GB\"}]}<\/script>\n<!-- \/ Yoast SEO plugin. -->","yoast_head_json":{"title":"Declara\u00e7\u00e3o para o SEF e para o SME - Consulado Geral da Rep\u00fablica de Angola em Lisboa","robots":{"index":"index","follow":"follow","max-snippet":"max-snippet:-1","max-image-preview":"max-image-preview:large","max-video-preview":"max-video-preview:-1"},"canonical":"https:\/\/consuladogeral-angola.pt\/en\/servicos\/emissao-de-declaracoes-diversas\/declaracao-para-o-sef-e-para-o-sme\/","og_locale":"en_GB","og_type":"article","og_title":"Declara\u00e7\u00e3o para o SEF e para o SME - Consulado Geral da Rep\u00fablica de Angola em Lisboa","og_description":"A declara\u00e7\u00e3o emitida, destinada ao Servi\u00e7o de Estrangeiros e Fronteiras de Portugal (SEF) atesta que determinado cidad\u00e3o angolano aguarda pelo Passaporte angolano. A declara\u00e7\u00e3o emitida, destinada ao Servi\u00e7o de Migra\u00e7\u00e3o e Estrangeiros de Angola (SME) tem por objectivo autorizar o utente a levar o processo para Luanda ou declarar que o utente est\u00e1 autorizado a levantar o Passaporte angolano junto do SME. Quer pedir uma declara\u00e7\u00e3o para o SEF e\/ ou para o SME? Pedir declara\u00e7\u00e3o para o SEF Pedir [&hellip;]","og_url":"https:\/\/consuladogeral-angola.pt\/en\/servicos\/emissao-de-declaracoes-diversas\/declaracao-para-o-sef-e-para-o-sme\/","og_site_name":"Consulado Geral da Rep\u00fablica de Angola em Lisboa","article_modified_time":"2022-09-28T09:28:38+00:00","twitter_card":"summary_large_image","twitter_misc":{"Estimated reading time":"1 minute"},"schema":{"@context":"https:\/\/schema.org","@graph":[{"@type":"WebPage","@id":"https:\/\/consuladogeral-angola.pt\/servicos\/emissao-de-declaracoes-diversas\/declaracao-para-o-sef-e-para-o-sme\/","url":"https:\/\/consuladogeral-angola.pt\/servicos\/emissao-de-declaracoes-diversas\/declaracao-para-o-sef-e-para-o-sme\/","name":"Declara\u00e7\u00e3o para o SEF e para o SME - Consulado Geral da Rep\u00fablica de Angola em Lisboa","isPartOf":{"@id":"https:\/\/consuladogeral-angola.pt\/#website"},"datePublished":"2022-07-20T09:27:27+00:00","dateModified":"2022-09-28T09:28:38+00:00","breadcrumb":{"@id":"https:\/\/consuladogeral-angola.pt\/servicos\/emissao-de-declaracoes-diversas\/declaracao-para-o-sef-e-para-o-sme\/#breadcrumb"},"inLanguage":"en-GB","potentialAction":[{"@type":"ReadAction","target":["https:\/\/consuladogeral-angola.pt\/servicos\/emissao-de-declaracoes-diversas\/declaracao-para-o-sef-e-para-o-sme\/"]}]},{"@type":"BreadcrumbList","@id":"https:\/\/consuladogeral-angola.pt\/servicos\/emissao-de-declaracoes-diversas\/declaracao-para-o-sef-e-para-o-sme\/#breadcrumb","itemListElement":[{"@type":"ListItem","position":1,"name":"Home","item":"https:\/\/consuladogeral-angola.pt\/"},{"@type":"ListItem","position":2,"name":"Servi\u00e7os","item":"https:\/\/consuladogeral-angola.pt\/servicos\/"},{"@type":"ListItem","position":3,"name":"Emiss\u00e3o de Declara\u00e7\u00f5es Diversas","item":"https:\/\/consuladogeral-angola.pt\/servicos\/emissao-de-declaracoes-diversas\/"},{"@type":"ListItem","position":4,"name":"Declara\u00e7\u00e3o para o SEF e para o SME"}]},{"@type":"WebSite","@id":"https:\/\/consuladogeral-angola.pt\/#website","url":"https:\/\/consuladogeral-angola.pt\/","name":"Consulate General of the Republic of Angola in Lisbon","description":"","potentialAction":[{"@type":"SearchAction","target":{"@type":"EntryPoint","urlTemplate":"https:\/\/consuladogeral-angola.pt\/?s={search_term_string}"},"query-input":{"@type":"PropertyValueSpecification","valueRequired":true,"valueName":"search_term_string"}}],"inLanguage":"en-GB"}]}},"_links":{"self":[{"href":"https:\/\/consuladogeral-angola.pt\/en\/wp-json\/wp\/v2\/pages\/609","targetHints":{"allow":["GET"]}}],"collection":[{"href":"https:\/\/consuladogeral-angola.pt\/en\/wp-json\/wp\/v2\/pages"}],"about":[{"href":"https:\/\/consuladogeral-angola.pt\/en\/wp-json\/wp\/v2\/types\/page"}],"author":[{"embeddable":true,"href":"https:\/\/consuladogeral-angola.pt\/en\/wp-json\/wp\/v2\/users\/1"}],"replies":[{"embeddable":true,"href":"https:\/\/consuladogeral-angola.pt\/en\/wp-json\/wp\/v2\/comments?post=609"}],"version-history":[{"count":25,"href":"https:\/\/consuladogeral-angola.pt\/en\/wp-json\/wp\/v2\/pages\/609\/revisions"}],"predecessor-version":[{"id":2059,"href":"https:\/\/consuladogeral-angola.pt\/en\/wp-json\/wp\/v2\/pages\/609\/revisions\/2059"}],"up":[{"embeddable":true,"href":"https:\/\/consuladogeral-angola.pt\/en\/wp-json\/wp\/v2\/pages\/366"}],"wp:attachment":[{"href":"https:\/\/consuladogeral-angola.pt\/en\/wp-json\/wp\/v2\/media?parent=609"}],"curies":[{"name":"wp","href":"https:\/\/api.w.org\/{rel}","templated":true}]}}